{"id":1200,"date":"2018-02-13T20:12:35","date_gmt":"2018-02-13T19:12:35","guid":{"rendered":"https:\/\/www.gerald-sommerer.de\/?page_id=1200"},"modified":"2019-02-19T22:12:47","modified_gmt":"2019-02-19T21:12:47","slug":"star-wars-tie-pilot-reserve-pilot-kostuem-2","status":"publish","type":"page","link":"https:\/\/www.gerald-sommerer.de\/?page_id=1200","title":{"rendered":"Star Wars &#8211; Imperial Navy Trooper \/ Kost\u00fcm"},"content":{"rendered":"\n<h4 class=\"wp-block-heading\"><b>Imperial Navy Trooper:<\/b><\/h4>\n\n\n\n<p>Im April 2018 approved. Melde mich zum Dienst! \ud83d\ude42<\/p>\n\n\n\n<hr class=\"wp-block-separator\"\/>\n\n\n\n<ul class=\"wp-block-gallery columns-2 is-cropped wp-block-gallery-2 is-layout-flex wp-block-gallery-is-layout-flex\"><li class=\"blocks-gallery-item\"><figure><a href=\"https:\/\/www.gerald-sommerer.de\/?attachment_id=2111\"><img loading=\"lazy\" decoding=\"async\" width=\"411\" height=\"1024\" src=\"https:\/\/www.gerald-sommerer.de\/wp-content\/uploads\/2019\/02\/gerald_sommerer_imperial_navy_trooper_vorne-411x1024.jpg\" alt=\"Gerald Sommerer Imperial Navy Trooper Vorne\" data-id=\"2111\" data-link=\"https:\/\/www.gerald-sommerer.de\/?attachment_id=2111\" class=\"wp-image-2111\" srcset=\"https:\/\/www.gerald-sommerer.de\/wp-content\/uploads\/2019\/02\/gerald_sommerer_imperial_navy_trooper_vorne-411x1024.jpg 411w, https:\/\/www.gerald-sommerer.de\/wp-content\/uploads\/2019\/02\/gerald_sommerer_imperial_navy_trooper_vorne-60x150.jpg 60w, https:\/\/www.gerald-sommerer.de\/wp-content\/uploads\/2019\/02\/gerald_sommerer_imperial_navy_trooper_vorne-120x300.jpg 120w, https:\/\/www.gerald-sommerer.de\/wp-content\/uploads\/2019\/02\/gerald_sommerer_imperial_navy_trooper_vorne-768x1913.jpg 768w, https:\/\/www.gerald-sommerer.de\/wp-content\/uploads\/2019\/02\/gerald_sommerer_imperial_navy_trooper_vorne.jpg 803w\" sizes=\"auto, (max-width: 411px) 85vw, 411px\" \/><\/a><\/figure><\/li><li class=\"blocks-gallery-item\"><figure><a href=\"https:\/\/www.gerald-sommerer.de\/?attachment_id=2110\"><img loading=\"lazy\" decoding=\"async\" width=\"298\" height=\"1024\" src=\"https:\/\/www.gerald-sommerer.de\/wp-content\/uploads\/2019\/02\/gerald_sommerer_imperial_navy_trooper_rechts-298x1024.jpg\" alt=\"Gerald Sommerer Imperial Navy Trooper Rechts\" data-id=\"2110\" data-link=\"https:\/\/www.gerald-sommerer.de\/?attachment_id=2110\" class=\"wp-image-2110\" srcset=\"https:\/\/www.gerald-sommerer.de\/wp-content\/uploads\/2019\/02\/gerald_sommerer_imperial_navy_trooper_rechts-298x1024.jpg 298w, https:\/\/www.gerald-sommerer.de\/wp-content\/uploads\/2019\/02\/gerald_sommerer_imperial_navy_trooper_rechts-44x150.jpg 44w, https:\/\/www.gerald-sommerer.de\/wp-content\/uploads\/2019\/02\/gerald_sommerer_imperial_navy_trooper_rechts-87x300.jpg 87w\" sizes=\"auto, (max-width: 298px) 85vw, 298px\" \/><\/a><\/figure><\/li><li class=\"blocks-gallery-item\"><figure><a href=\"https:\/\/www.gerald-sommerer.de\/?attachment_id=2109\"><img loading=\"lazy\" decoding=\"async\" width=\"768\" height=\"1024\" src=\"https:\/\/www.gerald-sommerer.de\/wp-content\/uploads\/2019\/02\/gerald_sommerer_imperial_navy_trooper_profil-768x1024.jpg\" alt=\"Gerald Sommerer Imperial Navy Trooper Profil\" data-id=\"2109\" data-link=\"https:\/\/www.gerald-sommerer.de\/?attachment_id=2109\" class=\"wp-image-2109\" srcset=\"https:\/\/www.gerald-sommerer.de\/wp-content\/uploads\/2019\/02\/gerald_sommerer_imperial_navy_trooper_profil-768x1024.jpg 768w, https:\/\/www.gerald-sommerer.de\/wp-content\/uploads\/2019\/02\/gerald_sommerer_imperial_navy_trooper_profil-113x150.jpg 113w, https:\/\/www.gerald-sommerer.de\/wp-content\/uploads\/2019\/02\/gerald_sommerer_imperial_navy_trooper_profil-225x300.jpg 225w, https:\/\/www.gerald-sommerer.de\/wp-content\/uploads\/2019\/02\/gerald_sommerer_imperial_navy_trooper_profil-1200x1600.jpg 1200w, https:\/\/www.gerald-sommerer.de\/wp-content\/uploads\/2019\/02\/gerald_sommerer_imperial_navy_trooper_profil.jpg 1500w\" sizes=\"auto, (max-width: 768px) 85vw, 768px\" \/><\/a><\/figure><\/li><li class=\"blocks-gallery-item\"><figure><a href=\"https:\/\/www.gerald-sommerer.de\/?attachment_id=2107\"><img loading=\"lazy\" decoding=\"async\" width=\"283\" height=\"1024\" src=\"https:\/\/www.gerald-sommerer.de\/wp-content\/uploads\/2019\/02\/gerald_sommerer_imperial_navy_trooper_links-283x1024.jpg\" alt=\"Gerald Sommerer Imperial Navy Trooper Links\" data-id=\"2107\" data-link=\"https:\/\/www.gerald-sommerer.de\/?attachment_id=2107\" class=\"wp-image-2107\" srcset=\"https:\/\/www.gerald-sommerer.de\/wp-content\/uploads\/2019\/02\/gerald_sommerer_imperial_navy_trooper_links-283x1024.jpg 283w, https:\/\/www.gerald-sommerer.de\/wp-content\/uploads\/2019\/02\/gerald_sommerer_imperial_navy_trooper_links-83x300.jpg 83w, https:\/\/www.gerald-sommerer.de\/wp-content\/uploads\/2019\/02\/gerald_sommerer_imperial_navy_trooper_links.jpg 552w\" sizes=\"auto, (max-width: 283px) 85vw, 283px\" \/><\/a><\/figure><\/li><li class=\"blocks-gallery-item\"><figure><a href=\"https:\/\/www.gerald-sommerer.de\/?attachment_id=2108\"><img loading=\"lazy\" decoding=\"async\" width=\"412\" height=\"1024\" src=\"https:\/\/www.gerald-sommerer.de\/wp-content\/uploads\/2019\/02\/gerald_sommerer_imperial_navy_trooper_pose-412x1024.jpg\" alt=\"Gerald Sommerer Imperial Navy Trooper Pose\" data-id=\"2108\" data-link=\"https:\/\/www.gerald-sommerer.de\/?attachment_id=2108\" class=\"wp-image-2108\" srcset=\"https:\/\/www.gerald-sommerer.de\/wp-content\/uploads\/2019\/02\/gerald_sommerer_imperial_navy_trooper_pose-412x1024.jpg 412w, https:\/\/www.gerald-sommerer.de\/wp-content\/uploads\/2019\/02\/gerald_sommerer_imperial_navy_trooper_pose-60x150.jpg 60w, https:\/\/www.gerald-sommerer.de\/wp-content\/uploads\/2019\/02\/gerald_sommerer_imperial_navy_trooper_pose-121x300.jpg 121w, https:\/\/www.gerald-sommerer.de\/wp-content\/uploads\/2019\/02\/gerald_sommerer_imperial_navy_trooper_pose-768x1908.jpg 768w, https:\/\/www.gerald-sommerer.de\/wp-content\/uploads\/2019\/02\/gerald_sommerer_imperial_navy_trooper_pose.jpg 805w\" sizes=\"auto, (max-width: 412px) 85vw, 412px\" \/><\/a><\/figure><\/li><li class=\"blocks-gallery-item\"><figure><a href=\"https:\/\/www.gerald-sommerer.de\/?attachment_id=2106\"><img loading=\"lazy\" decoding=\"async\" width=\"768\" height=\"1024\" src=\"https:\/\/www.gerald-sommerer.de\/wp-content\/uploads\/2019\/02\/gerald_sommerer_imperial_navy_trooper_animuc_2018_03-768x1024.jpg\" alt=\"Gerald Sommerer Imperial Navy Trooper Animuc 2018 03\" data-id=\"2106\" data-link=\"https:\/\/www.gerald-sommerer.de\/?attachment_id=2106\" class=\"wp-image-2106\" srcset=\"https:\/\/www.gerald-sommerer.de\/wp-content\/uploads\/2019\/02\/gerald_sommerer_imperial_navy_trooper_animuc_2018_03-768x1024.jpg 768w, https:\/\/www.gerald-sommerer.de\/wp-content\/uploads\/2019\/02\/gerald_sommerer_imperial_navy_trooper_animuc_2018_03-113x150.jpg 113w, https:\/\/www.gerald-sommerer.de\/wp-content\/uploads\/2019\/02\/gerald_sommerer_imperial_navy_trooper_animuc_2018_03-225x300.jpg 225w, https:\/\/www.gerald-sommerer.de\/wp-content\/uploads\/2019\/02\/gerald_sommerer_imperial_navy_trooper_animuc_2018_03-1200x1600.jpg 1200w, https:\/\/www.gerald-sommerer.de\/wp-content\/uploads\/2019\/02\/gerald_sommerer_imperial_navy_trooper_animuc_2018_03.jpg 1500w\" sizes=\"auto, (max-width: 768px) 85vw, 768px\" \/><\/a><\/figure><\/li><li class=\"blocks-gallery-item\"><figure><a href=\"https:\/\/www.gerald-sommerer.de\/?attachment_id=2105\"><img loading=\"lazy\" decoding=\"async\" width=\"768\" height=\"1024\" src=\"https:\/\/www.gerald-sommerer.de\/wp-content\/uploads\/2019\/02\/gerald_sommerer_imperial_navy_trooper_animuc_2018_02-768x1024.jpg\" alt=\"Gerald Sommerer Imperial Navy Trooper Animuc 2018 02\" data-id=\"2105\" data-link=\"https:\/\/www.gerald-sommerer.de\/?attachment_id=2105\" class=\"wp-image-2105\" srcset=\"https:\/\/www.gerald-sommerer.de\/wp-content\/uploads\/2019\/02\/gerald_sommerer_imperial_navy_trooper_animuc_2018_02-768x1024.jpg 768w, https:\/\/www.gerald-sommerer.de\/wp-content\/uploads\/2019\/02\/gerald_sommerer_imperial_navy_trooper_animuc_2018_02-113x150.jpg 113w, https:\/\/www.gerald-sommerer.de\/wp-content\/uploads\/2019\/02\/gerald_sommerer_imperial_navy_trooper_animuc_2018_02-225x300.jpg 225w, https:\/\/www.gerald-sommerer.de\/wp-content\/uploads\/2019\/02\/gerald_sommerer_imperial_navy_trooper_animuc_2018_02-1200x1600.jpg 1200w, https:\/\/www.gerald-sommerer.de\/wp-content\/uploads\/2019\/02\/gerald_sommerer_imperial_navy_trooper_animuc_2018_02.jpg 1500w\" sizes=\"auto, (max-width: 768px) 85vw, 768px\" \/><\/a><\/figure><\/li><li class=\"blocks-gallery-item\"><figure><a href=\"https:\/\/www.gerald-sommerer.de\/?attachment_id=2104\"><img loading=\"lazy\" decoding=\"async\" width=\"768\" height=\"1024\" src=\"https:\/\/www.gerald-sommerer.de\/wp-content\/uploads\/2019\/02\/gerald_sommerer_imperial_navy_trooper_animuc_2018_01-768x1024.jpg\" alt=\"Gerald Sommerer Imperial Navy Trooper Animuc 2018 01\" data-id=\"2104\" data-link=\"https:\/\/www.gerald-sommerer.de\/?attachment_id=2104\" class=\"wp-image-2104\" srcset=\"https:\/\/www.gerald-sommerer.de\/wp-content\/uploads\/2019\/02\/gerald_sommerer_imperial_navy_trooper_animuc_2018_01-768x1024.jpg 768w, https:\/\/www.gerald-sommerer.de\/wp-content\/uploads\/2019\/02\/gerald_sommerer_imperial_navy_trooper_animuc_2018_01-113x150.jpg 113w, https:\/\/www.gerald-sommerer.de\/wp-content\/uploads\/2019\/02\/gerald_sommerer_imperial_navy_trooper_animuc_2018_01-225x300.jpg 225w, https:\/\/www.gerald-sommerer.de\/wp-content\/uploads\/2019\/02\/gerald_sommerer_imperial_navy_trooper_animuc_2018_01-1200x1600.jpg 1200w, https:\/\/www.gerald-sommerer.de\/wp-content\/uploads\/2019\/02\/gerald_sommerer_imperial_navy_trooper_animuc_2018_01.jpg 1500w\" sizes=\"auto, (max-width: 768px) 85vw, 768px\" \/><\/a><\/figure><\/li><\/ul>\n\n\n\n<hr class=\"wp-block-separator\"\/>\n\n\n\n<p><strong>F\u00fcr das Kost\u00fcm verwende ich folgende Teile:<\/strong><\/p>\n\n\n\n<p><strong>Required Costume Components:<\/strong><\/p>\n\n\n\n<p>Imperial Navy Helmet: Franky Vahlke<\/p>\n\n\n\n<p>Black Imperial Flight Suit: WampaWear<br>Imperial Patches, Vinyl<\/p>\n\n\n\n<p>Belt, leather: Klaus&#8217;s Fr\u00e4sst\u00fcberl<br>Buckle, curved: Klaus&#8217;s Fr\u00e4sst\u00fcberl<br>Code Disc: Klaus&#8217;s Fr\u00e4sst\u00fcberl<\/p>\n\n\n\n<p>Boots, leather, BW Marine Knobelbecher: Ebay<\/p>\n\n\n\n<hr class=\"wp-block-separator\"\/>\n\n\n\n<p><strong>Optional Accessories:<\/strong><\/p>\n\n\n\n<p>Code Cylinder, 2 x: Klaus&#8217;s Fr\u00e4sst\u00fcberl<\/p>\n\n\n\n<p>Imperial Communications Pad, black, no LEDs: Klaus&#8217;s Fr\u00e4sst\u00fcberl<\/p>\n\n\n\n<p>Black Gauntlet Gloves, leather: WampaWear<\/p>\n\n\n\n<p>2 Belt Boxes: Tosche Traders<\/p>\n\n\n\n<p>DL-21: Alfredo<\/p>\n\n\n\n<p>Holster, black, leather:&nbsp;DarmansProps<\/p>\n\n\n\n<hr class=\"wp-block-separator\"\/>\n\n\n\n<p><span style=\"font-size: xx-small;\"><br>Legal notice:<br>This is a private fansite. I like Star Wars very much. This is all this website is about.<br>This site is not endorsed by Lucasfilm Ltd. or The Walt Disney Company and is intended for entertainment and information purposes only.<br>The Official Star Wars site can be found at&nbsp;<a href=\"http:\/\/www.starwars.com\" target=\"_blank\" rel=\"noopener noreferrer\">www.starwars.com<\/a>.<br>Star Wars, the Star Wars logo, all names and pictures of Star Wars characters, vehicles and any other Star Wars related items are registered trademarks and\/or copyrights of Lucasfilm Ltd., or their respective trademark and copyright holders.<br><\/span><\/p>\n","protected":false},"excerpt":{"rendered":"<p>Imperial Navy Trooper: Im April 2018 approved. Melde mich zum Dienst! \ud83d\ude42 F\u00fcr das Kost\u00fcm verwende ich folgende Teile: Required Costume Components: Imperial Navy Helmet: Franky Vahlke Black Imperial Flight Suit: WampaWearImperial Patches, Vinyl Belt, leather: Klaus&#8217;s Fr\u00e4sst\u00fcberlBuckle, curved: Klaus&#8217;s Fr\u00e4sst\u00fcberlCode Disc: Klaus&#8217;s Fr\u00e4sst\u00fcberl Boots, leather, BW Marine Knobelbecher: Ebay Optional Accessories: Code Cylinder, 2 &hellip; <a href=\"https:\/\/www.gerald-sommerer.de\/?page_id=1200\" class=\"more-link\"><span class=\"screen-reader-text\">\u201eStar Wars &#8211; Imperial Navy Trooper \/ Kost\u00fcm\u201c <\/span>weiterlesen<\/a><\/p>\n","protected":false},"author":1,"featured_media":0,"parent":0,"menu_order":0,"comment_status":"closed","ping_status":"closed","template":"","meta":{"footnotes":""},"class_list":["post-1200","page","type-page","status-publish","hentry"],"_links":{"self":[{"href":"https:\/\/www.gerald-sommerer.de\/index.php?rest_route=\/wp\/v2\/pages\/1200","targetHints":{"allow":["GET"]}}],"collection":[{"href":"https:\/\/www.gerald-sommerer.de\/index.php?rest_route=\/wp\/v2\/pages"}],"about":[{"href":"https:\/\/www.gerald-sommerer.de\/index.php?rest_route=\/wp\/v2\/types\/page"}],"author":[{"embeddable":true,"href":"https:\/\/www.gerald-sommerer.de\/index.php?rest_route=\/wp\/v2\/users\/1"}],"replies":[{"embeddable":true,"href":"https:\/\/www.gerald-sommerer.de\/index.php?rest_route=%2Fwp%2Fv2%2Fcomments&post=1200"}],"version-history":[{"count":9,"href":"https:\/\/www.gerald-sommerer.de\/index.php?rest_route=\/wp\/v2\/pages\/1200\/revisions"}],"predecessor-version":[{"id":2114,"href":"https:\/\/www.gerald-sommerer.de\/index.php?rest_route=\/wp\/v2\/pages\/1200\/revisions\/2114"}],"wp:attachment":[{"href":"https:\/\/www.gerald-sommerer.de\/index.php?rest_route=%2Fwp%2Fv2%2Fmedia&parent=1200"}],"curies":[{"name":"wp","href":"https:\/\/api.w.org\/{rel}","templated":true}]}}