{"id":1541,"date":"2019-01-11T21:04:14","date_gmt":"2019-01-11T20:04:14","guid":{"rendered":"https:\/\/www.gerald-sommerer.de\/?page_id=1541"},"modified":"2019-02-17T19:53:21","modified_gmt":"2019-02-17T18:53:21","slug":"star-wars-tie-pilot-anh-kostuem-3-2","status":"publish","type":"page","link":"https:\/\/www.gerald-sommerer.de\/?page_id=1541","title":{"rendered":"Star Wars &#8211; AT-ST Driver \/ Kost\u00fcm"},"content":{"rendered":"\n<h4 class=\"wp-block-heading\">AT-ST Driver<\/h4>\n\n\n\n<p>So, mal was Graues&#8230; \ud83d\ude09<br>Approved im Januar 2019. Klasse! <\/p>\n\n\n\n<hr class=\"wp-block-separator\"\/>\n\n\n\n<ul class=\"wp-block-gallery columns-3 is-cropped wp-block-gallery-2 is-layout-flex wp-block-gallery-is-layout-flex\"><li class=\"blocks-gallery-item\"><figure><a href=\"https:\/\/www.gerald-sommerer.de\/?attachment_id=2009\"><img loading=\"lazy\" decoding=\"async\" width=\"373\" height=\"1024\" src=\"https:\/\/www.gerald-sommerer.de\/wp-content\/uploads\/2019\/02\/gerald_sommerer_at_st_driver_pose1-373x1024.jpg\" alt=\"Gerald Sommerer AT-ST Driver Pose1\" data-id=\"2009\" data-link=\"https:\/\/www.gerald-sommerer.de\/?attachment_id=2009\" class=\"wp-image-2009\" srcset=\"https:\/\/www.gerald-sommerer.de\/wp-content\/uploads\/2019\/02\/gerald_sommerer_at_st_driver_pose1-373x1024.jpg 373w, https:\/\/www.gerald-sommerer.de\/wp-content\/uploads\/2019\/02\/gerald_sommerer_at_st_driver_pose1-55x150.jpg 55w, https:\/\/www.gerald-sommerer.de\/wp-content\/uploads\/2019\/02\/gerald_sommerer_at_st_driver_pose1-109x300.jpg 109w, https:\/\/www.gerald-sommerer.de\/wp-content\/uploads\/2019\/02\/gerald_sommerer_at_st_driver_pose1.jpg 728w\" sizes=\"auto, (max-width: 373px) 85vw, 373px\" \/><\/a><\/figure><\/li><li class=\"blocks-gallery-item\"><figure><a href=\"https:\/\/www.gerald-sommerer.de\/?attachment_id=2012\"><img loading=\"lazy\" decoding=\"async\" width=\"297\" height=\"1024\" src=\"https:\/\/www.gerald-sommerer.de\/wp-content\/uploads\/2019\/02\/gerald_sommerer_at_st_driver_rechts-297x1024.jpg\" alt=\"Gerald Sommerer AT-ST Driver rechts\" data-id=\"2012\" data-link=\"https:\/\/www.gerald-sommerer.de\/?attachment_id=2012\" class=\"wp-image-2012\" srcset=\"https:\/\/www.gerald-sommerer.de\/wp-content\/uploads\/2019\/02\/gerald_sommerer_at_st_driver_rechts-297x1024.jpg 297w, https:\/\/www.gerald-sommerer.de\/wp-content\/uploads\/2019\/02\/gerald_sommerer_at_st_driver_rechts-87x300.jpg 87w, https:\/\/www.gerald-sommerer.de\/wp-content\/uploads\/2019\/02\/gerald_sommerer_at_st_driver_rechts.jpg 580w\" sizes=\"auto, (max-width: 297px) 85vw, 297px\" \/><\/a><\/figure><\/li><li class=\"blocks-gallery-item\"><figure><a href=\"https:\/\/www.gerald-sommerer.de\/?attachment_id=2008\"><img loading=\"lazy\" decoding=\"async\" width=\"295\" height=\"1024\" src=\"https:\/\/www.gerald-sommerer.de\/wp-content\/uploads\/2019\/02\/gerald_sommerer_at_st_driver_links-295x1024.jpg\" alt=\"Gerald Sommerer AT-ST Driver links\" data-id=\"2008\" data-link=\"https:\/\/www.gerald-sommerer.de\/?attachment_id=2008\" class=\"wp-image-2008\" srcset=\"https:\/\/www.gerald-sommerer.de\/wp-content\/uploads\/2019\/02\/gerald_sommerer_at_st_driver_links-295x1024.jpg 295w, https:\/\/www.gerald-sommerer.de\/wp-content\/uploads\/2019\/02\/gerald_sommerer_at_st_driver_links-43x150.jpg 43w, https:\/\/www.gerald-sommerer.de\/wp-content\/uploads\/2019\/02\/gerald_sommerer_at_st_driver_links.jpg 577w\" sizes=\"auto, (max-width: 295px) 85vw, 295px\" \/><\/a><\/figure><\/li><li class=\"blocks-gallery-item\"><figure><a href=\"https:\/\/www.gerald-sommerer.de\/?attachment_id=2010\"><img loading=\"lazy\" decoding=\"async\" width=\"396\" height=\"1024\" src=\"https:\/\/www.gerald-sommerer.de\/wp-content\/uploads\/2019\/02\/gerald_sommerer_at_st_driver_pose2-396x1024.jpg\" alt=\"Gerald Sommerer AT-ST Driver Pose2\" data-id=\"2010\" data-link=\"https:\/\/www.gerald-sommerer.de\/?attachment_id=2010\" class=\"wp-image-2010\" srcset=\"https:\/\/www.gerald-sommerer.de\/wp-content\/uploads\/2019\/02\/gerald_sommerer_at_st_driver_pose2-396x1024.jpg 396w, https:\/\/www.gerald-sommerer.de\/wp-content\/uploads\/2019\/02\/gerald_sommerer_at_st_driver_pose2-58x150.jpg 58w, https:\/\/www.gerald-sommerer.de\/wp-content\/uploads\/2019\/02\/gerald_sommerer_at_st_driver_pose2-116x300.jpg 116w, https:\/\/www.gerald-sommerer.de\/wp-content\/uploads\/2019\/02\/gerald_sommerer_at_st_driver_pose2-768x1984.jpg 768w, https:\/\/www.gerald-sommerer.de\/wp-content\/uploads\/2019\/02\/gerald_sommerer_at_st_driver_pose2.jpg 774w\" sizes=\"auto, (max-width: 396px) 85vw, 396px\" \/><\/a><\/figure><\/li><li class=\"blocks-gallery-item\"><figure><a href=\"https:\/\/www.gerald-sommerer.de\/?attachment_id=2013\"><img loading=\"lazy\" decoding=\"async\" width=\"416\" height=\"1024\" src=\"https:\/\/www.gerald-sommerer.de\/wp-content\/uploads\/2019\/02\/gerald_sommerer_at_st_driver_vorne-416x1024.jpg\" alt=\"Gerald Sommerer AT-ST Driver vorne\" data-id=\"2013\" data-link=\"https:\/\/www.gerald-sommerer.de\/?attachment_id=2013\" class=\"wp-image-2013\" srcset=\"https:\/\/www.gerald-sommerer.de\/wp-content\/uploads\/2019\/02\/gerald_sommerer_at_st_driver_vorne-416x1024.jpg 416w, https:\/\/www.gerald-sommerer.de\/wp-content\/uploads\/2019\/02\/gerald_sommerer_at_st_driver_vorne-61x150.jpg 61w, https:\/\/www.gerald-sommerer.de\/wp-content\/uploads\/2019\/02\/gerald_sommerer_at_st_driver_vorne-122x300.jpg 122w, https:\/\/www.gerald-sommerer.de\/wp-content\/uploads\/2019\/02\/gerald_sommerer_at_st_driver_vorne-768x1889.jpg 768w, https:\/\/www.gerald-sommerer.de\/wp-content\/uploads\/2019\/02\/gerald_sommerer_at_st_driver_vorne.jpg 813w\" sizes=\"auto, (max-width: 416px) 85vw, 416px\" \/><\/a><\/figure><\/li><li class=\"blocks-gallery-item\"><figure><a href=\"https:\/\/www.gerald-sommerer.de\/?attachment_id=2011\"><img loading=\"lazy\" decoding=\"async\" width=\"438\" height=\"1024\" src=\"https:\/\/www.gerald-sommerer.de\/wp-content\/uploads\/2019\/02\/gerald_sommerer_at_st_driver_pose3-438x1024.jpg\" alt=\"Gerald Sommerer AT-ST Driver Pose3\" data-id=\"2011\" data-link=\"https:\/\/www.gerald-sommerer.de\/?attachment_id=2011\" class=\"wp-image-2011\" srcset=\"https:\/\/www.gerald-sommerer.de\/wp-content\/uploads\/2019\/02\/gerald_sommerer_at_st_driver_pose3-438x1024.jpg 438w, https:\/\/www.gerald-sommerer.de\/wp-content\/uploads\/2019\/02\/gerald_sommerer_at_st_driver_pose3-64x150.jpg 64w, https:\/\/www.gerald-sommerer.de\/wp-content\/uploads\/2019\/02\/gerald_sommerer_at_st_driver_pose3-128x300.jpg 128w, https:\/\/www.gerald-sommerer.de\/wp-content\/uploads\/2019\/02\/gerald_sommerer_at_st_driver_pose3-768x1794.jpg 768w, https:\/\/www.gerald-sommerer.de\/wp-content\/uploads\/2019\/02\/gerald_sommerer_at_st_driver_pose3.jpg 856w\" sizes=\"auto, (max-width: 438px) 85vw, 438px\" \/><\/a><\/figure><\/li><\/ul>\n\n\n\n<hr class=\"wp-block-separator\"\/>\n\n\n\n<p><strong>F\u00fcr das Kost\u00fcm habe ich folgende Teile verwendet:<\/strong><\/p>\n\n\n\n<p><strong>Required Costume Components:<\/strong><\/p>\n\n\n\n<p>Helmet: Troopermaster &#8211; TMProps<\/p>\n\n\n\n<p>Goggles: Troopermaster &#8211; TMProps<\/p>\n\n\n\n<p>Grey Imperial Flight Suit: HeroTecX<br><\/p>\n\n\n\n<p>Communications Pad, white, no LEDs: Klaus&#8217;s Fr\u00e4sst\u00fcberl<\/p>\n\n\n\n<p>Black Gauntlet Gloves, leather: WampaWear<\/p>\n\n\n\n<p>Belt, leather: Klaus&#8217;s Fr\u00e4sst\u00fcberl<br>Buckle, curved: Klaus&#8217;s Fr\u00e4sst\u00fcberl<br>Code Disc: Klaus&#8217;s Fr\u00e4sst\u00fcberl<\/p>\n\n\n\n<p>Boots, leather, BW Marine Knobelbecher: Ebay, keine L\u00f6cher<\/p>\n\n\n\n<hr class=\"wp-block-separator\"\/>\n\n\n\n<p><strong>Optional Accessories:<\/strong><\/p>\n\n\n\n<p>E-11 Blaster: Tie Kai<\/p>\n\n\n\n<hr class=\"wp-block-separator\"\/>\n\n\n\n<p><span style=\"font-size: xx-small;\"><br>Legal notice:<br>This is a private fansite. I like Star Wars very much. This is all this website is about.<br>This site is not endorsed by Lucasfilm Ltd. or The Walt Disney Company and is intended for entertainment and information purposes only.<br>The Official Star Wars site can be found at&nbsp;<a href=\"http:\/\/www.starwars.com\" target=\"_blank\" rel=\"noopener noreferrer\">www.starwars.com<\/a>.<br>Star Wars, the Star Wars logo, all names and pictures of Star Wars characters, vehicles and any other Star Wars related items are registered trademarks and\/or copyrights of Lucasfilm Ltd., or their respective trademark and copyright holders.<br><\/span><\/p>\n","protected":false},"excerpt":{"rendered":"<p>AT-ST Driver So, mal was Graues&#8230; \ud83d\ude09Approved im Januar 2019. Klasse! F\u00fcr das Kost\u00fcm habe ich folgende Teile verwendet: Required Costume Components: Helmet: Troopermaster &#8211; TMProps Goggles: Troopermaster &#8211; TMProps Grey Imperial Flight Suit: HeroTecX Communications Pad, white, no LEDs: Klaus&#8217;s Fr\u00e4sst\u00fcberl Black Gauntlet Gloves, leather: WampaWear Belt, leather: Klaus&#8217;s Fr\u00e4sst\u00fcberlBuckle, curved: Klaus&#8217;s Fr\u00e4sst\u00fcberlCode Disc: &hellip; <a href=\"https:\/\/www.gerald-sommerer.de\/?page_id=1541\" class=\"more-link\"><span class=\"screen-reader-text\">\u201eStar Wars &#8211; AT-ST Driver \/ Kost\u00fcm\u201c <\/span>weiterlesen<\/a><\/p>\n","protected":false},"author":1,"featured_media":0,"parent":0,"menu_order":0,"comment_status":"closed","ping_status":"closed","template":"","meta":{"footnotes":""},"class_list":["post-1541","page","type-page","status-publish","hentry"],"_links":{"self":[{"href":"https:\/\/www.gerald-sommerer.de\/index.php?rest_route=\/wp\/v2\/pages\/1541","targetHints":{"allow":["GET"]}}],"collection":[{"href":"https:\/\/www.gerald-sommerer.de\/index.php?rest_route=\/wp\/v2\/pages"}],"about":[{"href":"https:\/\/www.gerald-sommerer.de\/index.php?rest_route=\/wp\/v2\/types\/page"}],"author":[{"embeddable":true,"href":"https:\/\/www.gerald-sommerer.de\/index.php?rest_route=\/wp\/v2\/users\/1"}],"replies":[{"embeddable":true,"href":"https:\/\/www.gerald-sommerer.de\/index.php?rest_route=%2Fwp%2Fv2%2Fcomments&post=1541"}],"version-history":[{"count":10,"href":"https:\/\/www.gerald-sommerer.de\/index.php?rest_route=\/wp\/v2\/pages\/1541\/revisions"}],"predecessor-version":[{"id":2029,"href":"https:\/\/www.gerald-sommerer.de\/index.php?rest_route=\/wp\/v2\/pages\/1541\/revisions\/2029"}],"wp:attachment":[{"href":"https:\/\/www.gerald-sommerer.de\/index.php?rest_route=%2Fwp%2Fv2%2Fmedia&parent=1541"}],"curies":[{"name":"wp","href":"https:\/\/api.w.org\/{rel}","templated":true}]}}