{"id":1796,"date":"2019-02-10T18:50:13","date_gmt":"2019-02-10T17:50:13","guid":{"rendered":"https:\/\/www.gerald-sommerer.de\/?page_id=1796"},"modified":"2025-01-07T20:02:02","modified_gmt":"2025-01-07T19:02:02","slug":"star-wars-tipps-fuer-das-erste-eigene-kostuem","status":"publish","type":"page","link":"https:\/\/www.gerald-sommerer.de\/?page_id=1796","title":{"rendered":"Star Wars &#8211; Tipps f\u00fcr das erste eigene Kost\u00fcm"},"content":{"rendered":"\n<p>Diese Seite enth\u00e4lt Informationen f\u00fcr alle Star Wars Fans, die sich auch ein tolles, filmakkurates Kost\u00fcm zulegen wollen.<\/p>\n\n\n\n<p> Der Weg zum ersten eigenen, hochwertigen Star Wars Kost\u00fcm ist nicht wirklich schwierig, es gilt aber einige Hinweise zu beachten und bestimmte Fallstricke zu vermeiden.<\/p>\n\n\n\n<p><strong>Der erste und wichtigste Tipp:<\/strong><br><strong>Informiert Euch gut und ausf\u00fchrlich, bevor ihr Geld ausgebt und\/oder wild das Basteln anfangt.<\/strong><br> Vorsicht mit Ebay, Amazon und auch Etsy! Dort wird leider viel Schrott angeboten. Mit dem Begriff &#8222;Star Wars&#8220; versuchen viele zwielichtige H\u00e4ndler schnelles Geld zu verdienen. Selbst h\u00f6herpreisige Angebote sind dort oft von ganz schlechter Qualit\u00e4t.<\/p>\n\n\n\n<hr class=\"wp-block-separator has-css-opacity\"\/>\n\n\n\n<p> <strong>Gute Informationsquellen sind:<\/strong><\/p>\n\n\n\n<p> <strong>Die 501st Legion:<\/strong><\/p>\n\n\n\n<p> Bei Interesse an einem coolen Kost\u00fcm der &#8222;B\u00f6sen&#8220;, besucht die Seite der 501st Legion!<br> Die 501st Legion ist der weltweit gr\u00f6\u00dfte Star Wars Kost\u00fcmverein.<br> Der deutsche Teil der 501st Legion ist die &#8222;German Garrison&#8220;.<br> 501st Legion im Web: <a rel=\"noreferrer noopener\" aria-label=\"www.501st.com (\u00f6ffnet in neuem Tab)\" href=\"http:\/\/www.501st.com\" target=\"_blank\">www.501st.com<\/a><br> German Garrison im Web: <a href=\"http:\/\/www.501st.de\" target=\"_blank\" rel=\"noreferrer noopener\" aria-label=\"www.501st.de (\u00f6ffnet in neuem Tab)\">www.501st.de<\/a><\/p>\n\n\n\n<p>Die German Garrison betreibt ein \u00f6ffentlich Forum:<br><a href=\"https:\/\/forum.501st.de\" target=\"_blank\" rel=\"noreferrer noopener\">https:\/\/forum.501st.de<\/a><br>Hier finden sich erste wertvolle Hinweise zu den Kost\u00fcmen. <br><br>Die 501st Legion stellt f\u00fcr zahlreiche Kost\u00fcme detaillierte Beschreibungen \u00fcber deren Gestaltung bereit. Die sog. CRLs:<br><a href=\"https:\/\/databank.501st.com\/databank\/Costuming:CRLbyname\" target=\"_blank\" rel=\"noreferrer noopener\">https:\/\/databank.501st.com\/databank\/Costuming:CRLbyname<\/a><\/p>\n\n\n\n<p>Als Laie kommt man mit den CRLs aber oft nicht so gut klar, man braucht im Regelfall zus\u00e4tzliche Hilfe und Erl\u00e4uterungen. Eine sehr gute Informationsquelle aber meist in englischer Sprache, sind die Foren der einzelnen &#8222;Detachments&#8220; der 501st Legion.<br>Thematisch zusammengeh\u00f6rige Kost\u00fcme, bilden ein sog. Detachment.<br> Z.B. bilden alle TIE-Piloten die &#8222;Jolly Roger Squadron&#8220;. <br><br>Auf der CRL Seite (siehe oben) des f\u00fcr Euch interessanten Kost\u00fcms, findet ihr immer auch die Angabe zum Detachment.<br>Ein Klick darauf f\u00fchrt Euch direkt zur entsprechenden Webseite.<br>Z.B. die Jolly Roger Squadron, bzw. hier gleich das Forum:<br><a href=\"https:\/\/www.jrs501st.com\" target=\"_blank\" rel=\"noreferrer noopener\">https:\/\/www.jrs501st.com<\/a><br><br>Keine Scheu, ihr k\u00f6nnt Euch dort ganz leicht registrieren, auch wenn ihr noch nicht zur 501st Legion geh\u00f6rt. Ist mit einigen Mausklicks erledigt und ihr habt Zugang zu einer super Infoquelle f\u00fcr diese Kost\u00fcme.<br>Schaut Euch erst mal in aller Ruhe und ausf\u00fchrlich um. Wenn sich dann weitere Fragen ergeben oder ihr Hilfe braucht, postet Euer Anliegen einfach im passenden Teil des Forums.<\/p>\n\n\n\n<hr class=\"wp-block-separator has-css-opacity\"\/>\n\n\n\n<p><strong> Rebel Legion:<\/strong><\/p>\n\n\n\n<p>Die Kost\u00fcm der &#8222;Guten&#8220; finden sich bei Rebel Legion.<br>Der deutsche Teil, ist die &#8222;German Base Yavin&#8220;:<br><a href=\"https:\/\/www.germanbaseyavin.com\" target=\"_blank\" rel=\"noreferrer noopener\">https:\/\/www.germanbaseyavin.com<\/a><br><\/p>\n\n\n\n<p>Auch dort gibt es ein Forum zur Information:<br><a rel=\"noreferrer noopener\" aria-label=\"http:\/\/forum.rebellegion.com\/forum\/viewforum.php?f=32 (\u00f6ffnet in neuem Tab)\" href=\"http:\/\/forum.rebellegion.com\/forum\/viewforum.php?f=32\" target=\"_blank\">http:\/\/forum.rebellegion.com\/forum\/viewforum.php?f=32<\/a><br><\/p>\n\n\n\n<hr class=\"wp-block-separator has-css-opacity\"\/>\n\n\n\n<p><strong> Die SciFi Narischen:<\/strong><\/p>\n\n\n\n<p>Die SciFi Narischen sind ein Kost\u00fcmverein f\u00fcr SciFi- und Fantasy-Kost\u00fcme aller Art aus dem s\u00fcdbayerischen Raum.<\/p>\n\n\n\n<p>Infos gibts im Web:<br><a rel=\"noreferrer noopener\" aria-label=\"https:\/\/www.scifi-narische.de (\u00f6ffnet in neuem Tab)\" href=\"https:\/\/www.scifi-narische.de\" target=\"_blank\">https:\/\/www.scifi-narische.de<\/a><br>oder auf Facebook:<br><a rel=\"noreferrer noopener\" aria-label=\"https:\/\/www.facebook.com\/scifinarische\/ (\u00f6ffnet in neuem Tab)\" href=\"https:\/\/www.facebook.com\/scifinarische\/\" target=\"_blank\">https:\/\/www.facebook.com\/scifinarische\/<\/a><\/p>\n\n\n\n<hr class=\"wp-block-separator has-css-opacity\"\/>\n\n\n\n<p><strong>Generelle Infos auf Facebook:<\/strong><\/p>\n\n\n\n<p>Auf Facebook gibt es unz\u00e4hlige Gruppen zu den Themen Star Wars Cosplay \/ Kost\u00fcme.<\/p>\n\n\n\n<p>Ein super erster Anlaufpunkt ist: Star Wars Cosplay Deutschland<br><a rel=\"noreferrer noopener\" aria-label=\"https:\/\/www.facebook.com\/groups\/1730813943899281\/ (\u00f6ffnet in neuem Tab)\" href=\"https:\/\/www.facebook.com\/groups\/1730813943899281\/\" target=\"_blank\">https:\/\/www.facebook.com\/groups\/1730813943899281\/<\/a><br>Eine Bitte um Aufnahme in diese Gruppe lohnt auf jeden Fall.<\/p>\n\n\n\n<p>Von dort aus findet man sicher auch noch weitere gute Gruppen, die hier unm\u00f6glich alle aufgez\u00e4hlt werden k\u00f6nnen.<\/p>\n\n\n\n<hr class=\"wp-block-separator has-css-opacity\"\/>\n\n\n\n<p><strong> Was nat\u00fcrlich auch nie verkehrt ist: Trefft die Cosplayer direkt.<\/strong><\/p>\n\n\n\n<p> Auf den Seiten der German Garrison, der Rebel Legion und der SciFi-Narischen findet ihr ganz einfach auch die Termine f\u00fcr die n\u00e4chsten Events. Dort k\u00f6nnt Ihr direkt mit den Kost\u00fcmtr\u00e4gern sprechen und Euch weitere wertvolle Tipps holen. Keine Sorge, die bei\u00dfen nicht! \ud83d\ude09 <\/p>\n\n\n\n<p>So jetzt w\u00fcnsch ich Euch viel Spa\u00df beim &#8222;Bauen&#8220; Eures ersten tollen Star Wars Kost\u00fcms!<\/p>\n","protected":false},"excerpt":{"rendered":"<p>Diese Seite enth\u00e4lt Informationen f\u00fcr alle Star Wars Fans, die sich auch ein tolles, filmakkurates Kost\u00fcm zulegen wollen. Der Weg zum ersten eigenen, hochwertigen Star Wars Kost\u00fcm ist nicht wirklich schwierig, es gilt aber einige Hinweise zu beachten und bestimmte Fallstricke zu vermeiden. Der erste und wichtigste Tipp:Informiert Euch gut und ausf\u00fchrlich, bevor ihr Geld &hellip; <a href=\"https:\/\/www.gerald-sommerer.de\/?page_id=1796\" class=\"more-link\"><span class=\"screen-reader-text\">\u201eStar Wars &#8211; Tipps f\u00fcr das erste eigene Kost\u00fcm\u201c <\/span>weiterlesen<\/a><\/p>\n","protected":false},"author":1,"featured_media":0,"parent":0,"menu_order":0,"comment_status":"closed","ping_status":"closed","template":"","meta":{"footnotes":""},"class_list":["post-1796","page","type-page","status-publish","hentry"],"_links":{"self":[{"href":"https:\/\/www.gerald-sommerer.de\/index.php?rest_route=\/wp\/v2\/pages\/1796","targetHints":{"allow":["GET"]}}],"collection":[{"href":"https:\/\/www.gerald-sommerer.de\/index.php?rest_route=\/wp\/v2\/pages"}],"about":[{"href":"https:\/\/www.gerald-sommerer.de\/index.php?rest_route=\/wp\/v2\/types\/page"}],"author":[{"embeddable":true,"href":"https:\/\/www.gerald-sommerer.de\/index.php?rest_route=\/wp\/v2\/users\/1"}],"replies":[{"embeddable":true,"href":"https:\/\/www.gerald-sommerer.de\/index.php?rest_route=%2Fwp%2Fv2%2Fcomments&post=1796"}],"version-history":[{"count":40,"href":"https:\/\/www.gerald-sommerer.de\/index.php?rest_route=\/wp\/v2\/pages\/1796\/revisions"}],"predecessor-version":[{"id":3708,"href":"https:\/\/www.gerald-sommerer.de\/index.php?rest_route=\/wp\/v2\/pages\/1796\/revisions\/3708"}],"wp:attachment":[{"href":"https:\/\/www.gerald-sommerer.de\/index.php?rest_route=%2Fwp%2Fv2%2Fmedia&parent=1796"}],"curies":[{"name":"wp","href":"https:\/\/api.w.org\/{rel}","templated":true}]}}