{"id":2604,"date":"2020-01-10T16:51:14","date_gmt":"2020-01-10T15:51:14","guid":{"rendered":"https:\/\/www.gerald-sommerer.de\/?page_id=2604"},"modified":"2025-05-23T22:08:03","modified_gmt":"2025-05-23T20:08:03","slug":"star-wars-tie-pilot-anh-kostuem-3-3","status":"publish","type":"page","link":"https:\/\/www.gerald-sommerer.de\/?page_id=2604","title":{"rendered":"Star Wars &#8211; Scout Trooper \/ Kost\u00fcm"},"content":{"rendered":"\n<h4 class=\"wp-block-heading\">Scout Trooper<\/h4>\n\n\n\n<p>Mein Projekt f\u00fcr 2020, der Scout Trooper. Im April 2020 approved!! Boah bin ich happy!!<\/p>\n\n\n\n<hr class=\"wp-block-separator has-css-opacity\"\/>\n\n\n\n<figure class=\"wp-block-gallery has-nested-images columns-3 is-cropped wp-block-gallery-2 is-layout-flex wp-block-gallery-is-layout-flex\">\n<figure class=\"wp-block-image size-large\"><a href=\"https:\/\/www.gerald-sommerer.de\/?attachment_id=2889\"><img loading=\"lazy\" decoding=\"async\" width=\"770\" height=\"1024\" data-id=\"2889\" src=\"https:\/\/www.gerald-sommerer.de\/wp-content\/uploads\/2020\/09\/gerald_sommerer_scout_trooper_pose05-770x1024.jpeg\" alt=\"Gerald Sommerer Scout Trooper Pose05\" class=\"wp-image-2889\" srcset=\"https:\/\/www.gerald-sommerer.de\/wp-content\/uploads\/2020\/09\/gerald_sommerer_scout_trooper_pose05-770x1024.jpeg 770w, https:\/\/www.gerald-sommerer.de\/wp-content\/uploads\/2020\/09\/gerald_sommerer_scout_trooper_pose05-226x300.jpeg 226w, https:\/\/www.gerald-sommerer.de\/wp-content\/uploads\/2020\/09\/gerald_sommerer_scout_trooper_pose05-113x150.jpeg 113w, https:\/\/www.gerald-sommerer.de\/wp-content\/uploads\/2020\/09\/gerald_sommerer_scout_trooper_pose05-768x1021.jpeg 768w, https:\/\/www.gerald-sommerer.de\/wp-content\/uploads\/2020\/09\/gerald_sommerer_scout_trooper_pose05-1155x1536.jpeg 1155w, https:\/\/www.gerald-sommerer.de\/wp-content\/uploads\/2020\/09\/gerald_sommerer_scout_trooper_pose05-1200x1596.jpeg 1200w, https:\/\/www.gerald-sommerer.de\/wp-content\/uploads\/2020\/09\/gerald_sommerer_scout_trooper_pose05.jpeg 1203w\" sizes=\"auto, (max-width: 770px) 85vw, 770px\" \/><\/a><\/figure>\n\n\n\n<figure class=\"wp-block-image size-large\"><a href=\"https:\/\/www.gerald-sommerer.de\/?attachment_id=2888\"><img loading=\"lazy\" decoding=\"async\" width=\"830\" height=\"1024\" data-id=\"2888\" src=\"https:\/\/www.gerald-sommerer.de\/wp-content\/uploads\/2020\/09\/gerald_sommerer_scout_trooper_pose04-830x1024.jpeg\" alt=\"Gerald Sommerer Scout Trooper Pose04\" class=\"wp-image-2888\" srcset=\"https:\/\/www.gerald-sommerer.de\/wp-content\/uploads\/2020\/09\/gerald_sommerer_scout_trooper_pose04-830x1024.jpeg 830w, https:\/\/www.gerald-sommerer.de\/wp-content\/uploads\/2020\/09\/gerald_sommerer_scout_trooper_pose04-243x300.jpeg 243w, https:\/\/www.gerald-sommerer.de\/wp-content\/uploads\/2020\/09\/gerald_sommerer_scout_trooper_pose04-122x150.jpeg 122w, https:\/\/www.gerald-sommerer.de\/wp-content\/uploads\/2020\/09\/gerald_sommerer_scout_trooper_pose04-768x947.jpeg 768w, https:\/\/www.gerald-sommerer.de\/wp-content\/uploads\/2020\/09\/gerald_sommerer_scout_trooper_pose04-1245x1536.jpeg 1245w, https:\/\/www.gerald-sommerer.de\/wp-content\/uploads\/2020\/09\/gerald_sommerer_scout_trooper_pose04-1200x1480.jpeg 1200w, https:\/\/www.gerald-sommerer.de\/wp-content\/uploads\/2020\/09\/gerald_sommerer_scout_trooper_pose04.jpeg 1297w\" sizes=\"auto, (max-width: 830px) 85vw, 830px\" \/><\/a><figcaption class=\"wp-element-caption\">Scout Trooper (ROTJ) TB-74628<\/figcaption><\/figure>\n\n\n\n<figure class=\"wp-block-image size-large\"><a href=\"https:\/\/www.gerald-sommerer.de\/?attachment_id=2642\"><img loading=\"lazy\" decoding=\"async\" width=\"973\" height=\"1024\" data-id=\"2642\" src=\"https:\/\/www.gerald-sommerer.de\/wp-content\/uploads\/2020\/01\/gerald_sommerer_scout_trooper_pose03-973x1024.jpg\" alt=\"Gerald Sommerer Scout Trooper Pose03\" class=\"wp-image-2642\" srcset=\"https:\/\/www.gerald-sommerer.de\/wp-content\/uploads\/2020\/01\/gerald_sommerer_scout_trooper_pose03-973x1024.jpg 973w, https:\/\/www.gerald-sommerer.de\/wp-content\/uploads\/2020\/01\/gerald_sommerer_scout_trooper_pose03-285x300.jpg 285w, https:\/\/www.gerald-sommerer.de\/wp-content\/uploads\/2020\/01\/gerald_sommerer_scout_trooper_pose03-143x150.jpg 143w, https:\/\/www.gerald-sommerer.de\/wp-content\/uploads\/2020\/01\/gerald_sommerer_scout_trooper_pose03-768x808.jpg 768w, https:\/\/www.gerald-sommerer.de\/wp-content\/uploads\/2020\/01\/gerald_sommerer_scout_trooper_pose03-1460x1536.jpg 1460w, https:\/\/www.gerald-sommerer.de\/wp-content\/uploads\/2020\/01\/gerald_sommerer_scout_trooper_pose03-1200x1262.jpg 1200w, https:\/\/www.gerald-sommerer.de\/wp-content\/uploads\/2020\/01\/gerald_sommerer_scout_trooper_pose03.jpg 1901w\" sizes=\"auto, (max-width: 709px) 85vw, (max-width: 909px) 67vw, (max-width: 1362px) 62vw, 840px\" \/><\/a><\/figure>\n<\/figure>\n\n\n\n<figure class=\"wp-block-gallery has-nested-images columns-default is-cropped wp-block-gallery-3 is-layout-flex wp-block-gallery-is-layout-flex\">\n<figure class=\"wp-block-image size-large\"><img loading=\"lazy\" decoding=\"async\" width=\"768\" height=\"1024\" data-id=\"3016\" src=\"https:\/\/www.gerald-sommerer.de\/wp-content\/uploads\/2021\/09\/gerald_sommerer_fotoshooting_weissenstadt_2021_biker_scout_04-768x1024.jpg\" alt=\"Gerald Sommerer Fotoshooting Weissenstadt 2021 Biker Scout 04\" class=\"wp-image-3016\" srcset=\"https:\/\/www.gerald-sommerer.de\/wp-content\/uploads\/2021\/09\/gerald_sommerer_fotoshooting_weissenstadt_2021_biker_scout_04-768x1024.jpg 768w, https:\/\/www.gerald-sommerer.de\/wp-content\/uploads\/2021\/09\/gerald_sommerer_fotoshooting_weissenstadt_2021_biker_scout_04-225x300.jpg 225w, https:\/\/www.gerald-sommerer.de\/wp-content\/uploads\/2021\/09\/gerald_sommerer_fotoshooting_weissenstadt_2021_biker_scout_04-113x150.jpg 113w, https:\/\/www.gerald-sommerer.de\/wp-content\/uploads\/2021\/09\/gerald_sommerer_fotoshooting_weissenstadt_2021_biker_scout_04-1152x1536.jpg 1152w, https:\/\/www.gerald-sommerer.de\/wp-content\/uploads\/2021\/09\/gerald_sommerer_fotoshooting_weissenstadt_2021_biker_scout_04-1200x1600.jpg 1200w, https:\/\/www.gerald-sommerer.de\/wp-content\/uploads\/2021\/09\/gerald_sommerer_fotoshooting_weissenstadt_2021_biker_scout_04.jpg 1500w\" sizes=\"auto, (max-width: 768px) 85vw, 768px\" \/><\/figure>\n\n\n\n<figure class=\"wp-block-image size-large\"><img loading=\"lazy\" decoding=\"async\" width=\"768\" height=\"1024\" data-id=\"3014\" src=\"https:\/\/www.gerald-sommerer.de\/wp-content\/uploads\/2021\/09\/gerald_sommerer_fotoshooting_weissenstadt_2021_biker_scout_02-768x1024.jpg\" alt=\"Gerald Sommerer Fotoshooting Weissenstadt 2021 Biker Scout 02\" class=\"wp-image-3014\" srcset=\"https:\/\/www.gerald-sommerer.de\/wp-content\/uploads\/2021\/09\/gerald_sommerer_fotoshooting_weissenstadt_2021_biker_scout_02-768x1024.jpg 768w, https:\/\/www.gerald-sommerer.de\/wp-content\/uploads\/2021\/09\/gerald_sommerer_fotoshooting_weissenstadt_2021_biker_scout_02-225x300.jpg 225w, https:\/\/www.gerald-sommerer.de\/wp-content\/uploads\/2021\/09\/gerald_sommerer_fotoshooting_weissenstadt_2021_biker_scout_02-113x150.jpg 113w, https:\/\/www.gerald-sommerer.de\/wp-content\/uploads\/2021\/09\/gerald_sommerer_fotoshooting_weissenstadt_2021_biker_scout_02-1152x1536.jpg 1152w, https:\/\/www.gerald-sommerer.de\/wp-content\/uploads\/2021\/09\/gerald_sommerer_fotoshooting_weissenstadt_2021_biker_scout_02-1200x1600.jpg 1200w, https:\/\/www.gerald-sommerer.de\/wp-content\/uploads\/2021\/09\/gerald_sommerer_fotoshooting_weissenstadt_2021_biker_scout_02.jpg 1500w\" sizes=\"auto, (max-width: 768px) 85vw, 768px\" \/><\/figure>\n\n\n\n<figure class=\"wp-block-image size-large\"><img loading=\"lazy\" decoding=\"async\" width=\"512\" height=\"1024\" data-id=\"3015\" src=\"https:\/\/www.gerald-sommerer.de\/wp-content\/uploads\/2021\/09\/gerald_sommerer_fotoshooting_weissenstadt_2021_biker_scout_03-512x1024.jpg\" alt=\"Gerald Sommerer Fotoshooting Weissenstadt 2021 Biker Scout 03\" class=\"wp-image-3015\" srcset=\"https:\/\/www.gerald-sommerer.de\/wp-content\/uploads\/2021\/09\/gerald_sommerer_fotoshooting_weissenstadt_2021_biker_scout_03-512x1024.jpg 512w, https:\/\/www.gerald-sommerer.de\/wp-content\/uploads\/2021\/09\/gerald_sommerer_fotoshooting_weissenstadt_2021_biker_scout_03-150x300.jpg 150w, https:\/\/www.gerald-sommerer.de\/wp-content\/uploads\/2021\/09\/gerald_sommerer_fotoshooting_weissenstadt_2021_biker_scout_03-75x150.jpg 75w, https:\/\/www.gerald-sommerer.de\/wp-content\/uploads\/2021\/09\/gerald_sommerer_fotoshooting_weissenstadt_2021_biker_scout_03-768x1536.jpg 768w, https:\/\/www.gerald-sommerer.de\/wp-content\/uploads\/2021\/09\/gerald_sommerer_fotoshooting_weissenstadt_2021_biker_scout_03.jpg 1000w\" sizes=\"auto, (max-width: 512px) 85vw, 512px\" \/><\/figure>\n<\/figure>\n\n\n\n<hr class=\"wp-block-separator has-css-opacity\"\/>\n\n\n\n<p><strong>F\u00fcr das Kost\u00fcm habe ich folgende Teile verwendet:<\/strong><\/p>\n\n\n\n<p><strong>Required Costume Components:<\/strong><\/p>\n\n\n\n<p>Die RS Prop Masters Scout Trooper Complete Commission<br><br><a href=\"https:\/\/www.rspropmasters.com\/store\/biker-scout\/biker-scout-biker-scout\/scout-trooper-armour-pre-order-copy\/\" target=\"_blank\" rel=\"noreferrer noopener\" aria-label=\"https:\/\/www.rspropmasters.com\/store\/biker-scout\/biker-scout-biker-scout\/scout-trooper-armour-pre-order-copy\/ (\u00f6ffnet in neuem Tab)\">https:\/\/www.rspropmasters.com\/store\/biker-scout\/biker-scout-biker-scout\/scout-trooper-armour-pre-order-copy\/<\/a><\/p>\n\n\n\n<hr class=\"wp-block-separator has-css-opacity\"\/>\n\n\n\n<p>Helmet: RS Prop Masters, Red Label <\/p>\n\n\n\n<p>Balaclava: Odlo<\/p>\n\n\n\n<p>Flight Suit: ImperialBoots<\/p>\n\n\n\n<p>Shoulder Armor: RS Prop Masters <\/p>\n\n\n\n<p>Upper Arm Armor: RS Prop Masters <\/p>\n\n\n\n<p>Forearm Armor: RS Prop Masters <\/p>\n\n\n\n<p>Gloves:<em> <\/em>ImperialBoots<\/p>\n\n\n\n<p>Vest: ImperialBoots<\/p>\n\n\n\n<p>Chest Armor: RS Prop Masters <\/p>\n\n\n\n<p>Back Armor: RS Prop Masters <\/p>\n\n\n\n<p>Cummerbund, Codpiece, Pouches: ImperialBoots<\/p>\n\n\n\n<p>Belt and Detonator: RS Prop Masters <\/p>\n\n\n\n<p>Knee Armor: RS Prop Masters <\/p>\n\n\n\n<p>Boots: ImperialBoots<\/p>\n\n\n\n<p>Holster: ImperialBoots<\/p>\n\n\n\n<hr class=\"wp-block-separator has-css-opacity\"\/>\n\n\n\n<p><strong>Optional Accessories:<\/strong><\/p>\n\n\n\n<p>Hold-out Blaster: RS Prop Masters <\/p>\n\n\n\n<figure class=\"wp-block-gallery has-nested-images columns-2 is-cropped wp-block-gallery-4 is-layout-flex wp-block-gallery-is-layout-flex\">\n<figure class=\"wp-block-image size-large\"><img loading=\"lazy\" decoding=\"async\" width=\"1024\" height=\"768\" data-id=\"3019\" src=\"https:\/\/www.gerald-sommerer.de\/wp-content\/uploads\/2021\/09\/gerald_sommerer_fotoshooting_weissenstadt_2021_biker_scout_07-1024x768.jpg\" alt=\"Gerald Sommerer Fotoshooting Weissenstadt 2021 Biker Scout 07\" class=\"wp-image-3019\" srcset=\"https:\/\/www.gerald-sommerer.de\/wp-content\/uploads\/2021\/09\/gerald_sommerer_fotoshooting_weissenstadt_2021_biker_scout_07-1024x768.jpg 1024w, https:\/\/www.gerald-sommerer.de\/wp-content\/uploads\/2021\/09\/gerald_sommerer_fotoshooting_weissenstadt_2021_biker_scout_07-300x225.jpg 300w, https:\/\/www.gerald-sommerer.de\/wp-content\/uploads\/2021\/09\/gerald_sommerer_fotoshooting_weissenstadt_2021_biker_scout_07-150x113.jpg 150w, https:\/\/www.gerald-sommerer.de\/wp-content\/uploads\/2021\/09\/gerald_sommerer_fotoshooting_weissenstadt_2021_biker_scout_07-768x576.jpg 768w, https:\/\/www.gerald-sommerer.de\/wp-content\/uploads\/2021\/09\/gerald_sommerer_fotoshooting_weissenstadt_2021_biker_scout_07-1200x900.jpg 1200w, https:\/\/www.gerald-sommerer.de\/wp-content\/uploads\/2021\/09\/gerald_sommerer_fotoshooting_weissenstadt_2021_biker_scout_07.jpg 1280w\" sizes=\"auto, (max-width: 709px) 85vw, (max-width: 909px) 67vw, (max-width: 1362px) 62vw, 840px\" \/><\/figure>\n\n\n\n<figure class=\"wp-block-image size-large\"><img loading=\"lazy\" decoding=\"async\" width=\"1024\" height=\"768\" data-id=\"3180\" src=\"https:\/\/www.gerald-sommerer.de\/wp-content\/uploads\/2022\/06\/gerald_sommerer_wels_ACC_2022_scout_trooper_01-1024x768.jpg\" alt=\"Gerald Sommerer Wels ACC 2022 Scout Trooper 01\" class=\"wp-image-3180\" srcset=\"https:\/\/www.gerald-sommerer.de\/wp-content\/uploads\/2022\/06\/gerald_sommerer_wels_ACC_2022_scout_trooper_01-1024x768.jpg 1024w, https:\/\/www.gerald-sommerer.de\/wp-content\/uploads\/2022\/06\/gerald_sommerer_wels_ACC_2022_scout_trooper_01-300x225.jpg 300w, https:\/\/www.gerald-sommerer.de\/wp-content\/uploads\/2022\/06\/gerald_sommerer_wels_ACC_2022_scout_trooper_01-150x113.jpg 150w, https:\/\/www.gerald-sommerer.de\/wp-content\/uploads\/2022\/06\/gerald_sommerer_wels_ACC_2022_scout_trooper_01-768x576.jpg 768w, https:\/\/www.gerald-sommerer.de\/wp-content\/uploads\/2022\/06\/gerald_sommerer_wels_ACC_2022_scout_trooper_01-1536x1152.jpg 1536w, https:\/\/www.gerald-sommerer.de\/wp-content\/uploads\/2022\/06\/gerald_sommerer_wels_ACC_2022_scout_trooper_01-1200x900.jpg 1200w, https:\/\/www.gerald-sommerer.de\/wp-content\/uploads\/2022\/06\/gerald_sommerer_wels_ACC_2022_scout_trooper_01.jpg 2000w\" sizes=\"auto, (max-width: 709px) 85vw, (max-width: 909px) 67vw, (max-width: 1362px) 62vw, 840px\" \/><\/figure>\n\n\n\n<figure class=\"wp-block-image size-large\"><img loading=\"lazy\" decoding=\"async\" width=\"768\" height=\"1024\" data-id=\"3181\" src=\"https:\/\/www.gerald-sommerer.de\/wp-content\/uploads\/2022\/06\/gerald_sommerer_wels_ACC_2022_scout_trooper_02-768x1024.jpg\" alt=\"Gerald Sommerer Wels ACC 2022 Scout Trooper 02\" class=\"wp-image-3181\" srcset=\"https:\/\/www.gerald-sommerer.de\/wp-content\/uploads\/2022\/06\/gerald_sommerer_wels_ACC_2022_scout_trooper_02-768x1024.jpg 768w, https:\/\/www.gerald-sommerer.de\/wp-content\/uploads\/2022\/06\/gerald_sommerer_wels_ACC_2022_scout_trooper_02-225x300.jpg 225w, https:\/\/www.gerald-sommerer.de\/wp-content\/uploads\/2022\/06\/gerald_sommerer_wels_ACC_2022_scout_trooper_02-113x150.jpg 113w, https:\/\/www.gerald-sommerer.de\/wp-content\/uploads\/2022\/06\/gerald_sommerer_wels_ACC_2022_scout_trooper_02-1152x1536.jpg 1152w, https:\/\/www.gerald-sommerer.de\/wp-content\/uploads\/2022\/06\/gerald_sommerer_wels_ACC_2022_scout_trooper_02-1200x1600.jpg 1200w, https:\/\/www.gerald-sommerer.de\/wp-content\/uploads\/2022\/06\/gerald_sommerer_wels_ACC_2022_scout_trooper_02.jpg 1500w\" sizes=\"auto, (max-width: 768px) 85vw, 768px\" \/><\/figure>\n\n\n\n<figure class=\"wp-block-image size-large\"><img loading=\"lazy\" decoding=\"async\" width=\"676\" height=\"1024\" data-id=\"3333\" src=\"https:\/\/www.gerald-sommerer.de\/wp-content\/uploads\/2023\/02\/gerald_sommerer_stuttgart_ccon_2022_scout_trooper_01-676x1024.jpg\" alt=\"Gerald Sommerer Stuttgart ccon 2022 Scout Trooper 01\" class=\"wp-image-3333\" srcset=\"https:\/\/www.gerald-sommerer.de\/wp-content\/uploads\/2023\/02\/gerald_sommerer_stuttgart_ccon_2022_scout_trooper_01-676x1024.jpg 676w, https:\/\/www.gerald-sommerer.de\/wp-content\/uploads\/2023\/02\/gerald_sommerer_stuttgart_ccon_2022_scout_trooper_01-198x300.jpg 198w, https:\/\/www.gerald-sommerer.de\/wp-content\/uploads\/2023\/02\/gerald_sommerer_stuttgart_ccon_2022_scout_trooper_01-99x150.jpg 99w, https:\/\/www.gerald-sommerer.de\/wp-content\/uploads\/2023\/02\/gerald_sommerer_stuttgart_ccon_2022_scout_trooper_01-768x1164.jpg 768w, https:\/\/www.gerald-sommerer.de\/wp-content\/uploads\/2023\/02\/gerald_sommerer_stuttgart_ccon_2022_scout_trooper_01-1014x1536.jpg 1014w, https:\/\/www.gerald-sommerer.de\/wp-content\/uploads\/2023\/02\/gerald_sommerer_stuttgart_ccon_2022_scout_trooper_01-1200x1818.jpg 1200w, https:\/\/www.gerald-sommerer.de\/wp-content\/uploads\/2023\/02\/gerald_sommerer_stuttgart_ccon_2022_scout_trooper_01.jpg 1320w\" sizes=\"auto, (max-width: 676px) 85vw, 676px\" \/><\/figure>\n\n\n\n<figure class=\"wp-block-image size-large\"><img loading=\"lazy\" decoding=\"async\" width=\"1024\" height=\"768\" data-id=\"3831\" src=\"https:\/\/www.gerald-sommerer.de\/wp-content\/uploads\/2025\/05\/gerald_sommerer_wels_ACC_2025_scout_trooper_01-1024x768.jpg\" alt=\"Gerald Sommerer Wels ACC 2025 Scout Trooper 01\" class=\"wp-image-3831\" srcset=\"https:\/\/www.gerald-sommerer.de\/wp-content\/uploads\/2025\/05\/gerald_sommerer_wels_ACC_2025_scout_trooper_01-1024x768.jpg 1024w, https:\/\/www.gerald-sommerer.de\/wp-content\/uploads\/2025\/05\/gerald_sommerer_wels_ACC_2025_scout_trooper_01-300x225.jpg 300w, https:\/\/www.gerald-sommerer.de\/wp-content\/uploads\/2025\/05\/gerald_sommerer_wels_ACC_2025_scout_trooper_01-150x113.jpg 150w, https:\/\/www.gerald-sommerer.de\/wp-content\/uploads\/2025\/05\/gerald_sommerer_wels_ACC_2025_scout_trooper_01-768x576.jpg 768w, https:\/\/www.gerald-sommerer.de\/wp-content\/uploads\/2025\/05\/gerald_sommerer_wels_ACC_2025_scout_trooper_01-1536x1152.jpg 1536w, https:\/\/www.gerald-sommerer.de\/wp-content\/uploads\/2025\/05\/gerald_sommerer_wels_ACC_2025_scout_trooper_01-1200x900.jpg 1200w, https:\/\/www.gerald-sommerer.de\/wp-content\/uploads\/2025\/05\/gerald_sommerer_wels_ACC_2025_scout_trooper_01.jpg 2000w\" sizes=\"auto, (max-width: 709px) 85vw, (max-width: 909px) 67vw, (max-width: 1362px) 62vw, 840px\" \/><\/figure>\n<\/figure>\n\n\n\n<hr class=\"wp-block-separator has-css-opacity\"\/>\n\n\n\n<p><span style=\"font-size: xx-small;\"><br>Legal notice:<br>This is a private fansite. I like Star Wars very much. This is all this website is about.<br>This site is not endorsed by Lucasfilm Ltd. or The Walt Disney Company and is intended for entertainment and information purposes only.<br>The Official Star Wars site can be found at&nbsp;<a href=\"http:\/\/www.starwars.com\" target=\"_blank\" rel=\"noopener noreferrer\">www.starwars.com<\/a>.<br>Star Wars, the Star Wars logo, all names and pictures of Star Wars characters, vehicles and any other Star Wars related items are registered trademarks and\/or copyrights of Lucasfilm Ltd., or their respective trademark and copyright holders.<br><\/span><\/p>\n","protected":false},"excerpt":{"rendered":"<p>Scout Trooper Mein Projekt f\u00fcr 2020, der Scout Trooper. Im April 2020 approved!! Boah bin ich happy!! F\u00fcr das Kost\u00fcm habe ich folgende Teile verwendet: Required Costume Components: Die RS Prop Masters Scout Trooper Complete Commission https:\/\/www.rspropmasters.com\/store\/biker-scout\/biker-scout-biker-scout\/scout-trooper-armour-pre-order-copy\/ Helmet: RS Prop Masters, Red Label Balaclava: Odlo Flight Suit: ImperialBoots Shoulder Armor: RS Prop Masters Upper Arm &hellip; <a href=\"https:\/\/www.gerald-sommerer.de\/?page_id=2604\" class=\"more-link\"><span class=\"screen-reader-text\">\u201eStar Wars &#8211; Scout Trooper \/ Kost\u00fcm\u201c <\/span>weiterlesen<\/a><\/p>\n","protected":false},"author":1,"featured_media":0,"parent":0,"menu_order":0,"comment_status":"closed","ping_status":"closed","template":"","meta":{"footnotes":""},"class_list":["post-2604","page","type-page","status-publish","hentry"],"_links":{"self":[{"href":"https:\/\/www.gerald-sommerer.de\/index.php?rest_route=\/wp\/v2\/pages\/2604","targetHints":{"allow":["GET"]}}],"collection":[{"href":"https:\/\/www.gerald-sommerer.de\/index.php?rest_route=\/wp\/v2\/pages"}],"about":[{"href":"https:\/\/www.gerald-sommerer.de\/index.php?rest_route=\/wp\/v2\/types\/page"}],"author":[{"embeddable":true,"href":"https:\/\/www.gerald-sommerer.de\/index.php?rest_route=\/wp\/v2\/users\/1"}],"replies":[{"embeddable":true,"href":"https:\/\/www.gerald-sommerer.de\/index.php?rest_route=%2Fwp%2Fv2%2Fcomments&post=2604"}],"version-history":[{"count":17,"href":"https:\/\/www.gerald-sommerer.de\/index.php?rest_route=\/wp\/v2\/pages\/2604\/revisions"}],"predecessor-version":[{"id":3837,"href":"https:\/\/www.gerald-sommerer.de\/index.php?rest_route=\/wp\/v2\/pages\/2604\/revisions\/3837"}],"wp:attachment":[{"href":"https:\/\/www.gerald-sommerer.de\/index.php?rest_route=%2Fwp%2Fv2%2Fmedia&parent=2604"}],"curies":[{"name":"wp","href":"https:\/\/api.w.org\/{rel}","templated":true}]}}