{"id":2873,"date":"2022-02-27T15:05:05","date_gmt":"2022-02-27T14:05:05","guid":{"rendered":"https:\/\/www.gerald-sommerer.de\/?page_id=2873"},"modified":"2026-02-01T18:06:01","modified_gmt":"2026-02-01T17:06:01","slug":"space-above-and-beyond-cosplay","status":"publish","type":"page","link":"https:\/\/www.gerald-sommerer.de\/?page_id=2873","title":{"rendered":"Space Above and Beyond &#8211; Cosplay"},"content":{"rendered":"\n<p>&#8222;Space Above And Beyond&#8220; oder in Deutschland &#8222;Space 2063&#8220;. Eine absolute Lieblingsserie von mir. In Deutschland 1996 gesendet. Leider nach einer Season eingestellt. Aber eine Serie mit vielschichtigen Handlungsstr\u00e4ngen, Anspielungen auf aktuelle Probleme, eine interessante Mischung aus Action in Verbindung mit intensiven Einblicken in das Innere der Charaktere &#8230;und insgesamt mit dem besonderen Etwas ! War klar, fr\u00fcher oder sp\u00e4ter musste da zumindest ein kleines Cosplay her, jetzt nix Gro\u00dfartiges aber was Kultiges. \ud83d\ude42<\/p>\n\n\n\n<hr class=\"wp-block-separator has-css-opacity\"\/>\n\n\n\n<figure class=\"wp-block-embed is-type-video is-provider-youtube wp-block-embed-youtube wp-embed-aspect-4-3 wp-has-aspect-ratio\"><div class=\"wp-block-embed__wrapper\">\n<iframe loading=\"lazy\" title=\"Space 2063 (Deutscher Trailer)\" width=\"840\" height=\"630\" src=\"https:\/\/www.youtube.com\/embed\/HXq77WzPLiI?feature=oembed\" frameborder=\"0\" allow=\"accelerometer; autoplay; clipboard-write; encrypted-media; gyroscope; picture-in-picture\" allowfullscreen><\/iframe>\n<\/div><\/figure>\n\n\n\n<hr class=\"wp-block-separator has-css-opacity\"\/>\n\n\n\n<h2 class=\"wp-block-heading\">Mein Cosplay:<\/h2>\n\n\n\n<p>Mein Cosplay ist angelehnt an 1st Lt. Nathan West (USMC), callsign &#8222;King of Hearts&#8220; vom 58th Squadron aka Wildcards (West ist inzwischen ja auch etwas \u00e4lter&#8230;. ;-)). Die Wildcards k\u00e4mpfen in verschiedenen Umgebungen: Insbesondere als Piloten, in einer Art R\u00fcstung am Boden oder in einem Anzug f\u00fcr Umgebungen ohne Atemluft.<br>F\u00fcr mein Cosplay habe ich mir (f\u00fcr den Anfang \ud83d\ude09 ) die Bereitschaftsuniform (Flightsuit)  der Wildcards ausgesucht. Diese umfasst keine spezielle Ausr\u00fcstung, Helme oder gr\u00f6\u00dfere Waffen.<\/p>\n\n\n\n<figure class=\"wp-block-gallery has-nested-images columns-2 is-cropped wp-block-gallery-2 is-layout-flex wp-block-gallery-is-layout-flex\">\n<figure class=\"wp-block-image size-large\"><a href=\"https:\/\/www.gerald-sommerer.de\/?attachment_id=3103\"><img loading=\"lazy\" decoding=\"async\" width=\"1146\" height=\"2000\" data-id=\"3103\" src=\"https:\/\/www.gerald-sommerer.de\/wp-content\/uploads\/2022\/02\/gerald_sommerer_space_above_and_beyond_05.jpg\" alt=\"Gerald Sommerer Space Above And Beyond 05\" class=\"wp-image-3103\" srcset=\"https:\/\/www.gerald-sommerer.de\/wp-content\/uploads\/2022\/02\/gerald_sommerer_space_above_and_beyond_05.jpg 1146w, https:\/\/www.gerald-sommerer.de\/wp-content\/uploads\/2022\/02\/gerald_sommerer_space_above_and_beyond_05-172x300.jpg 172w, https:\/\/www.gerald-sommerer.de\/wp-content\/uploads\/2022\/02\/gerald_sommerer_space_above_and_beyond_05-587x1024.jpg 587w, https:\/\/www.gerald-sommerer.de\/wp-content\/uploads\/2022\/02\/gerald_sommerer_space_above_and_beyond_05-86x150.jpg 86w, https:\/\/www.gerald-sommerer.de\/wp-content\/uploads\/2022\/02\/gerald_sommerer_space_above_and_beyond_05-768x1340.jpg 768w, https:\/\/www.gerald-sommerer.de\/wp-content\/uploads\/2022\/02\/gerald_sommerer_space_above_and_beyond_05-880x1536.jpg 880w\" sizes=\"auto, (max-width: 709px) 85vw, (max-width: 909px) 67vw, (max-width: 1362px) 62vw, 840px\" \/><\/a><\/figure>\n\n\n\n<figure class=\"wp-block-image size-large\"><a href=\"https:\/\/www.gerald-sommerer.de\/?attachment_id=3104\"><img loading=\"lazy\" decoding=\"async\" width=\"1362\" height=\"2000\" data-id=\"3104\" src=\"https:\/\/www.gerald-sommerer.de\/wp-content\/uploads\/2022\/02\/gerald_sommerer_space_above_and_beyond_06.jpg\" alt=\"Gerald Sommerer Space Above And Beyond 06\" class=\"wp-image-3104\" srcset=\"https:\/\/www.gerald-sommerer.de\/wp-content\/uploads\/2022\/02\/gerald_sommerer_space_above_and_beyond_06.jpg 1362w, https:\/\/www.gerald-sommerer.de\/wp-content\/uploads\/2022\/02\/gerald_sommerer_space_above_and_beyond_06-204x300.jpg 204w, https:\/\/www.gerald-sommerer.de\/wp-content\/uploads\/2022\/02\/gerald_sommerer_space_above_and_beyond_06-697x1024.jpg 697w, https:\/\/www.gerald-sommerer.de\/wp-content\/uploads\/2022\/02\/gerald_sommerer_space_above_and_beyond_06-102x150.jpg 102w, https:\/\/www.gerald-sommerer.de\/wp-content\/uploads\/2022\/02\/gerald_sommerer_space_above_and_beyond_06-768x1128.jpg 768w, https:\/\/www.gerald-sommerer.de\/wp-content\/uploads\/2022\/02\/gerald_sommerer_space_above_and_beyond_06-1046x1536.jpg 1046w, https:\/\/www.gerald-sommerer.de\/wp-content\/uploads\/2022\/02\/gerald_sommerer_space_above_and_beyond_06-1200x1762.jpg 1200w\" sizes=\"auto, (max-width: 709px) 85vw, (max-width: 909px) 67vw, (max-width: 1362px) 62vw, 840px\" \/><\/a><\/figure>\n\n\n\n<figure class=\"wp-block-image size-large\"><a href=\"https:\/\/www.gerald-sommerer.de\/?attachment_id=3105\"><img loading=\"lazy\" decoding=\"async\" width=\"1391\" height=\"2000\" data-id=\"3105\" src=\"https:\/\/www.gerald-sommerer.de\/wp-content\/uploads\/2022\/02\/gerald_sommerer_space_above_and_beyond_07.jpg\" alt=\"Gerald Sommerer Space Above And Beyond 07\" class=\"wp-image-3105\" srcset=\"https:\/\/www.gerald-sommerer.de\/wp-content\/uploads\/2022\/02\/gerald_sommerer_space_above_and_beyond_07.jpg 1391w, https:\/\/www.gerald-sommerer.de\/wp-content\/uploads\/2022\/02\/gerald_sommerer_space_above_and_beyond_07-209x300.jpg 209w, https:\/\/www.gerald-sommerer.de\/wp-content\/uploads\/2022\/02\/gerald_sommerer_space_above_and_beyond_07-712x1024.jpg 712w, https:\/\/www.gerald-sommerer.de\/wp-content\/uploads\/2022\/02\/gerald_sommerer_space_above_and_beyond_07-104x150.jpg 104w, https:\/\/www.gerald-sommerer.de\/wp-content\/uploads\/2022\/02\/gerald_sommerer_space_above_and_beyond_07-768x1104.jpg 768w, https:\/\/www.gerald-sommerer.de\/wp-content\/uploads\/2022\/02\/gerald_sommerer_space_above_and_beyond_07-1068x1536.jpg 1068w, https:\/\/www.gerald-sommerer.de\/wp-content\/uploads\/2022\/02\/gerald_sommerer_space_above_and_beyond_07-1200x1725.jpg 1200w\" sizes=\"auto, (max-width: 709px) 85vw, (max-width: 909px) 67vw, (max-width: 1362px) 62vw, 840px\" \/><\/a><\/figure>\n\n\n\n<figure class=\"wp-block-image size-large\"><a href=\"https:\/\/www.gerald-sommerer.de\/?attachment_id=3106\"><img loading=\"lazy\" decoding=\"async\" width=\"1221\" height=\"2000\" data-id=\"3106\" src=\"https:\/\/www.gerald-sommerer.de\/wp-content\/uploads\/2022\/02\/gerald_sommerer_space_above_and_beyond_08.jpg\" alt=\"Gerald Sommerer Space Above And Beyond 08\" class=\"wp-image-3106\" srcset=\"https:\/\/www.gerald-sommerer.de\/wp-content\/uploads\/2022\/02\/gerald_sommerer_space_above_and_beyond_08.jpg 1221w, https:\/\/www.gerald-sommerer.de\/wp-content\/uploads\/2022\/02\/gerald_sommerer_space_above_and_beyond_08-183x300.jpg 183w, https:\/\/www.gerald-sommerer.de\/wp-content\/uploads\/2022\/02\/gerald_sommerer_space_above_and_beyond_08-625x1024.jpg 625w, https:\/\/www.gerald-sommerer.de\/wp-content\/uploads\/2022\/02\/gerald_sommerer_space_above_and_beyond_08-92x150.jpg 92w, https:\/\/www.gerald-sommerer.de\/wp-content\/uploads\/2022\/02\/gerald_sommerer_space_above_and_beyond_08-768x1258.jpg 768w, https:\/\/www.gerald-sommerer.de\/wp-content\/uploads\/2022\/02\/gerald_sommerer_space_above_and_beyond_08-938x1536.jpg 938w, https:\/\/www.gerald-sommerer.de\/wp-content\/uploads\/2022\/02\/gerald_sommerer_space_above_and_beyond_08-1200x1966.jpg 1200w\" sizes=\"auto, (max-width: 709px) 85vw, (max-width: 909px) 67vw, (max-width: 1362px) 62vw, 840px\" \/><\/a><\/figure>\n\n\n\n<figure class=\"wp-block-image size-large\"><a href=\"https:\/\/www.gerald-sommerer.de\/?attachment_id=3099\"><img loading=\"lazy\" decoding=\"async\" width=\"1179\" height=\"2000\" data-id=\"3099\" src=\"https:\/\/www.gerald-sommerer.de\/wp-content\/uploads\/2022\/02\/gerald_sommerer_space_above_and_beyond_01.jpg\" alt=\"Gerald Sommerer Space Above And Beyond 01\" class=\"wp-image-3099\" srcset=\"https:\/\/www.gerald-sommerer.de\/wp-content\/uploads\/2022\/02\/gerald_sommerer_space_above_and_beyond_01.jpg 1179w, https:\/\/www.gerald-sommerer.de\/wp-content\/uploads\/2022\/02\/gerald_sommerer_space_above_and_beyond_01-177x300.jpg 177w, https:\/\/www.gerald-sommerer.de\/wp-content\/uploads\/2022\/02\/gerald_sommerer_space_above_and_beyond_01-604x1024.jpg 604w, https:\/\/www.gerald-sommerer.de\/wp-content\/uploads\/2022\/02\/gerald_sommerer_space_above_and_beyond_01-88x150.jpg 88w, https:\/\/www.gerald-sommerer.de\/wp-content\/uploads\/2022\/02\/gerald_sommerer_space_above_and_beyond_01-768x1303.jpg 768w, https:\/\/www.gerald-sommerer.de\/wp-content\/uploads\/2022\/02\/gerald_sommerer_space_above_and_beyond_01-905x1536.jpg 905w\" sizes=\"auto, (max-width: 709px) 85vw, (max-width: 909px) 67vw, (max-width: 1362px) 62vw, 840px\" \/><\/a><\/figure>\n\n\n\n<figure class=\"wp-block-image size-large\"><a href=\"https:\/\/www.gerald-sommerer.de\/?attachment_id=3101\"><img loading=\"lazy\" decoding=\"async\" width=\"1120\" height=\"2000\" data-id=\"3101\" src=\"https:\/\/www.gerald-sommerer.de\/wp-content\/uploads\/2022\/02\/gerald_sommerer_space_above_and_beyond_03.jpg\" alt=\"Gerald Sommerer Space Above And Beyond 03\" class=\"wp-image-3101\" srcset=\"https:\/\/www.gerald-sommerer.de\/wp-content\/uploads\/2022\/02\/gerald_sommerer_space_above_and_beyond_03.jpg 1120w, https:\/\/www.gerald-sommerer.de\/wp-content\/uploads\/2022\/02\/gerald_sommerer_space_above_and_beyond_03-168x300.jpg 168w, https:\/\/www.gerald-sommerer.de\/wp-content\/uploads\/2022\/02\/gerald_sommerer_space_above_and_beyond_03-573x1024.jpg 573w, https:\/\/www.gerald-sommerer.de\/wp-content\/uploads\/2022\/02\/gerald_sommerer_space_above_and_beyond_03-84x150.jpg 84w, https:\/\/www.gerald-sommerer.de\/wp-content\/uploads\/2022\/02\/gerald_sommerer_space_above_and_beyond_03-768x1371.jpg 768w, https:\/\/www.gerald-sommerer.de\/wp-content\/uploads\/2022\/02\/gerald_sommerer_space_above_and_beyond_03-860x1536.jpg 860w\" sizes=\"auto, (max-width: 709px) 85vw, (max-width: 909px) 67vw, (max-width: 1362px) 62vw, 840px\" \/><\/a><\/figure>\n\n\n\n<figure class=\"wp-block-image size-large\"><a href=\"https:\/\/www.gerald-sommerer.de\/?attachment_id=3102\"><img loading=\"lazy\" decoding=\"async\" width=\"1198\" height=\"2000\" data-id=\"3102\" src=\"https:\/\/www.gerald-sommerer.de\/wp-content\/uploads\/2022\/02\/gerald_sommerer_space_above_and_beyond_04.jpg\" alt=\"Gerald Sommerer Space Above And Beyond 04\" class=\"wp-image-3102\" srcset=\"https:\/\/www.gerald-sommerer.de\/wp-content\/uploads\/2022\/02\/gerald_sommerer_space_above_and_beyond_04.jpg 1198w, https:\/\/www.gerald-sommerer.de\/wp-content\/uploads\/2022\/02\/gerald_sommerer_space_above_and_beyond_04-180x300.jpg 180w, https:\/\/www.gerald-sommerer.de\/wp-content\/uploads\/2022\/02\/gerald_sommerer_space_above_and_beyond_04-613x1024.jpg 613w, https:\/\/www.gerald-sommerer.de\/wp-content\/uploads\/2022\/02\/gerald_sommerer_space_above_and_beyond_04-90x150.jpg 90w, https:\/\/www.gerald-sommerer.de\/wp-content\/uploads\/2022\/02\/gerald_sommerer_space_above_and_beyond_04-768x1282.jpg 768w, https:\/\/www.gerald-sommerer.de\/wp-content\/uploads\/2022\/02\/gerald_sommerer_space_above_and_beyond_04-920x1536.jpg 920w\" sizes=\"auto, (max-width: 709px) 85vw, (max-width: 909px) 67vw, (max-width: 1362px) 62vw, 840px\" \/><\/a><\/figure>\n\n\n\n<figure class=\"wp-block-image size-large\"><a href=\"https:\/\/www.gerald-sommerer.de\/?attachment_id=3100\"><img loading=\"lazy\" decoding=\"async\" width=\"1278\" height=\"2000\" data-id=\"3100\" src=\"https:\/\/www.gerald-sommerer.de\/wp-content\/uploads\/2022\/02\/gerald_sommerer_space_above_and_beyond_02.jpg\" alt=\"Gerald Sommerer Space Above And Beyond 02\" class=\"wp-image-3100\" srcset=\"https:\/\/www.gerald-sommerer.de\/wp-content\/uploads\/2022\/02\/gerald_sommerer_space_above_and_beyond_02.jpg 1278w, https:\/\/www.gerald-sommerer.de\/wp-content\/uploads\/2022\/02\/gerald_sommerer_space_above_and_beyond_02-192x300.jpg 192w, https:\/\/www.gerald-sommerer.de\/wp-content\/uploads\/2022\/02\/gerald_sommerer_space_above_and_beyond_02-654x1024.jpg 654w, https:\/\/www.gerald-sommerer.de\/wp-content\/uploads\/2022\/02\/gerald_sommerer_space_above_and_beyond_02-96x150.jpg 96w, https:\/\/www.gerald-sommerer.de\/wp-content\/uploads\/2022\/02\/gerald_sommerer_space_above_and_beyond_02-768x1202.jpg 768w, https:\/\/www.gerald-sommerer.de\/wp-content\/uploads\/2022\/02\/gerald_sommerer_space_above_and_beyond_02-982x1536.jpg 982w, https:\/\/www.gerald-sommerer.de\/wp-content\/uploads\/2022\/02\/gerald_sommerer_space_above_and_beyond_02-1200x1878.jpg 1200w\" sizes=\"auto, (max-width: 709px) 85vw, (max-width: 909px) 67vw, (max-width: 1362px) 62vw, 840px\" \/><\/a><\/figure>\n\n\n\n<figure class=\"wp-block-image size-large\"><a href=\"https:\/\/www.gerald-sommerer.de\/?attachment_id=3107\"><img loading=\"lazy\" decoding=\"async\" width=\"1392\" height=\"2000\" data-id=\"3107\" src=\"https:\/\/www.gerald-sommerer.de\/wp-content\/uploads\/2022\/02\/gerald_sommerer_space_above_and_beyond_09.jpg\" alt=\"Gerald Sommerer Space Above And Beyond 09\" class=\"wp-image-3107\" srcset=\"https:\/\/www.gerald-sommerer.de\/wp-content\/uploads\/2022\/02\/gerald_sommerer_space_above_and_beyond_09.jpg 1392w, https:\/\/www.gerald-sommerer.de\/wp-content\/uploads\/2022\/02\/gerald_sommerer_space_above_and_beyond_09-209x300.jpg 209w, https:\/\/www.gerald-sommerer.de\/wp-content\/uploads\/2022\/02\/gerald_sommerer_space_above_and_beyond_09-713x1024.jpg 713w, https:\/\/www.gerald-sommerer.de\/wp-content\/uploads\/2022\/02\/gerald_sommerer_space_above_and_beyond_09-104x150.jpg 104w, https:\/\/www.gerald-sommerer.de\/wp-content\/uploads\/2022\/02\/gerald_sommerer_space_above_and_beyond_09-768x1103.jpg 768w, https:\/\/www.gerald-sommerer.de\/wp-content\/uploads\/2022\/02\/gerald_sommerer_space_above_and_beyond_09-1069x1536.jpg 1069w, https:\/\/www.gerald-sommerer.de\/wp-content\/uploads\/2022\/02\/gerald_sommerer_space_above_and_beyond_09-1200x1724.jpg 1200w\" sizes=\"auto, (max-width: 709px) 85vw, (max-width: 909px) 67vw, (max-width: 1362px) 62vw, 840px\" \/><\/a><\/figure>\n\n\n\n<figure class=\"wp-block-image size-large\"><a href=\"https:\/\/www.gerald-sommerer.de\/?attachment_id=3108\"><img loading=\"lazy\" decoding=\"async\" width=\"1500\" height=\"2000\" data-id=\"3108\" src=\"https:\/\/www.gerald-sommerer.de\/wp-content\/uploads\/2022\/02\/gerald_sommerer_space_above_and_beyond_10.jpg\" alt=\"Gerald Sommerer Space Above And Beyond 10\" class=\"wp-image-3108\" srcset=\"https:\/\/www.gerald-sommerer.de\/wp-content\/uploads\/2022\/02\/gerald_sommerer_space_above_and_beyond_10.jpg 1500w, https:\/\/www.gerald-sommerer.de\/wp-content\/uploads\/2022\/02\/gerald_sommerer_space_above_and_beyond_10-225x300.jpg 225w, https:\/\/www.gerald-sommerer.de\/wp-content\/uploads\/2022\/02\/gerald_sommerer_space_above_and_beyond_10-768x1024.jpg 768w, https:\/\/www.gerald-sommerer.de\/wp-content\/uploads\/2022\/02\/gerald_sommerer_space_above_and_beyond_10-113x150.jpg 113w, https:\/\/www.gerald-sommerer.de\/wp-content\/uploads\/2022\/02\/gerald_sommerer_space_above_and_beyond_10-1152x1536.jpg 1152w, https:\/\/www.gerald-sommerer.de\/wp-content\/uploads\/2022\/02\/gerald_sommerer_space_above_and_beyond_10-1200x1600.jpg 1200w\" sizes=\"auto, (max-width: 709px) 85vw, (max-width: 909px) 67vw, (max-width: 1362px) 62vw, 840px\" \/><\/a><\/figure>\n<\/figure>\n\n\n\n<hr class=\"wp-block-separator has-css-opacity\"\/>\n\n\n\n<h2 class=\"wp-block-heading\" id=\"bestandteile-des-kostums\">Bestandteile des Kost\u00fcms:<\/h2>\n\n\n\n<p>Basis Uniform ist grunds\u00e4tzlich ein &#8222;United States Military CWU 27\/P Nomex Flight Suit&#8220; in der Farbe &#8222;Sage Green&#8220;.<\/p>\n\n\n\n<p>Sichtbar darunter wird ein schwarzes Rollkragen-Shirt getragen (oder ein wei\u00dfes T-Shirt mit Rundhalsausschnitt).<\/p>\n\n\n\n<p>Schwarze Schn\u00fcr-Milit\u00e4rstiefel.<\/p>\n\n\n\n<p>Nomex Pilotenhandschuhe in oliv.<\/p>\n\n\n\n<p>Links auf der Brust: Der USMC Naval Flight Officer Gold Wing Badge (Pin) oder der USMC-Patch.<\/p>\n\n\n\n<p>Auf den Schultern befinden sich (&#8222;\u00f6fter mal&#8220;) die silbernen Metall-Abzeichen &#8222;1St-Lieutenant&#8220;.<\/p>\n\n\n\n<h2 class=\"wp-block-heading\" id=\"patches\">Patches:<\/h2>\n\n\n\n<p>Auf dem Flight Suit des 58th Squadron sind 8 verschiedene Patches angebracht.<\/p>\n\n\n\n\n\n<p>Die oben abgebildeten 7 Patches und ein Name-Patch.<\/p>\n\n\n\n<p>Alle Patches wurden von mir mit Klett (oliv) angebracht und sind abnehmbar. Der USMC-Patch ist bei mir durch den Pin ersetzt.<\/p>\n\n\n\n<hr class=\"wp-block-separator has-css-opacity\"\/>\n\n\n\n<h2 class=\"wp-block-heading\" id=\"fligh-suit-layout-in-der-serie\">Fligh Suit Layout in der Serie:<\/h2>\n\n\n\n<p>Unten abgebildet ist das generelle Flight Suit Layout in der Serie. Dies wird auch von der 58th Squadron verwendet.<\/p>\n\n\n\n<figure class=\"wp-block-image size-large\"><img decoding=\"async\" src=\"https:\/\/images-wixmp-ed30a86b8c4ca887773594c2.wixmp.com\/f\/fc099633-55c3-477c-862f-a988201e4b97\/d5d0v0a-fd902eb9-973f-47d6-a96b-23f874e15fbd.png?token=eyJ0eXAiOiJKV1QiLCJhbGciOiJIUzI1NiJ9.eyJzdWIiOiJ1cm46YXBwOiIsImlzcyI6InVybjphcHA6Iiwib2JqIjpbW3sicGF0aCI6IlwvZlwvZmMwOTk2MzMtNTVjMy00NzdjLTg2MmYtYTk4ODIwMWU0Yjk3XC9kNWQwdjBhLWZkOTAyZWI5LTk3M2YtNDdkNi1hOTZiLTIzZjg3NGUxNWZiZC5wbmcifV1dLCJhdWQiOlsidXJuOnNlcnZpY2U6ZmlsZS5kb3dubG9hZCJdfQ.gil1FJ0yJwO7irDXdvS1aL6cyyIICUMxDhrEjga4O7Y\" alt=\"\"\/><\/figure>\n\n\n\n<p><a href=\"https:\/\/images-wixmp-ed30a86b8c4ca887773594c2.wixmp.com\/f\/fc099633-55c3-477c-862f-a988201e4b97\/d5d0v0a-fd902eb9-973f-47d6-a96b-23f874e15fbd.png?token=eyJ0eXAiOiJKV1QiLCJhbGciOiJIUzI1NiJ9.eyJzdWIiOiJ1cm46YXBwOiIsImlzcyI6InVybjphcHA6Iiwib2JqIjpbW3sicGF0aCI6IlwvZlwvZmMwOTk2MzMtNTVjMy00NzdjLTg2MmYtYTk4ODIwMWU0Yjk3XC9kNWQwdjBhLWZkOTAyZWI5LTk3M2YtNDdkNi1hOTZiLTIzZjg3NGUxNWZiZC5wbmcifV1dLCJhdWQiOlsidXJuOnNlcnZpY2U6ZmlsZS5kb3dubG9hZCJdfQ.gil1FJ0yJwO7irDXdvS1aL6cyyIICUMxDhrEjga4O7Y\" target=\"_blank\" rel=\"noreferrer noopener\">Quelle<\/a><\/p>\n\n\n\n<hr class=\"wp-block-separator has-css-opacity\"\/>\n\n\n\n<h2 class=\"wp-block-heading\" id=\"variationen\">Variationen:<\/h2>\n\n\n\n<p>Obwohl die Serie nur eine Season hat, kommen sehr viele Variationen in fast allen Bereichen vor. Die Flight Suits und teilweise die Patches erscheinen im Laufe der einzelnen Episoden in unterschiedlichen Ausf\u00fchrungen. Die Suits variieren in Schnitt und Farbe. Hinzu kommen noch &#8222;Abn\u00fctzung&#8220; und schlicht die Art der jeweiligen Screenshots\/Fotos. <br>Der Marine Space Task Force Patch ist teils mit, teils ohne Schriftzug zu sehen. Der Mars Mission Patch (orange) teils mit Schrift (USMC) im Patch, teils ohne. Auch die Gr\u00f6\u00dfe der Patches und die genau Lokalisierung auf dem Flight Suit ver\u00e4ndern sich.<br>Die Handfeuerwaffe M70 ist in unterschiedlichen Gr\u00fcnt\u00f6nen lackiert und die lackierten Teile variieren auch. \ud83d\ude42<\/p>\n\n\n\n<h2 class=\"wp-block-heading\" id=\"die-waffe\">Die Waffe:<\/h2>\n\n\n\n<p>Die Basis f\u00fcr die M70 Filmwaffe ist eine <a href=\"http:\/\/www.imfdb.org\/wiki\/Space:_Above_and_Beyond#M70_Pistol_.28modified_Glock_17L.29\" target=\"_blank\" rel=\"noreferrer noopener\">Glock 17L<\/a><\/p>\n\n\n\n<figure class=\"wp-block-image size-large\"><img decoding=\"async\" src=\"http:\/\/www.space-readyroom.de\/images\/SAAB_M-70_jpg.jpg\" alt=\"\"\/><figcaption><a href=\"http:\/\/www.space-readyroom.de\/images\/SAAB_M-70_jpg.jpg\" target=\"_blank\" rel=\"noreferrer noopener\">Quelle<\/a><\/figcaption><\/figure>\n\n\n\n<hr class=\"wp-block-separator has-css-opacity\"\/>\n\n\n\n<p>Die Waffe wurde von mir 3D-gedruckt (PETG).<br>Hier die Druckdatei (die Vorlage ist einteilig, daher nicht so optimal zum Drucken und Nachbearbeiten, muss hochskaliert werden):<br><a rel=\"noreferrer noopener\" href=\"https:\/\/www.thingiverse.com\/thing:2841401\" target=\"_blank\">https:\/\/www.thingiverse.com\/thing:2841401<\/a><\/p>\n\n\n\n<hr class=\"wp-block-separator has-css-opacity\"\/>\n\n\n\n<h2 class=\"wp-block-heading\">Als kleines Extra &#8211; Der Fotoanh\u00e4nger:<\/h2>\n\n\n\n\n\n<hr class=\"wp-block-separator has-css-opacity\"\/>\n\n\n\n<h2 class=\"wp-block-heading\">Die Serie:<\/h2>\n\n\n\n<p>Info zur Serie: <a rel=\"noreferrer noopener\" href=\"https:\/\/de.wikipedia.org\/wiki\/Space_2063\" target=\"_blank\">https:\/\/de.wikipedia.org\/wiki\/Space_2063<\/a><\/p>\n\n\n\n<hr class=\"wp-block-separator has-alpha-channel-opacity\"\/>\n\n\n\n<p>Alle Folgen (m\u00e4\u00dfige Videoqualit\u00e4t):<a rel=\"noreferrer noopener\" href=\"https:\/\/www.youtube.com\/playlist?list=PLRxNNBBSkSebf3LEB4D3SKw-lqYVlz8p_\" target=\"_blank\"><br>https:\/\/youtube.com\/playlist?list=PLRxNNBBSkSebf3LEB4D3SKw-lqYVlz8p_<\/a><\/p>\n\n\n\n<hr class=\"wp-block-separator has-css-opacity\"\/>\n\n\n\n<h2 class=\"wp-block-heading\" id=\"weitere-referenzbilder\">Weitere Referenzbilder:<\/h2>\n\n\n\n<figure class=\"wp-block-image size-large\"><img decoding=\"async\" src=\"https:\/\/vignette.wikia.nocookie.net\/spaceaboveandbeyond\/images\/e\/ec\/West.jpg\/revision\/latest?cb=20170422000758\" alt=\"\"\/><figcaption><a href=\"https:\/\/vignette.wikia.nocookie.net\/spaceaboveandbeyond\/images\/e\/ec\/West.jpg\/revision\/latest?cb=20170422000758\" target=\"_blank\" rel=\"noreferrer noopener\">Quelle<\/a><\/figcaption><\/figure>\n\n\n\n<figure class=\"wp-block-image size-large\"><img decoding=\"async\" src=\"https:\/\/images-eu.ssl-images-amazon.com\/images\/G\/03\/dvd\/fgeiger\/bilder\/space2063\/Space2063-Amazon05.jpg\" alt=\"\"\/><figcaption><a href=\"https:\/\/images-eu.ssl-images-amazon.com\/images\/G\/03\/dvd\/fgeiger\/bilder\/space2063\/Space2063-Amazon05.jpg\" target=\"_blank\" rel=\"noreferrer noopener\">Quelle<\/a><\/figcaption><\/figure>\n\n\n\n<figure class=\"wp-block-image size-large\"><img decoding=\"async\" src=\"https:\/\/i.ytimg.com\/vi\/HXq77WzPLiI\/hqdefault.jpg\" alt=\"\"\/><figcaption><a href=\"https:\/\/i.ytimg.com\/vi\/HXq77WzPLiI\/hqdefault.jpg\" target=\"_blank\" rel=\"noreferrer noopener\">Quelle<\/a><\/figcaption><\/figure>\n\n\n\n<figure class=\"wp-block-image size-large\"><img decoding=\"async\" src=\"https:\/\/musingsofamiddleagedgeek.files.wordpress.com\/2019\/07\/ariane179254_spaceaboveandbeyond_1x01_1x02_pilot_6316.jpg?w=1000\" alt=\"\"\/><figcaption><a href=\"https:\/\/musingsofamiddleagedgeek.files.wordpress.com\/2019\/07\/ariane179254_spaceaboveandbeyond_1x01_1x02_pilot_6316.jpg?w=1000\" target=\"_blank\" rel=\"noreferrer noopener\">Quelle<\/a><\/figcaption><\/figure>\n\n\n\n<figure class=\"wp-block-image size-large\"><img decoding=\"async\" src=\"https:\/\/i.pinimg.com\/474x\/62\/4c\/f0\/624cf0d3c3299b15fded764d22be7feb.jpg\" alt=\"\"\/><figcaption><a href=\"https:\/\/i.pinimg.com\/474x\/62\/4c\/f0\/624cf0d3c3299b15fded764d22be7feb.jpg\" target=\"_blank\" rel=\"noreferrer noopener\">Quelle<\/a><\/figcaption><\/figure>\n\n\n\n<hr class=\"wp-block-separator has-css-opacity\"\/>\n\n\n\n<h2 class=\"wp-block-heading\">\u00dcber die Serie:<\/h2>\n\n\n\n<figure class=\"wp-block-embed is-type-video is-provider-youtube wp-block-embed-youtube wp-embed-aspect-16-9 wp-has-aspect-ratio\"><div class=\"wp-block-embed__wrapper\">\n<iframe loading=\"lazy\" title=\"Space Above and Beyond - A Hidden Sci-Fi Gem\" width=\"840\" height=\"473\" src=\"https:\/\/www.youtube.com\/embed\/JAGRUcKE7xk?feature=oembed\" frameborder=\"0\" allow=\"accelerometer; autoplay; clipboard-write; encrypted-media; gyroscope; picture-in-picture\" allowfullscreen><\/iframe>\n<\/div><\/figure>\n\n\n\n<hr class=\"wp-block-separator has-css-opacity\"\/>\n\n\n\n<p>Golem.de: <a href=\"https:\/\/www.golem.de\/news\/vor-25-jahren-space-2063-military-sci-fi-auf-hoechstem-niveau-2102-154230.html\" target=\"_blank\" rel=\"noreferrer noopener\">Military-Sci-Fi auf h\u00f6chstem Nivea<strong>u<\/strong><\/a><\/p>\n\n\n\n<p>Review der letzten Folge: <a href=\"https:\/\/them0vieblog.com\/2014\/12\/11\/space-above-and-beyond-tell-our-moms-we-done-our-best-review\/\" target=\"_blank\" rel=\"noreferrer noopener\">https:\/\/them0vieblog.com\/2014\/12\/11\/space-above-and-beyond-tell-our-moms-we-done-our-best-review\/<\/a><\/p>\n\n\n\n<hr class=\"wp-block-separator has-css-opacity\"\/>\n\n\n\n<pre id=\"tw-target-text\" class=\"wp-block-preformatted\">This is a private fansite. I like Space Above And Beyond \/ Space 2063 very much. This is all this website is about.\n\nThis site is not endorsed by 20th Television and is intended for entertainment and information purposes only.\nAll related items are registered trademarks and\/or copyrights of 20th Television, or their respective trademark and copyright holders.\n\nAll images above are embedded by link. All credit to the original creator.\nThe sources have been cited.<\/pre>\n\n\n\n<hr class=\"wp-block-separator has-css-opacity\"\/>\n\n\n\n<p><\/p>\n","protected":false},"excerpt":{"rendered":"<p>&#8222;Space Above And Beyond&#8220; oder in Deutschland &#8222;Space 2063&#8220;. Eine absolute Lieblingsserie von mir. In Deutschland 1996 gesendet. Leider nach einer Season eingestellt. Aber eine Serie mit vielschichtigen Handlungsstr\u00e4ngen, Anspielungen auf aktuelle Probleme, eine interessante Mischung aus Action in Verbindung mit intensiven Einblicken in das Innere der Charaktere &#8230;und insgesamt mit dem besonderen Etwas ! &hellip; <a href=\"https:\/\/www.gerald-sommerer.de\/?page_id=2873\" class=\"more-link\"><span class=\"screen-reader-text\">\u201eSpace Above and Beyond &#8211; Cosplay\u201c <\/span>weiterlesen<\/a><\/p>\n","protected":false},"author":1,"featured_media":0,"parent":0,"menu_order":0,"comment_status":"closed","ping_status":"closed","template":"","meta":{"footnotes":""},"class_list":["post-2873","page","type-page","status-publish","hentry"],"_links":{"self":[{"href":"https:\/\/www.gerald-sommerer.de\/index.php?rest_route=\/wp\/v2\/pages\/2873","targetHints":{"allow":["GET"]}}],"collection":[{"href":"https:\/\/www.gerald-sommerer.de\/index.php?rest_route=\/wp\/v2\/pages"}],"about":[{"href":"https:\/\/www.gerald-sommerer.de\/index.php?rest_route=\/wp\/v2\/types\/page"}],"author":[{"embeddable":true,"href":"https:\/\/www.gerald-sommerer.de\/index.php?rest_route=\/wp\/v2\/users\/1"}],"replies":[{"embeddable":true,"href":"https:\/\/www.gerald-sommerer.de\/index.php?rest_route=%2Fwp%2Fv2%2Fcomments&post=2873"}],"version-history":[{"count":65,"href":"https:\/\/www.gerald-sommerer.de\/index.php?rest_route=\/wp\/v2\/pages\/2873\/revisions"}],"predecessor-version":[{"id":3945,"href":"https:\/\/www.gerald-sommerer.de\/index.php?rest_route=\/wp\/v2\/pages\/2873\/revisions\/3945"}],"wp:attachment":[{"href":"https:\/\/www.gerald-sommerer.de\/index.php?rest_route=%2Fwp%2Fv2%2Fmedia&parent=2873"}],"curies":[{"name":"wp","href":"https:\/\/api.w.org\/{rel}","templated":true}]}}