{"id":3770,"date":"2025-03-18T19:35:56","date_gmt":"2025-03-18T18:35:56","guid":{"rendered":"https:\/\/www.gerald-sommerer.de\/?page_id=3770"},"modified":"2025-03-18T19:35:56","modified_gmt":"2025-03-18T18:35:56","slug":"lichtschwert-ultrasaber-initiate-v4","status":"publish","type":"page","link":"https:\/\/www.gerald-sommerer.de\/?page_id=3770","title":{"rendered":"Lichtschwert &#8211; Ultrasaber Initiate V4"},"content":{"rendered":"\n<p id=\"block-bd874260-c10a-4877-a310-c4c6da683455\">Von Ultrasaber aus den USA habe ich mir 2016 dieses Lichtschwert geg\u00f6nnt:<\/p>\n\n\n\n<p id=\"block-4f33b4de-10d6-44f6-bca0-12b1496e93e0\"><strong>Das Ultrasaber Initiate V4 mit Obsidian Premium Sound<\/strong><\/p>\n\n\n\n<p id=\"block-f5ef7b11-34c7-462d-a735-55b50dc317af\">Kurz zusammengefasst. Es handelt sich um ein Lichtschwert mit Licht (rot) und Sound. Beim Ein-, Ausschalten und im Betrieb wird ein entsprechender Sound ausgegeben. Trifft das Lichtschwert auf ein Hindernis, gibts es einen weiteren speziellen Sound und es wird ein silberner Blitz erzeugt (Flash on Clash). Das Lichtschwert ist voll einsatzbereit, entsprechend stabil konstruiert und kann mit einer Heavy Grade Klinge f\u00fcr alle K\u00e4mpfe verwendet werden.<\/p>\n\n\n\n<p id=\"block-85518064-3f85-4263-8836-a9674e0b2c77\">Also: A Traum f\u00fcr jeden Star Wars Fan!!! \ud83d\ude42<\/p>\n\n\n\n<p id=\"block-d349ab6a-bfa6-430b-bfb2-aace89a62d30\">Mein Lichtschwert hat folgende Ausstattung:<\/p>\n\n\n\n<p id=\"block-90171e85-66e5-4978-a9f7-bc5444f64acd\">(bei Ultrasaber k\u00f6nnen diverse Optionen f\u00fcr eine individuelle Konfiguration gew\u00e4hlt werden)<br><br>Griff: 1,45&#8243; Durchmesser<br>Griff: 9,875&#8243; L\u00e4nge<br>Klinge\/Blade: Polycarbonate<br>Blade LED Color:Blazing Red<br>Flash on Clash:Flash Silver<br>Battery Configuration:Li-Ion Setup with BuckPuck<br>No Recharge Port<br>Blades: 1x Ultraedge Midgrade, 1x Midgrade, 1x Heavy Grade (Fotos)<br>Blade Size: 32&#8243; Blade<br>Included Windows in Emitter<br>Pommel: Regular Vented Pommel +&nbsp;Malice Round Pommel (Foto)<br>Obsidian USB V4 Sound<br>Red Illuminated Silver AV Switch<br>Blade Tip: Round Tip<br>Standard Plug +&nbsp;Circle Blade Plug (nicht auf den Fotos zu sehen)<br>mit Covertec Wheel<\/p>\n\n\n\n<figure class=\"wp-block-image\" id=\"block-de103ff3-5c9f-4a22-96ed-ca489ffb5f98\"><a href=\"https:\/\/www.gerald-sommerer.de\/?attachment_id=2175\"><img loading=\"lazy\" decoding=\"async\" width=\"1024\" height=\"112\" src=\"https:\/\/www.gerald-sommerer.de\/wp-content\/uploads\/2025\/03\/gerald_sommerer_lichtschwert_ultrasaber_03-1024x112-1.jpg\" alt=\"Gerald Sommerer Lichtschwert Ultrasaber 03\" class=\"wp-image-3772\" srcset=\"https:\/\/www.gerald-sommerer.de\/wp-content\/uploads\/2025\/03\/gerald_sommerer_lichtschwert_ultrasaber_03-1024x112-1.jpg 1024w, https:\/\/www.gerald-sommerer.de\/wp-content\/uploads\/2025\/03\/gerald_sommerer_lichtschwert_ultrasaber_03-1024x112-1-300x33.jpg 300w, https:\/\/www.gerald-sommerer.de\/wp-content\/uploads\/2025\/03\/gerald_sommerer_lichtschwert_ultrasaber_03-1024x112-1-150x16.jpg 150w, https:\/\/www.gerald-sommerer.de\/wp-content\/uploads\/2025\/03\/gerald_sommerer_lichtschwert_ultrasaber_03-1024x112-1-768x84.jpg 768w\" sizes=\"auto, (max-width: 709px) 85vw, (max-width: 909px) 67vw, (max-width: 1362px) 62vw, 840px\" \/><\/a><figcaption class=\"wp-element-caption\">Covertec Wheel<\/figcaption><\/figure>\n\n\n\n<p id=\"block-dec7dd0c-02ee-4dc0-89f6-bfa3ed6fa4d6\">Bestellung \/ Zoll:<\/p>\n\n\n\n<p id=\"block-35b37269-ca74-4c78-93da-0ecf2df8f58f\">Die Bestellung in den USA verlief problemlos, bezahlt wurde mit PayPal.<\/p>\n\n\n\n<p id=\"block-fa75b63b-3203-41f6-bba9-8a0e32ff8f7e\">Der Kundenservice war sehr freundlich und hat auf alle Anfragen z\u00fcgig reagiert. Wenn eine l\u00e4ngere Lieferzeit angezeigt wird, bietet es sich an vor einer Bestellung, die Lieferbarkeit per Email anzufragen. Hier bekommt man dann eine etwas genauere Prognose. Bei mir ging es aber trotzdem viel schneller.<\/p>\n\n\n\n<p id=\"block-3bf0213e-b61c-4686-8f6f-9c7293efd3e9\">Die Bearbeitungsdauer war der Hit. Samstag bestellt, Montag verschickt, eine Woche sp\u00e4ter montags geliefert. Sehr fix!!<\/p>\n\n\n\n<p id=\"block-ee62c1ff-359e-4473-8706-d8571271c8ee\">Die Bestellung musste nat\u00fcrlich durch den Zoll, gab aber keine gr\u00f6\u00dferen Probleme.<br>Angefordert wurde nur zus\u00e4tzlich ein Zahlungsnachweis (Paypal-Ausdruck), um den Wert der Ware zu best\u00e4tigen (hier wurde von Ultrasaber ein f\u00e4lschlich zu niedriger Preis angeben). FedEx \u00fcbernahm die gesamte Abwicklung. Sehr praktisch.<\/p>\n\n\n\n<p id=\"block-a6374d17-a5d6-4481-ae02-6f93a33338a2\">Auf den Gesamtwert der Rechnung (auch auf die Versandkosten) wurden 19% Einfuhrumsatzsteuer erhoben. Z\u00f6lle fielen keine an. Zu diesen Kosten kamen noch pauschal 12,50 Euro f\u00fcr FedEx dazu.<\/p>\n\n\n\n<p id=\"block-6df9a915-9185-424b-8ae1-c6bd3e7143ee\">Die Einfuhrabgaben wurden von FedEx vorgestreckt (Beauftragung n\u00f6tig!) und mussten dann \u00fcberwiesen werden. Je nach H\u00f6he der anfallenden Kosten wird der Betrag eventuell auch direkt vom Paketboten eingefordert. Bei h\u00f6heren Betr\u00e4gen gibt es aber wohl immer eine Rechnung.<\/p>\n\n\n\n<p id=\"block-7ffb40c1-a87c-4bde-8303-63de109b251e\">Tipp: Bei einer Bestellung fr\u00fchzeitig nach der Versandbenachrichtigung bei FedEx anrufen. N\u00f6tig ist wohl immer eine unterschriebene Beauftragung f\u00fcr FedEx, damit sie die Einfuhr abwickeln und entsprechende Abgaben auslegen. Hier musste auch die Ware kurz beschrieben werden. Zus\u00e4tzlich wurde ein Zahlungsbeleg angefordert. Paypal-Belege werden anscheinend vom Zoll gerne und unproblematisch akzeptiert. Die entsprechenden Unterlagen und das Formular erh\u00e4lt man von FedEx per Email. Nach dem Ausf\u00fcllen kann man es per Email oder Fax zur\u00fcck senden.<\/p>\n\n\n\n<p id=\"block-a0f31221-156b-4d0c-a155-a80e634a04fc\">Verarbeitung:<\/p>\n\n\n\n<p id=\"block-8420df15-b73f-48dd-9d17-8b11f16d5970\">Das Lichtschwert ist top verarbeitet. Optisch sind keinerlei M\u00e4ngel erkennbar. Die Technik funktioniert einwandfrei.<\/p>\n\n\n\n<p id=\"block-37b12cda-d309-4d4f-8d5f-d250741aa530\">Der Einschaltknopf kann mit und ohne Beleuchtung gew\u00e4hlt werden. Mit Beleuchtung schaut richtig gut aus! Da sieht man den Kyber Crystal durchscheinen. \ud83d\ude42<\/p>\n\n\n\n<p id=\"block-797ac929-84f8-4ffc-82a2-10f00a823428\">Energieversorgung:<\/p>\n\n\n\n<p id=\"block-90502d98-df2a-4ae0-998a-9f521f19eab0\">F\u00fcr die Stromversorgung werden zwei 3,7 V Li-Ionen-Akkus ben\u00f6tigt. Zum Aufladen ebenso ein Ladeger\u00e4t, welches f\u00fcr diese Art Akkus geeignet ist. Das Ladeger\u00e4t und 2 Akkus sind im Preis inbegriffen.<br>Die Akkus bekommt man auch in Deutschland ohne Probleme. Kann man z.B. bei Amazon.de bestellen.<\/p>\n\n\n\n<p id=\"block-110c7245-2abb-41ea-a485-9d89edf12441\">Zum Aufladen m\u00fcssen die Akkus aus dem Schwert genommen werden.<br>Gegen Aufpreis kann man im Schwert einen Anschluss zum Aufladen integrieren lassen.<br>Der kostet aber kr\u00e4ftig und ich war mir auch nicht sicher, wie dieser optisch am Schwert aussieht.<br>Ich habe daher auf einen solchen Anschluss verzichtet.<br>Das Ladeger\u00e4t wird \u00fcber USB an ein USB-Ladeger\u00e4t angeschlossen. Das Problem eines passenden Steckers f\u00fcr die EU-Steckdose stellt sich daher nicht.<\/p>\n\n\n\n<p id=\"block-b76365c8-e716-47da-b288-420fc16e80c7\">Klinge:<\/p>\n\n\n\n<p id=\"block-1ebbb54b-0451-422c-bf88-5950ac2aeb8b\">Die Klinge leuchtet auch bei Tageslicht deutlich sichtbar rot. Bei Dunkelheit ist der Effekt nat\u00fcrlich noch spektakul\u00e4rer.<\/p>\n\n\n\n<p id=\"block-6948d2ff-ae3a-4bbd-99d2-43843f333b5d\">Bei der Ultraedge Klinge wirkt das Rot etwas voller aber daf\u00fcr leuchtet die Klinge nicht ganz so hell.<\/p>\n\n\n\n<p id=\"block-30c4516e-7ef3-4d84-a587-485e96f6c55d\">Die Heavy Grade Klinge (stabiler, f\u00fcr K\u00e4mpfe ideal) ist sp\u00fcrbar schwerer. Das Gewicht ist aber kein Problem, das Lichtschwert liegt so oder so gut in der Hand. Ich finde mit der Heavy Grade ist die Balance des Schwerts sogar etwas besser.<\/p>\n\n\n\n<p id=\"block-1b6830d1-3279-4b74-a510-2ca18138637f\">Sound:<\/p>\n\n\n\n<p id=\"block-fc35b0e4-6311-42be-882f-57249b710894\">Der Sound ist wirklich klasse! Genau wie in den Filmen.<\/p>\n\n\n\n<p id=\"block-ae0441df-ee8d-4101-8d22-74547d0eb91b\">\u00dcber den Einschaltknopf k\u00f6nnen 8 verschiedene Soundfonts ausgew\u00e4hlt werden. Mir pers\u00f6nlich gef\u00e4llt der Standard Obsidian Soundfont am besten.<\/p>\n\n\n\n<p id=\"block-28b958f3-9094-4f8a-8450-21c92fc855db\">Das Obisidian V4 Soundboard kann \u00fcber USB mit dem PC\/MAC verbunden werden, um die Soundfonts weiter zu personalisieren. Dies habe ich aber noch &nbsp;nicht ausprobiert. Der Sound ist &#8222;ab Werk&#8220; klasse.<\/p>\n\n\n\n<p id=\"block-1e1155fd-5b19-4375-9da8-c7544a40201b\">Befestigung:<\/p>\n\n\n\n<p id=\"block-26e0dc47-4513-4979-a7f3-be26dee141a2\">Zur Befestigung am G\u00fcrtel habe ich mir einen Covertec Clip mitbestellt &nbsp;und am Schwert ein Covertec Wheel anbringen lassen. Damit kann das Schwert am G\u00fcrtel sicher und unkompliziert befestigt werden.&nbsp;Dieses System wurde bei Episode I bis III auch in den Filmen verwendet.<\/p>\n\n\n\n<p id=\"block-2c192e17-4e33-4143-825d-c8a3d9d96abb\">Handling:<\/p>\n\n\n\n<p id=\"block-a18fb6e6-989d-4e5b-a043-e43b19a47718\">Ich verwende das Lichtschwert haupts\u00e4chlich f\u00fcr Spinning-Tricks (Anf\u00e4nger&#8230;). Daf\u00fcr ist es super geeignet. Es liegt prima in der Hand.<\/p>\n\n\n\n<p id=\"block-3951f806-ac69-462b-947c-4bae24824c78\">Es hat f\u00fcr Spinning-Tricks, denke ich, eine gute L\u00e4nge. F\u00fcr K\u00e4mpfe ist es aber wohl fast etwas kurz. Wobei ich ohne Schwierigkeiten auch beide H\u00e4nde um den Griff legen kann.<\/p>\n\n\n\n<p id=\"block-6968f8cd-af01-4506-9983-79102f95f384\">Den Knauf &#8222;Malice Round&#8220; habe ich mitbestellt, weil er mir sehr gut gefallen hat. Kleines Problem, er hatte viele recht scharfe Kanten. Wohl eher f\u00fcr Ausstellungsst\u00fccke gedacht. Nach etwas Schleifarbeit aber entsch\u00e4rft. Jetzt hat der Knauf auch einen interessanten Look und hebt sich etwas vom Griff ab.<\/p>\n\n\n\n<p id=\"block-759930aa-3fef-4fec-ae40-e6b2d20c6572\">Fazit:<\/p>\n\n\n\n<p id=\"block-3d8e75f5-9866-4063-b1ce-2793b710a683\">Ein Lichtschwert, dass ich empfehlen kann!<\/p>\n\n\n\n<p id=\"block-27e1bb69-62e6-4599-9b5d-e8c9ebb8ecd8\">Ein Traum f\u00fcr einen Star Wars Fan!<\/p>\n\n\n\n<p id=\"block-130f6f04-9e7d-423c-879b-f4b86965d023\">Links:<\/p>\n\n\n\n<p id=\"block-7682b7eb-7948-45f3-823a-6f53a5672c2b\"><a href=\"http:\/\/www.ultrasabers.com\" target=\"_blank\" rel=\"noreferrer noopener\">Ultrasaber.com<\/a><\/p>\n\n\n\n<p id=\"block-8aa96692-4f81-4eed-9077-708c0bbfe10d\"><a href=\"https:\/\/www.saberproject.de\/academy\/\" target=\"_blank\" rel=\"noreferrer noopener\">Tutorials f\u00fcr Lichtschwert Tricks<\/a><\/p>\n","protected":false},"excerpt":{"rendered":"<p>Von Ultrasaber aus den USA habe ich mir 2016 dieses Lichtschwert geg\u00f6nnt: Das Ultrasaber Initiate V4 mit Obsidian Premium Sound Kurz zusammengefasst. Es handelt sich um ein Lichtschwert mit Licht (rot) und Sound. Beim Ein-, Ausschalten und im Betrieb wird ein entsprechender Sound ausgegeben. Trifft das Lichtschwert auf ein Hindernis, gibts es einen weiteren speziellen &hellip; <a href=\"https:\/\/www.gerald-sommerer.de\/?page_id=3770\" class=\"more-link\"><span class=\"screen-reader-text\">\u201eLichtschwert &#8211; Ultrasaber Initiate V4\u201c <\/span>weiterlesen<\/a><\/p>\n","protected":false},"author":1,"featured_media":0,"parent":0,"menu_order":0,"comment_status":"closed","ping_status":"closed","template":"","meta":{"footnotes":""},"class_list":["post-3770","page","type-page","status-publish","hentry"],"_links":{"self":[{"href":"https:\/\/www.gerald-sommerer.de\/index.php?rest_route=\/wp\/v2\/pages\/3770","targetHints":{"allow":["GET"]}}],"collection":[{"href":"https:\/\/www.gerald-sommerer.de\/index.php?rest_route=\/wp\/v2\/pages"}],"about":[{"href":"https:\/\/www.gerald-sommerer.de\/index.php?rest_route=\/wp\/v2\/types\/page"}],"author":[{"embeddable":true,"href":"https:\/\/www.gerald-sommerer.de\/index.php?rest_route=\/wp\/v2\/users\/1"}],"replies":[{"embeddable":true,"href":"https:\/\/www.gerald-sommerer.de\/index.php?rest_route=%2Fwp%2Fv2%2Fcomments&post=3770"}],"version-history":[{"count":2,"href":"https:\/\/www.gerald-sommerer.de\/index.php?rest_route=\/wp\/v2\/pages\/3770\/revisions"}],"predecessor-version":[{"id":3773,"href":"https:\/\/www.gerald-sommerer.de\/index.php?rest_route=\/wp\/v2\/pages\/3770\/revisions\/3773"}],"wp:attachment":[{"href":"https:\/\/www.gerald-sommerer.de\/index.php?rest_route=%2Fwp%2Fv2%2Fmedia&parent=3770"}],"curies":[{"name":"wp","href":"https:\/\/api.w.org\/{rel}","templated":true}]}}