{"id":412,"date":"2016-01-28T19:26:04","date_gmt":"2016-01-28T18:26:04","guid":{"rendered":"http:\/\/www.gerald-sommerer.de\/?page_id=412"},"modified":"2025-12-10T19:52:42","modified_gmt":"2025-12-10T18:52:42","slug":"star-wars-lord-aestas","status":"publish","type":"page","link":"https:\/\/www.gerald-sommerer.de\/?page_id=412","title":{"rendered":"Star Wars &#8211; Darth Aestas \/ Kost\u00fcm"},"content":{"rendered":"\n<h4 class=\"wp-block-heading\"><strong>Darth Aestas<\/strong><\/h4>\n\n\n\n<figure class=\"wp-block-image\"><img loading=\"lazy\" decoding=\"async\" width=\"768\" height=\"1024\" src=\"https:\/\/www.gerald-sommerer.de\/wp-content\/uploads\/2019\/02\/gerald_sommerer_darth_aestas_01-768x1024.jpg\" alt=\"Gerald Sommerer Darth Aestas 01\" class=\"wp-image-2160\" srcset=\"https:\/\/www.gerald-sommerer.de\/wp-content\/uploads\/2019\/02\/gerald_sommerer_darth_aestas_01-768x1024.jpg 768w, https:\/\/www.gerald-sommerer.de\/wp-content\/uploads\/2019\/02\/gerald_sommerer_darth_aestas_01-113x150.jpg 113w, https:\/\/www.gerald-sommerer.de\/wp-content\/uploads\/2019\/02\/gerald_sommerer_darth_aestas_01-225x300.jpg 225w, https:\/\/www.gerald-sommerer.de\/wp-content\/uploads\/2019\/02\/gerald_sommerer_darth_aestas_01-1200x1600.jpg 1200w, https:\/\/www.gerald-sommerer.de\/wp-content\/uploads\/2019\/02\/gerald_sommerer_darth_aestas_01.jpg 1500w\" sizes=\"auto, (max-width: 768px) 85vw, 768px\" \/><\/figure>\n\n\n\n<hr class=\"wp-block-separator has-css-opacity\"\/>\n\n\n\n<figure class=\"wp-block-gallery has-nested-images columns-2 is-cropped wp-block-gallery-2 is-layout-flex wp-block-gallery-is-layout-flex\">\n<figure class=\"wp-block-image\"><img loading=\"lazy\" decoding=\"async\" width=\"696\" height=\"1024\" data-id=\"2167\" src=\"https:\/\/www.gerald-sommerer.de\/wp-content\/uploads\/2019\/02\/gerald_sommerer_darth_aestas_kopf-696x1024.jpg\" alt=\"Gerald Sommerer Darth Aestas Kopf\" class=\"wp-image-2167\" srcset=\"https:\/\/www.gerald-sommerer.de\/wp-content\/uploads\/2019\/02\/gerald_sommerer_darth_aestas_kopf-696x1024.jpg 696w, https:\/\/www.gerald-sommerer.de\/wp-content\/uploads\/2019\/02\/gerald_sommerer_darth_aestas_kopf-102x150.jpg 102w, https:\/\/www.gerald-sommerer.de\/wp-content\/uploads\/2019\/02\/gerald_sommerer_darth_aestas_kopf-204x300.jpg 204w, https:\/\/www.gerald-sommerer.de\/wp-content\/uploads\/2019\/02\/gerald_sommerer_darth_aestas_kopf-768x1130.jpg 768w, https:\/\/www.gerald-sommerer.de\/wp-content\/uploads\/2019\/02\/gerald_sommerer_darth_aestas_kopf-1200x1766.jpg 1200w, https:\/\/www.gerald-sommerer.de\/wp-content\/uploads\/2019\/02\/gerald_sommerer_darth_aestas_kopf.jpg 1359w\" sizes=\"auto, (max-width: 696px) 85vw, 696px\" \/><\/figure>\n\n\n\n<figure class=\"wp-block-image\"><img loading=\"lazy\" decoding=\"async\" width=\"1024\" height=\"1024\" data-id=\"2162\" src=\"https:\/\/www.gerald-sommerer.de\/wp-content\/uploads\/2019\/02\/gerald_sommerer_darth_aestas_03-1024x1024.jpg\" alt=\"Gerald Sommerer Darth Aestas 03\" class=\"wp-image-2162\" srcset=\"https:\/\/www.gerald-sommerer.de\/wp-content\/uploads\/2019\/02\/gerald_sommerer_darth_aestas_03-1024x1024.jpg 1024w, https:\/\/www.gerald-sommerer.de\/wp-content\/uploads\/2019\/02\/gerald_sommerer_darth_aestas_03-150x150.jpg 150w, https:\/\/www.gerald-sommerer.de\/wp-content\/uploads\/2019\/02\/gerald_sommerer_darth_aestas_03-300x300.jpg 300w, https:\/\/www.gerald-sommerer.de\/wp-content\/uploads\/2019\/02\/gerald_sommerer_darth_aestas_03-768x768.jpg 768w, https:\/\/www.gerald-sommerer.de\/wp-content\/uploads\/2019\/02\/gerald_sommerer_darth_aestas_03.jpg 1200w\" sizes=\"auto, (max-width: 709px) 85vw, (max-width: 909px) 67vw, (max-width: 1362px) 62vw, 840px\" \/><\/figure>\n\n\n\n<figure class=\"wp-block-image\"><img loading=\"lazy\" decoding=\"async\" width=\"414\" height=\"1024\" data-id=\"2166\" src=\"https:\/\/www.gerald-sommerer.de\/wp-content\/uploads\/2019\/02\/gerald_sommerer_darth_aestas_07-414x1024.jpg\" alt=\"Gerald Sommerer Darth Aestas 07\" class=\"wp-image-2166\" srcset=\"https:\/\/www.gerald-sommerer.de\/wp-content\/uploads\/2019\/02\/gerald_sommerer_darth_aestas_07-414x1024.jpg 414w, https:\/\/www.gerald-sommerer.de\/wp-content\/uploads\/2019\/02\/gerald_sommerer_darth_aestas_07-61x150.jpg 61w, https:\/\/www.gerald-sommerer.de\/wp-content\/uploads\/2019\/02\/gerald_sommerer_darth_aestas_07-121x300.jpg 121w, https:\/\/www.gerald-sommerer.de\/wp-content\/uploads\/2019\/02\/gerald_sommerer_darth_aestas_07-768x1899.jpg 768w, https:\/\/www.gerald-sommerer.de\/wp-content\/uploads\/2019\/02\/gerald_sommerer_darth_aestas_07.jpg 809w\" sizes=\"auto, (max-width: 414px) 85vw, 414px\" \/><\/figure>\n\n\n\n<figure class=\"wp-block-image\"><img loading=\"lazy\" decoding=\"async\" width=\"768\" height=\"1024\" data-id=\"2168\" src=\"https:\/\/www.gerald-sommerer.de\/wp-content\/uploads\/2019\/02\/gerald_sommerer_darth_aestas_kopf2-768x1024.jpg\" alt=\"Gerald Sommerer Darth Aestas Kopf2\" class=\"wp-image-2168\" srcset=\"https:\/\/www.gerald-sommerer.de\/wp-content\/uploads\/2019\/02\/gerald_sommerer_darth_aestas_kopf2-768x1024.jpg 768w, https:\/\/www.gerald-sommerer.de\/wp-content\/uploads\/2019\/02\/gerald_sommerer_darth_aestas_kopf2-113x150.jpg 113w, https:\/\/www.gerald-sommerer.de\/wp-content\/uploads\/2019\/02\/gerald_sommerer_darth_aestas_kopf2-225x300.jpg 225w, https:\/\/www.gerald-sommerer.de\/wp-content\/uploads\/2019\/02\/gerald_sommerer_darth_aestas_kopf2-1200x1600.jpg 1200w, https:\/\/www.gerald-sommerer.de\/wp-content\/uploads\/2019\/02\/gerald_sommerer_darth_aestas_kopf2.jpg 1500w\" sizes=\"auto, (max-width: 768px) 85vw, 768px\" \/><\/figure>\n\n\n\n<figure class=\"wp-block-image\"><img loading=\"lazy\" decoding=\"async\" width=\"609\" height=\"1024\" data-id=\"2165\" src=\"https:\/\/www.gerald-sommerer.de\/wp-content\/uploads\/2019\/02\/gerald_sommerer_darth_aestas_06-609x1024.jpg\" alt=\"Gerald Sommerer Darth Aestas 06\" class=\"wp-image-2165\" srcset=\"https:\/\/www.gerald-sommerer.de\/wp-content\/uploads\/2019\/02\/gerald_sommerer_darth_aestas_06-609x1024.jpg 609w, https:\/\/www.gerald-sommerer.de\/wp-content\/uploads\/2019\/02\/gerald_sommerer_darth_aestas_06-89x150.jpg 89w, https:\/\/www.gerald-sommerer.de\/wp-content\/uploads\/2019\/02\/gerald_sommerer_darth_aestas_06-178x300.jpg 178w, https:\/\/www.gerald-sommerer.de\/wp-content\/uploads\/2019\/02\/gerald_sommerer_darth_aestas_06-768x1292.jpg 768w, https:\/\/www.gerald-sommerer.de\/wp-content\/uploads\/2019\/02\/gerald_sommerer_darth_aestas_06.jpg 1189w\" sizes=\"auto, (max-width: 609px) 85vw, 609px\" \/><\/figure>\n\n\n\n<figure class=\"wp-block-image\"><img loading=\"lazy\" decoding=\"async\" width=\"663\" height=\"663\" data-id=\"2161\" src=\"https:\/\/www.gerald-sommerer.de\/wp-content\/uploads\/2019\/02\/gerald_sommerer_darth_aestas_02.jpg\" alt=\"Gerald Sommerer Darth Aestas 02\" class=\"wp-image-2161\" srcset=\"https:\/\/www.gerald-sommerer.de\/wp-content\/uploads\/2019\/02\/gerald_sommerer_darth_aestas_02.jpg 663w, https:\/\/www.gerald-sommerer.de\/wp-content\/uploads\/2019\/02\/gerald_sommerer_darth_aestas_02-150x150.jpg 150w, https:\/\/www.gerald-sommerer.de\/wp-content\/uploads\/2019\/02\/gerald_sommerer_darth_aestas_02-300x300.jpg 300w\" sizes=\"auto, (max-width: 663px) 85vw, 663px\" \/><\/figure>\n\n\n\n<figure class=\"wp-block-image\"><img loading=\"lazy\" decoding=\"async\" width=\"664\" height=\"1024\" data-id=\"2164\" src=\"https:\/\/www.gerald-sommerer.de\/wp-content\/uploads\/2019\/02\/gerald_sommerer_darth_aestas_05-664x1024.jpg\" alt=\"Gerald Sommerer Darth Aestas 05\" class=\"wp-image-2164\" srcset=\"https:\/\/www.gerald-sommerer.de\/wp-content\/uploads\/2019\/02\/gerald_sommerer_darth_aestas_05-664x1024.jpg 664w, https:\/\/www.gerald-sommerer.de\/wp-content\/uploads\/2019\/02\/gerald_sommerer_darth_aestas_05-97x150.jpg 97w, https:\/\/www.gerald-sommerer.de\/wp-content\/uploads\/2019\/02\/gerald_sommerer_darth_aestas_05-194x300.jpg 194w, https:\/\/www.gerald-sommerer.de\/wp-content\/uploads\/2019\/02\/gerald_sommerer_darth_aestas_05-768x1185.jpg 768w, https:\/\/www.gerald-sommerer.de\/wp-content\/uploads\/2019\/02\/gerald_sommerer_darth_aestas_05-1200x1852.jpg 1200w, https:\/\/www.gerald-sommerer.de\/wp-content\/uploads\/2019\/02\/gerald_sommerer_darth_aestas_05.jpg 1296w\" sizes=\"auto, (max-width: 664px) 85vw, 664px\" \/><\/figure>\n\n\n\n<figure class=\"wp-block-image\"><img loading=\"lazy\" decoding=\"async\" width=\"693\" height=\"1024\" data-id=\"2163\" src=\"https:\/\/www.gerald-sommerer.de\/wp-content\/uploads\/2019\/02\/gerald_sommerer_darth_aestas_04-693x1024.jpg\" alt=\"Gerald Sommerer Darth Aestas 04\" class=\"wp-image-2163\" srcset=\"https:\/\/www.gerald-sommerer.de\/wp-content\/uploads\/2019\/02\/gerald_sommerer_darth_aestas_04-693x1024.jpg 693w, https:\/\/www.gerald-sommerer.de\/wp-content\/uploads\/2019\/02\/gerald_sommerer_darth_aestas_04-102x150.jpg 102w, https:\/\/www.gerald-sommerer.de\/wp-content\/uploads\/2019\/02\/gerald_sommerer_darth_aestas_04-203x300.jpg 203w, https:\/\/www.gerald-sommerer.de\/wp-content\/uploads\/2019\/02\/gerald_sommerer_darth_aestas_04-768x1134.jpg 768w, https:\/\/www.gerald-sommerer.de\/wp-content\/uploads\/2019\/02\/gerald_sommerer_darth_aestas_04-1200x1773.jpg 1200w, https:\/\/www.gerald-sommerer.de\/wp-content\/uploads\/2019\/02\/gerald_sommerer_darth_aestas_04.jpg 1354w\" sizes=\"auto, (max-width: 693px) 85vw, 693px\" \/><\/figure>\n<\/figure>\n\n\n\n<hr class=\"wp-block-separator has-css-opacity\"\/>\n\n\n\n<p>Mein Kost\u00fcm stellt einen dunklen Sith-Lord dar.<\/p>\n\n\n\n<p>Als Basis verwende ich einen schwarzen Karate-Anzug (Hose und Jacke) und einen schwarzen Buff als Halstuch, optional schwarze Handschuhe.<\/p>\n\n\n\n<p>Die Robe, die Tabbards, die Stiefel, den schmalen G\u00fcrtel und die Nahrungs-Kapseln habe ich mir von &#8222;jede-robe&#8220; aus London besorgt.<\/p>\n\n\n\n<p>Die Robe besteht aus einem schwereren schwarzen Stoff und ist weit geschnitten. Bei meiner Gr\u00f6\u00dfe (1,85m) passt die Robe gut, sie reicht fast bis zum Boden, schleift aber nicht auf.<\/p>\n\n\n\n<p>Die Tabbards sind aus schwarzem Kunstleder gefertigt. Diese k\u00f6nnen an der Jacke festgekn\u00f6pft werden.<br>Wenn die Tabbards an der Jacke befestigt werden sollen, m\u00fcssen an der Schulter Kn\u00f6pfe angebracht werden. Tipp: Sogenannte Patenthosenkn\u00f6pfe halten super und m\u00fcssen nicht gen\u00e4ht werden.<\/p>\n\n\n\n<p>Die Stiefel: Schwarze Kunstleder Stiefel, mit drei waagerechten B\u00e4ndern als Verzierung. Sie sind wertig verarbeitet, schauen gut aus und man kann bequem darin laufen.<\/p>\n\n\n\n<p>Als ersten, breiten G\u00fcrtel trage ich einen schlichten schwarzen Kummerbund ohne Verzierungen aus Stretch-Material mit Klett-Verschluss.<\/p>\n\n\n\n<p>Der eigentliche G\u00fcrtel ist ein schwarzer Replika-Jedi-G\u00fcrtel, ebenfalls von jedi-robe. Am G\u00fcrtel sind zwei Taschen angebracht.<\/p>\n\n\n\n<p>Der zweite G\u00fcrtel verrutsch leicht, daher habe ich auf die R\u00fcckseite ein St\u00fcck einer Anti-Rutsch-Matte befestigt. Zus\u00e4tzlich habe ich den Stretch-Kummerbund mit zwei Reihen Schraubnieten versehen. Diese Nieten k\u00f6nnen einfach selbst reinhgebastelt werden und verhindern, dass der Jedi-G\u00fcrtel nach unten rutscht. Tipp: In jedem Baumarkt gibts Unterlegscheiben aus Metall. Damit halten die Schraubnieten in dem eher d\u00fcnnem Stoff noch besser.<\/p>\n\n\n\n<p>Zur Abrundung des Gesamtbildes trage ich gelegentlich (brauche inzwischen selbst echte&#8230;) rote Kontaktlinsen, welche einen durchaus beachtlichen zus\u00e4tzlichen Effekt erzielen k\u00f6nnen.<\/p>\n\n\n\n<p>\u00dcber Etsy wird eine gro\u00dfe Auswahl an Schmuck aus dem Star Wars Universum angeboten. Hier habe ich mir einen Silber-Anh\u00e4nger mit dem klassischen Sith-Symbol geleistet (an einer einfachen schwarzen Halskette). Stellt bei meinem Kost\u00fcm ein altes Sith-Artefakt dar.<\/p>\n\n\n\n<p>Auch ein Sith baut sein Lichtschwert nat\u00fcrlich selbst.<\/p>\n\n\n\n<p>Ein 1 1\/4 Zoll Alurohr, sowie viele weitere Kleinteile aus dem Baumarkt ergaben mein Lichtschwert. Mehrere Ringe aus poliertem Kupfer geben dem Lichtschwert eine besondere Note. Eingebaut habe ich eine helle rote LED und eine Lithium-Knopfzelle als Energieversorgung. Einen sichtbaren Schalter empfand ich eher als st\u00f6rend. Daher ist das unterste Teil des Lichtschwerts drehbar und aktiviert die rote LED.<\/p>\n\n\n\n<figure class=\"wp-block-gallery has-nested-images columns-2 is-cropped wp-block-gallery-3 is-layout-flex wp-block-gallery-is-layout-flex\">\n<figure class=\"wp-block-image\"><a href=\"https:\/\/www.gerald-sommerer.de\/?attachment_id=2172\"><img loading=\"lazy\" decoding=\"async\" width=\"1024\" height=\"802\" data-id=\"2172\" src=\"https:\/\/www.gerald-sommerer.de\/wp-content\/uploads\/2019\/02\/gerald_sommerer_lichtschwert_selbstgebaut_02-1024x802.jpg\" alt=\"Gerald Sommerer Lichtschwert selbst gebaut 02\" class=\"wp-image-2172\" srcset=\"https:\/\/www.gerald-sommerer.de\/wp-content\/uploads\/2019\/02\/gerald_sommerer_lichtschwert_selbstgebaut_02-1024x802.jpg 1024w, https:\/\/www.gerald-sommerer.de\/wp-content\/uploads\/2019\/02\/gerald_sommerer_lichtschwert_selbstgebaut_02-150x117.jpg 150w, https:\/\/www.gerald-sommerer.de\/wp-content\/uploads\/2019\/02\/gerald_sommerer_lichtschwert_selbstgebaut_02-300x235.jpg 300w, https:\/\/www.gerald-sommerer.de\/wp-content\/uploads\/2019\/02\/gerald_sommerer_lichtschwert_selbstgebaut_02-768x602.jpg 768w, https:\/\/www.gerald-sommerer.de\/wp-content\/uploads\/2019\/02\/gerald_sommerer_lichtschwert_selbstgebaut_02-1200x940.jpg 1200w, https:\/\/www.gerald-sommerer.de\/wp-content\/uploads\/2019\/02\/gerald_sommerer_lichtschwert_selbstgebaut_02.jpg 1255w\" sizes=\"auto, (max-width: 709px) 85vw, (max-width: 909px) 67vw, (max-width: 1362px) 62vw, 840px\" \/><\/a><\/figure>\n\n\n\n<figure class=\"wp-block-image\"><a href=\"https:\/\/www.gerald-sommerer.de\/?attachment_id=2171\"><img loading=\"lazy\" decoding=\"async\" width=\"971\" height=\"962\" data-id=\"2171\" src=\"https:\/\/www.gerald-sommerer.de\/wp-content\/uploads\/2019\/02\/gerald_sommerer_lichtschwert_selbstgebaut_01.jpg\" alt=\"Gerald Sommerer Lichtschwert selbst gebaut 01\" class=\"wp-image-2171\" srcset=\"https:\/\/www.gerald-sommerer.de\/wp-content\/uploads\/2019\/02\/gerald_sommerer_lichtschwert_selbstgebaut_01.jpg 971w, https:\/\/www.gerald-sommerer.de\/wp-content\/uploads\/2019\/02\/gerald_sommerer_lichtschwert_selbstgebaut_01-150x150.jpg 150w, https:\/\/www.gerald-sommerer.de\/wp-content\/uploads\/2019\/02\/gerald_sommerer_lichtschwert_selbstgebaut_01-300x297.jpg 300w, https:\/\/www.gerald-sommerer.de\/wp-content\/uploads\/2019\/02\/gerald_sommerer_lichtschwert_selbstgebaut_01-768x761.jpg 768w\" sizes=\"auto, (max-width: 709px) 85vw, (max-width: 909px) 67vw, (max-width: 1362px) 62vw, 840px\" \/><\/a><\/figure>\n<\/figure>\n\n\n\n<hr class=\"wp-block-separator has-css-opacity\"\/>\n\n\n\n<p>Zus\u00e4tzlich habe ich mir bei Ultrasaber aus den USA noch ein zweites Lichtschwert bestellt:<\/p>\n\n\n\n<figure class=\"wp-block-gallery has-nested-images columns-1 is-cropped wp-block-gallery-4 is-layout-flex wp-block-gallery-is-layout-flex\">\n<figure class=\"wp-block-image\"><a href=\"https:\/\/www.gerald-sommerer.de\/?attachment_id=2173\"><img loading=\"lazy\" decoding=\"async\" width=\"1024\" height=\"80\" data-id=\"2173\" src=\"https:\/\/www.gerald-sommerer.de\/wp-content\/uploads\/2019\/02\/gerald_sommerer_lichtschwert_ultrasaber_01-1024x80.jpg\" alt=\"Gerald Sommerer Lichtschwert Ultrasaber 01\" class=\"wp-image-2173\" srcset=\"https:\/\/www.gerald-sommerer.de\/wp-content\/uploads\/2019\/02\/gerald_sommerer_lichtschwert_ultrasaber_01-1024x80.jpg 1024w, https:\/\/www.gerald-sommerer.de\/wp-content\/uploads\/2019\/02\/gerald_sommerer_lichtschwert_ultrasaber_01-150x12.jpg 150w, https:\/\/www.gerald-sommerer.de\/wp-content\/uploads\/2019\/02\/gerald_sommerer_lichtschwert_ultrasaber_01-300x24.jpg 300w, https:\/\/www.gerald-sommerer.de\/wp-content\/uploads\/2019\/02\/gerald_sommerer_lichtschwert_ultrasaber_01-768x60.jpg 768w, https:\/\/www.gerald-sommerer.de\/wp-content\/uploads\/2019\/02\/gerald_sommerer_lichtschwert_ultrasaber_01-1200x94.jpg 1200w, https:\/\/www.gerald-sommerer.de\/wp-content\/uploads\/2019\/02\/gerald_sommerer_lichtschwert_ultrasaber_01.jpg 2000w\" sizes=\"auto, (max-width: 709px) 85vw, (max-width: 909px) 67vw, (max-width: 1362px) 62vw, 840px\" \/><\/a><\/figure>\n\n\n\n<figure class=\"wp-block-image\"><a href=\"https:\/\/www.gerald-sommerer.de\/?attachment_id=2175\"><img loading=\"lazy\" decoding=\"async\" width=\"1024\" height=\"112\" data-id=\"2175\" src=\"https:\/\/www.gerald-sommerer.de\/wp-content\/uploads\/2019\/02\/gerald_sommerer_lichtschwert_ultrasaber_03-1024x112.jpg\" alt=\"Gerald Sommerer Lichtschwert Ultrasaber 03\" class=\"wp-image-2175\" srcset=\"https:\/\/www.gerald-sommerer.de\/wp-content\/uploads\/2019\/02\/gerald_sommerer_lichtschwert_ultrasaber_03-1024x112.jpg 1024w, https:\/\/www.gerald-sommerer.de\/wp-content\/uploads\/2019\/02\/gerald_sommerer_lichtschwert_ultrasaber_03-150x16.jpg 150w, https:\/\/www.gerald-sommerer.de\/wp-content\/uploads\/2019\/02\/gerald_sommerer_lichtschwert_ultrasaber_03-300x33.jpg 300w, https:\/\/www.gerald-sommerer.de\/wp-content\/uploads\/2019\/02\/gerald_sommerer_lichtschwert_ultrasaber_03-768x84.jpg 768w, https:\/\/www.gerald-sommerer.de\/wp-content\/uploads\/2019\/02\/gerald_sommerer_lichtschwert_ultrasaber_03-1200x131.jpg 1200w, https:\/\/www.gerald-sommerer.de\/wp-content\/uploads\/2019\/02\/gerald_sommerer_lichtschwert_ultrasaber_03.jpg 2000w\" sizes=\"auto, (max-width: 709px) 85vw, (max-width: 909px) 67vw, (max-width: 1362px) 62vw, 840px\" \/><\/a><\/figure>\n\n\n\n<figure class=\"wp-block-image\"><a href=\"https:\/\/www.gerald-sommerer.de\/?attachment_id=2174\"><img loading=\"lazy\" decoding=\"async\" width=\"1024\" height=\"233\" data-id=\"2174\" src=\"https:\/\/www.gerald-sommerer.de\/wp-content\/uploads\/2019\/02\/gerald_sommerer_lichtschwert_ultrasaber_02-1024x233.jpg\" alt=\"Gerald Sommerer Lichtschwert Ultrasaber 02\" class=\"wp-image-2174\" srcset=\"https:\/\/www.gerald-sommerer.de\/wp-content\/uploads\/2019\/02\/gerald_sommerer_lichtschwert_ultrasaber_02-1024x233.jpg 1024w, https:\/\/www.gerald-sommerer.de\/wp-content\/uploads\/2019\/02\/gerald_sommerer_lichtschwert_ultrasaber_02-150x34.jpg 150w, https:\/\/www.gerald-sommerer.de\/wp-content\/uploads\/2019\/02\/gerald_sommerer_lichtschwert_ultrasaber_02-300x68.jpg 300w, https:\/\/www.gerald-sommerer.de\/wp-content\/uploads\/2019\/02\/gerald_sommerer_lichtschwert_ultrasaber_02-768x175.jpg 768w, https:\/\/www.gerald-sommerer.de\/wp-content\/uploads\/2019\/02\/gerald_sommerer_lichtschwert_ultrasaber_02-1200x274.jpg 1200w, https:\/\/www.gerald-sommerer.de\/wp-content\/uploads\/2019\/02\/gerald_sommerer_lichtschwert_ultrasaber_02.jpg 2000w\" sizes=\"auto, (max-width: 709px) 85vw, (max-width: 909px) 67vw, (max-width: 1362px) 62vw, 840px\" \/><\/a><\/figure>\n<\/figure>\n\n\n\n<p><\/p>\n\n\n\n<p>Inspiriert wurde das Kost\u00fcm von Dart Fallere (auf <a href=\"http:\/\/www.swfn.de\" target=\"_blank\" rel=\"noopener\">swfn.de<\/a>). An dieser Stelle vielen Dank daf\u00fcr!<\/p>\n\n\n\n<hr class=\"wp-block-separator has-css-opacity\"\/>\n\n\n\n<p>Die Biografie zu Darth Aestas findet sich <a href=\"https:\/\/www.gerald-sommerer.de\/?page_id=538\">hier<\/a>.<\/p>\n\n\n\n<hr class=\"wp-block-separator has-css-opacity\"\/>\n\n\n\n<p><a href=\"https:\/\/www.facebook.com\/DarthAestas\" target=\"_blank\" rel=\"noopener\">Facebook<\/a> &#8211; <a href=\"https:\/\/www.instagram.com\/darth_aestas\/\" target=\"_blank\" rel=\"noopener\">Instagram<\/a> &#8211;&nbsp;<a href=\"https:\/\/www.youtube.com\/channel\/UCxEuFHSw_DY3Nv4XSWfFXpw\" target=\"_blank\" rel=\"noopener\">Youtube<\/a> &#8211; <a href=\"https:\/\/twitter.com\/Darth_Aestas\" target=\"_blank\" rel=\"noopener\">Twitter<\/a>&nbsp;&#8211; <a href=\"https:\/\/www.flickr.com\/photos\/darth_aestas\/\" target=\"_blank\" rel=\"noopener\">Flickr<\/a> &#8211; <a href=\"https:\/\/www.tumblr.com\/blog\/darth-aestas\" target=\"_blank\" rel=\"noopener\">Tumblr<\/a> &nbsp;&#8211; <a href=\"https:\/\/de.pinterest.com\/darth_aestas\" target=\"_blank\" rel=\"noopener\">Pinterest<\/a><\/p>\n\n\n\n<hr class=\"wp-block-separator has-css-opacity\"\/>\n\n\n\n<p><span style=\"font-size: xx-small;\"><br>Legal notice:<br>This is a private fansite. I like Star Wars very much. This is all this website is about.<br>This site is not endorsed by Lucasfilm Ltd. or The Walt Disney Company and is intended for entertainment and information purposes only.<br>The Official Star Wars site can be found at&nbsp;<a href=\"http:\/\/www.starwars.com\" target=\"_blank\" rel=\"noopener\">www.starwars.com<\/a>.<br>Star Wars, the Star Wars logo, all names and pictures of Star Wars characters, vehicles and any other Star Wars related items are registered trademarks and\/or copyrights of Lucasfilm Ltd., or their respective trademark and copyright holders.<br><\/span><\/p>\n","protected":false},"excerpt":{"rendered":"<p>Darth Aestas Mein Kost\u00fcm stellt einen dunklen Sith-Lord dar. Als Basis verwende ich einen schwarzen Karate-Anzug (Hose und Jacke) und einen schwarzen Buff als Halstuch, optional schwarze Handschuhe. Die Robe, die Tabbards, die Stiefel, den schmalen G\u00fcrtel und die Nahrungs-Kapseln habe ich mir von &#8222;jede-robe&#8220; aus London besorgt. Die Robe besteht aus einem schwereren schwarzen &hellip; <a href=\"https:\/\/www.gerald-sommerer.de\/?page_id=412\" class=\"more-link\"><span class=\"screen-reader-text\">\u201eStar Wars &#8211; Darth Aestas \/ Kost\u00fcm\u201c <\/span>weiterlesen<\/a><\/p>\n","protected":false},"author":1,"featured_media":0,"parent":0,"menu_order":0,"comment_status":"closed","ping_status":"closed","template":"","meta":{"footnotes":""},"class_list":["post-412","page","type-page","status-publish","hentry"],"_links":{"self":[{"href":"https:\/\/www.gerald-sommerer.de\/index.php?rest_route=\/wp\/v2\/pages\/412","targetHints":{"allow":["GET"]}}],"collection":[{"href":"https:\/\/www.gerald-sommerer.de\/index.php?rest_route=\/wp\/v2\/pages"}],"about":[{"href":"https:\/\/www.gerald-sommerer.de\/index.php?rest_route=\/wp\/v2\/types\/page"}],"author":[{"embeddable":true,"href":"https:\/\/www.gerald-sommerer.de\/index.php?rest_route=\/wp\/v2\/users\/1"}],"replies":[{"embeddable":true,"href":"https:\/\/www.gerald-sommerer.de\/index.php?rest_route=%2Fwp%2Fv2%2Fcomments&post=412"}],"version-history":[{"count":89,"href":"https:\/\/www.gerald-sommerer.de\/index.php?rest_route=\/wp\/v2\/pages\/412\/revisions"}],"predecessor-version":[{"id":3903,"href":"https:\/\/www.gerald-sommerer.de\/index.php?rest_route=\/wp\/v2\/pages\/412\/revisions\/3903"}],"wp:attachment":[{"href":"https:\/\/www.gerald-sommerer.de\/index.php?rest_route=%2Fwp%2Fv2%2Fmedia&parent=412"}],"curies":[{"name":"wp","href":"https:\/\/api.w.org\/{rel}","templated":true}]}}