{"id":509,"date":"2016-04-16T16:26:01","date_gmt":"2016-04-16T14:26:01","guid":{"rendered":"http:\/\/www.gerald-sommerer.de\/?page_id=509"},"modified":"2020-02-15T10:55:47","modified_gmt":"2020-02-15T09:55:47","slug":"star-wars-die-dunkle-seite","status":"publish","type":"page","link":"https:\/\/www.gerald-sommerer.de\/?page_id=509","title":{"rendered":"Star Wars &#8211; The Sith Code"},"content":{"rendered":"<p><img loading=\"lazy\" decoding=\"async\" class=\"alignright\" src=\"http:\/\/vignette1.wikia.nocookie.net\/starwars\/images\/b\/ba\/Dark_Side_symbol.png\/revision\/latest?cb=20130528131640\" alt=\"The Dark Side\" width=\"200\" height=\"200\" \/><\/p>\n<p><strong>The Sith Code<\/strong><\/p>\n<p>Nw\u00fbl tash.<br \/>Dzwol sh\u00e2sotkun.<br \/>Sh\u00e2sotjont\u00fb ch\u00e2tsatul nu ty\u00fbk.<br \/>Ty\u00fbkjont\u00fb ch\u00e2tsatul nu midwan.<br \/>Midwanjont\u00fb ch\u00e2tsatul nu asha.<br \/>Ashajont\u00fb kotswinot itsu nuyak.<br \/>Wonoksh Qy\u00e2sik nun.<\/p>\n<p>Peace is a lie, there is only passion.<br \/>Through passion, I gain strength.<br \/>Through strength, I gain power.<br \/>Through power, I gain victory.<br \/>Through victory, my chains are broken.<br \/>The Force shall free me.<\/p>\n<hr \/>\n<p><strong>Die dunkle Seite:<\/strong><\/p>\n<p><a href=\"http:\/\/jedipedia.wikia.com\/wiki\/Dunkle_Seite\" target=\"_blank\" rel=\"noopener noreferrer\">Informationen bei Jedipedia (deutsch)<\/a><\/p>\n<p><a href=\"http:\/\/starwars.wikia.com\/wiki\/Dark_Side\" target=\"_blank\" rel=\"noopener noreferrer\">Informationen bei Wookieepedia (englisch)<\/a><\/p>\n<p><span style=\"font-size: xx-small;\">\u00a0<\/span><\/p>\n\n\n<p><\/p>\n","protected":false},"excerpt":{"rendered":"<p>The Sith Code Nw\u00fbl tash.Dzwol sh\u00e2sotkun.Sh\u00e2sotjont\u00fb ch\u00e2tsatul nu ty\u00fbk.Ty\u00fbkjont\u00fb ch\u00e2tsatul nu midwan.Midwanjont\u00fb ch\u00e2tsatul nu asha.Ashajont\u00fb kotswinot itsu nuyak.Wonoksh Qy\u00e2sik nun. Peace is a lie, there is only passion.Through passion, I gain strength.Through strength, I gain power.Through power, I gain victory.Through victory, my chains are broken.The Force shall free me. Die dunkle Seite: Informationen bei Jedipedia &hellip; <a href=\"https:\/\/www.gerald-sommerer.de\/?page_id=509\" class=\"more-link\"><span class=\"screen-reader-text\">\u201eStar Wars &#8211; The Sith Code\u201c <\/span>weiterlesen<\/a><\/p>\n","protected":false},"author":1,"featured_media":0,"parent":0,"menu_order":0,"comment_status":"closed","ping_status":"closed","template":"","meta":{"footnotes":""},"class_list":["post-509","page","type-page","status-publish","hentry"],"_links":{"self":[{"href":"https:\/\/www.gerald-sommerer.de\/index.php?rest_route=\/wp\/v2\/pages\/509","targetHints":{"allow":["GET"]}}],"collection":[{"href":"https:\/\/www.gerald-sommerer.de\/index.php?rest_route=\/wp\/v2\/pages"}],"about":[{"href":"https:\/\/www.gerald-sommerer.de\/index.php?rest_route=\/wp\/v2\/types\/page"}],"author":[{"embeddable":true,"href":"https:\/\/www.gerald-sommerer.de\/index.php?rest_route=\/wp\/v2\/users\/1"}],"replies":[{"embeddable":true,"href":"https:\/\/www.gerald-sommerer.de\/index.php?rest_route=%2Fwp%2Fv2%2Fcomments&post=509"}],"version-history":[{"count":13,"href":"https:\/\/www.gerald-sommerer.de\/index.php?rest_route=\/wp\/v2\/pages\/509\/revisions"}],"predecessor-version":[{"id":2721,"href":"https:\/\/www.gerald-sommerer.de\/index.php?rest_route=\/wp\/v2\/pages\/509\/revisions\/2721"}],"wp:attachment":[{"href":"https:\/\/www.gerald-sommerer.de\/index.php?rest_route=%2Fwp%2Fv2%2Fmedia&parent=509"}],"curies":[{"name":"wp","href":"https:\/\/api.w.org\/{rel}","templated":true}]}}