{"id":538,"date":"2016-04-21T21:21:10","date_gmt":"2016-04-21T19:21:10","guid":{"rendered":"http:\/\/www.gerald-sommerer.de\/?page_id=538"},"modified":"2019-02-22T19:17:56","modified_gmt":"2019-02-22T18:17:56","slug":"star-wars-darth-aestas-biografie","status":"publish","type":"page","link":"https:\/\/www.gerald-sommerer.de\/?page_id=538","title":{"rendered":"Star Wars &#8211; Darth Aestas \/ Biografie"},"content":{"rendered":"\n<h4 class=\"wp-block-heading\"><span style=\"font-family: Arial, serif;\"><span style=\"font-size: medium;\"><u><b>Darth Aestas<\/b><\/u><\/span><\/span><\/h4>\n\n\n\n<div class=\"wp-block-image\"><figure class=\"alignright is-resized\"><img loading=\"lazy\" decoding=\"async\" src=\"https:\/\/www.gerald-sommerer.de\/wp-content\/uploads\/2019\/02\/gerald_sommerer_darth_aestas_kopf-204x300.jpg\" alt=\"Gerald Sommerer Darth Aestas Kopf\" class=\"wp-image-2167\" width=\"153\" height=\"225\" srcset=\"https:\/\/www.gerald-sommerer.de\/wp-content\/uploads\/2019\/02\/gerald_sommerer_darth_aestas_kopf-204x300.jpg 204w, https:\/\/www.gerald-sommerer.de\/wp-content\/uploads\/2019\/02\/gerald_sommerer_darth_aestas_kopf-102x150.jpg 102w, https:\/\/www.gerald-sommerer.de\/wp-content\/uploads\/2019\/02\/gerald_sommerer_darth_aestas_kopf-768x1130.jpg 768w, https:\/\/www.gerald-sommerer.de\/wp-content\/uploads\/2019\/02\/gerald_sommerer_darth_aestas_kopf-696x1024.jpg 696w, https:\/\/www.gerald-sommerer.de\/wp-content\/uploads\/2019\/02\/gerald_sommerer_darth_aestas_kopf-1200x1766.jpg 1200w, https:\/\/www.gerald-sommerer.de\/wp-content\/uploads\/2019\/02\/gerald_sommerer_darth_aestas_kopf.jpg 1359w\" sizes=\"auto, (max-width: 153px) 85vw, 153px\" \/><\/figure><\/div>\n\n\n\n<p><span style=\"font-family: Arial, serif;\"><span style=\"font-size: medium;\"><b>Biografische Informationen<br><\/b><\/span><\/span><span style=\"font-family: Arial, serif;\"><span style=\"font-size: medium;\">Heimatwelt: Axxila<br><\/span><\/span><span style=\"font-family: Arial, serif;\"><span style=\"font-size: medium;\">Geboren: 7 BBY<\/span><\/span><\/p>\n\n\n\n<p><span style=\"font-family: Arial, serif;\"><span style=\"font-size: medium;\"><b>Aussehen<br><\/b><\/span><\/span><span style=\"font-family: Arial, serif;\"><span style=\"font-size: medium;\">Spezies: Mensch<br><\/span><\/span><span style=\"font-family: Arial, serif;\"><span style=\"font-size: medium;\">Geschlecht: m\u00e4nnlich<br><\/span><\/span><span style=\"font-family: Arial, serif;\"><span style=\"font-size: medium;\">Gr\u00f6\u00dfe: 1,85 m<br><\/span><\/span><span style=\"font-family: Arial, serif;\"><span style=\"font-size: medium;\">Augenfarbe: braun \/ rot<\/span><\/span><\/p>\n\n\n\n<p><span style=\"font-family: Arial, serif;\"><span style=\"font-size: medium;\"><b>Chronologische \/ politische Informationen<br><\/b><\/span><\/span><span style=\"font-family: Arial, serif;\"><span style=\"font-size: medium;\">\u00c4ra\/s: Galaktisches Imperium \/ Neue Republik<br><\/span><\/span><span style=\"font-family: Arial, serif;\"><span style=\"font-size: medium;\">Zugeh\u00f6rigkeit: Sith<br><\/span><\/span><span style=\"font-family: Arial, serif;\"><span style=\"font-size: medium;\">Meister: Zolan (Inquisitor) \/ Gatekeeper \/ unabh\u00e4ngig<\/span><\/span><\/p>\n\n\n\n<hr class=\"wp-block-separator\"\/>\n\n\n\n<p>\u201e<span style=\"font-family: Arial, serif;\"><span style=\"font-size: medium;\"><i>Es gibt keine helle oder dunkle Seite der Macht. Die Macht ist eine universelle Kraft. Es muss Aufgabe der Sith sein, sich diese Macht in vollem Umfang und unter Ausnutzung aller Anwendungsm\u00f6glichkeiten &#8211; der sogenannten hellen wie dunklen &#8211; zu Nutzen zu machen.\u201c<br><\/i><\/span><\/span><span style=\"font-family: Arial, serif;\"><span style=\"font-size: medium;\">&#8211; Darth Aestas, in \u201eDie neue Doktrin der Sith\u201c<\/span><\/span><\/p>\n\n\n\n<p><span style=\"color: #1a1a1a;\"><span style=\"font-family: Arial, serif;\"><span style=\"font-size: medium;\"><b>Darth Aestas <\/b><\/span><\/span><\/span><span style=\"color: #1a1a1a;\"><span style=\"font-family: Arial, serif;\"><span style=\"font-size: medium;\">wurde 7 BBY unter dem Namen <\/span><\/span><\/span><span style=\"color: #1a1a1a;\"><span style=\"font-family: Arial, serif;\"><span style=\"font-size: medium;\"><b>Aldo Mergersrem <\/b><\/span><\/span><\/span><span style=\"color: #1a1a1a;\"><span style=\"font-family: Arial, serif;\"><span style=\"font-size: medium;\">auf dem Planeten Axxila im Outer Rim geboren. Die Familie lebte dort bereits seit mehreren Generationen, ohne dass ein Mitglied bisher auffallend in Erscheinung trat. Sein Vater war, wie viele der Vorfahren, als Lehrer t\u00e4tig.<\/span><\/span><\/span><\/p>\n\n\n\n<p><span style=\"color: #1a1a1a;\"><span style=\"font-family: Arial, serif;\"><span style=\"font-size: medium;\">Im Jahr 6 ABY traf Aldo im Alter von 13 Jahren auf den ehemaligen Inquisitor Zolan, wobei diesem bereits bei der ersten Begegnung die besondere Macht-Pr\u00e4senz des Jungen auffiel. Der ehemalige Inquisitor konnte zum ersten Mal die Wunderlichkeiten erkl\u00e4ren, die Aldo seit seiner Geburt umgaben und machte ihn auf seine besonderen Anlagen aufmerksam. Zolan blieb auf Axxila und unterrichtete Aldo in den folgenden drei Jahren im Geheimen in der universalen Anwendung der Macht.<\/span><\/span><\/span><\/p>\n\n\n\n<p><span style=\"color: #1a1a1a;\"><span style=\"font-family: Arial, serif;\"><span style=\"font-size: medium;\">Zolan, selbst ein ehemaliger Jedi Ritter, hatte sich bereits w\u00e4hrend der Klonkriege vom Jedi-Orden abgewandt. Nach der Proklamation des Galaktischen Imperiums trat er der geheimen Abteilung der Inquisitoren bei. Die Schlacht von Jakku und der damit einhergehende endg\u00fcltige Niedergang des Imperiums waren f\u00fcr ihn der Anlass, die Inquisitoren nun hinter sich zu lassen. Die Wege der Macht f\u00fchrten ihn in der Folge nach Axxila.<\/span><\/span><\/span><\/p>\n\n\n\n<p><span style=\"color: #1a1a1a;\"><span style=\"font-family: Arial, serif;\"><span style=\"font-size: medium;\">Aufgrund seines pers\u00f6nlichen Werdegangs, lie\u00df Zolan Kenntnisse sowohl aus seiner Zeit als Jedi, als auch als Inquisitor in Aldos Ausbildung einflie\u00dfen.<\/span><\/span><\/span><\/p>\n\n\n\n<p><span style=\"color: #1a1a1a;\"><span style=\"font-family: Arial, serif;\"><span style=\"font-size: medium;\">In den Wirren des zerfallenden Imperiums konnte sich Zolan betr\u00e4chtliche Finanzmittel sichern und eine geheime Datenbank der Inquisitoren, \u00fcber deren interne Forschungen zur Geschichte der Sith, an sich bringen.<\/span><\/span><\/span><\/p>\n\n\n\n<p><span style=\"color: #1a1a1a;\"><span style=\"font-family: Arial, serif;\"><span style=\"font-size: medium;\">Durch das Studium dieser Datenbank war es Zolan und seinem Sch\u00fcler im Jahr 9 ABY m\u00f6glich, einen sehr vielversprechenden Hinweis auf ein uraltes Sith-Artefakt zu entschl\u00fcsseln, welches sich auf dem Planeten Malachor befinden sollte. Als sie dort eintrafen, entdeckten sie ein kleines, abgelegenes H\u00f6hlenkloster; weit entfernt von dem bereits bekannten unterirdischen Sith Tempel. Nach mehrt\u00e4giger Suche gelang es ihnen einen versteckten Raum auf der untersten Ebene der Anlage zu \u00f6ffnen.<\/span><\/span><\/span><\/p>\n\n\n\n<p><span style=\"color: #1a1a1a;\"><span style=\"font-family: Arial, serif;\"><span style=\"font-size: medium;\">Zu ihrer \u00dcberraschung befand sich darin ein Holocron. Beim Versuch das Holocron zu bergen, l\u00f6ste Zolan eine gut versteckte Falle aus, die eine immens starke Woge der Macht kreierte. Als Zolan von dieser Welle erfasst wurde, alterte er in Sekunden um Jahrhunderte und verstarb sofort. Aldo jedoch konnte der Falle ausweichen und das Holocron an sich bringen. Nach weiteren Tagen der Mediation, gelang es ihm das Holocron zu aktivieren und Kontakt mit dessen Gatekeeper aufzunehmen. Dieser gab sich als ein viele Jahrhunderte alter Sith Lord aus, wechselte jedoch h\u00e4ufig sein Aussehen und seinen Namen.<\/span><\/span><\/span><\/p>\n\n\n\n<p><span style=\"color: #1a1a1a;\"><span style=\"font-family: Arial, serif;\"><span style=\"font-size: medium;\">Nachdem der Gatekeeper mit Entsetzen zur Kenntnis nehmen musste, dass der tausendj\u00e4hrige Plan der Sith, die Kontrolle \u00fcber die Galaxie zu \u00fcbernehmen, nach einer nur kurzen Herrschaft von Darth Sidious, endg\u00fcltig gescheitert war, trafen die beiden eine \u00dcbereinkunft. Aldo wurde der neue Sch\u00fcler des Gatekeepers und dieser akzeptierte ihn als seinen k\u00f6rperlosen Meister. Aldo nahm nach dieser Entscheidung den Namen <\/span><\/span><\/span><span style=\"color: #1a1a1a;\"><span style=\"font-family: Arial, serif;\"><span style=\"font-size: medium;\"><b>Aestas <\/b><\/span><\/span><\/span><span style=\"color: #1a1a1a;\"><span style=\"font-family: Arial, serif;\"><span style=\"font-size: medium;\">an.<\/span><\/span><\/span><\/p>\n\n\n\n<p><span style=\"color: #1a1a1a;\"><span style=\"font-family: Arial, serif;\"><span style=\"font-size: medium;\">Auf Anweisung des Gatekeepers begaben sie sich nach Ambria. Dort hatten m\u00e4chtige Sith vor Jahrhunderten in unvorstellbar starkem Ausma\u00df die Macht wirken lassen. Dies hatte zur Folge, dass dort noch immer an einigen wenigen Orten riesige Machtkonzentrationen wogten. Zwischen diesen Sammelpunkten der Macht, konnten sich die beiden vor den neugierigen Augen anderer machtsensitiver Wesen verbergen, die sonst eventuell auf ihre Pr\u00e4senz aufmerksam geworden w\u00e4ren.<\/span><\/span><\/span><\/p>\n\n\n\n<p><span style=\"color: #1a1a1a;\"><span style=\"font-family: Arial, serif;\"><span style=\"font-size: medium;\">Sie errichteten eine unauff\u00e4llige aber f\u00fcr ihre Zwecke perfekt ausgestattete Basis auf Ambria und in den folgenden Jahren unterrichtete der Gatekeeper dort seinen Sch\u00fcler. Der k\u00f6rperlose Meister lie\u00df verschiedene innovative Droiden anfertigen, um k\u00f6rperliche Aufgaben f\u00fcr ihn zu verrichten. Besonders auch, um seinen Sch\u00fcler zumindest in den Grundlagen des Lichtschwertkampfes zu unterweisen. Regelm\u00e4\u00dfig verlie\u00dfen sie den Planeten, wenn der Gatekeeper dies f\u00fcr die Weiterentwicklung seines Sch\u00fclers f\u00fcr f\u00f6rderlich hielt oder wenn sie neuen Hinweisen auf Informationen, Artefakte oder Dokumente aus der Datenbank der Inquisitoren nachgingen. Aldo schaffte es in all den bewegten Jahren einen losen Kontakt zu seiner Familie aufrecht zu erhalten.<\/span><\/span><\/span><\/p>\n\n\n\n<p><span style=\"color: #1a1a1a;\"><span style=\"font-family: Arial, serif;\"><span style=\"font-size: medium;\">17 ABY hielt der Gatekeeper die Zeit f\u00fcr gekommen und seinen Sch\u00fcler f\u00fcr w\u00fcrdig, den Titel Darth anzunehmen.<\/span><\/span><\/span><\/p>\n\n\n\n<p><span style=\"color: #1a1a1a;\"><span style=\"font-family: Arial, serif;\"><span style=\"font-size: medium;\">Aufgrund bestimmter Verhaltensweisen, Meinungen und Standpunkte, die sein Meister vertrat, kam Darth Aestas mehr und mehr zu der Erkenntnis, dass es sich bei dem Gatekeeper, seinem Meister, nur um die in der Matrix des Holocrons gespeicherte Essenz von Darth Bane handeln konnte. Der Gatekeeper wollte dies jedoch nie best\u00e4tigen oder verneinen. Die Auswahl von Ambria, dessen r\u00fccksichtslose und eherne Zielstrebigkeit, sowie sein ultimatives Festhalten an der Regel der Zwei, waren f\u00fcr Darth Aestas aber eindeutige Hinweise.<\/span><\/span><\/span><\/p>\n\n\n\n<p><span style=\"color: #1a1a1a;\"><span style=\"font-family: Arial, serif;\"><span style=\"font-size: medium;\">Allerdings begannen sich nun auch Differenzen zwischen Meister und Sch\u00fcler zu zeigen. Es tat sich zwischen den beiden eine Kluft auf, die immer schwieriger zu \u00fcberbr\u00fccken war. Darth Aestas sah f\u00fcr die Sith in zunehmendem Ma\u00dfe eine von den Vorstellungen seines Meisters deutlich abweichende Zukunft voraus. Besonders die Regel der Zwei hielt er f\u00fcr gescheitert und f\u00fcr den langfristigen Bestand der Sith sogar f\u00fcr \u00fcberaus gef\u00e4hrlich. Auch die Ansichten \u00fcber die Natur der Macht gingen zwischen Meister und Sch\u00fcler weit auseinander.<\/span><\/span><\/span><\/p>\n\n\n\n<p><span style=\"color: #1a1a1a;\"><span style=\"font-family: Arial, serif;\"><span style=\"font-size: medium;\">Diese Entwicklung gipfelte in einem Wutausbruch des Gatekeepers und einem kurzen aber heftigen Schlagabtausch zwischen den beiden, der die Basis auf Ambria weitgehend vernichtete. Am Ende des ungleichen Kr\u00e4ftemessend &#8211; der Gatekeeper konnte als Schatten seiner selbst nur ansatzweise Kraft aus der Macht gewinnen &#8211; zog sich der Gatekeeper in das Holocron zur\u00fcck und lie\u00df ab diesem Zeitpunkt keine Aktivierung mehr zu. Die vorher versprochenen Einblicke in die tiefsten Geheimnisse des alten Sith Lords blieben seinem Sch\u00fcler damit verwehrt.<\/span><\/span><\/span><\/p>\n\n\n\n<p><span style=\"color: #1a1a1a;\"><span style=\"font-family: Arial, serif;\"><span style=\"font-size: medium;\">Darth Aestas beseitigte alle Spuren auf Ambria und kehrte zur\u00fcck nach Axxila. Dort baute er sich die Fassade eines leicht verschrobenen, selbsternannten Wissenschaftlers und Forschers auf. Dieser sollte durch eine gl\u00fcckliche F\u00fcgung zu Reichtum gekommen sein und diesen nun f\u00fcr die Erforschung bestimmter seltener, symbiotischer Lebensgemeinschaften in verschiedenen Teilen der Galaxie verwenden. Diese Legende machte es ihm m\u00f6glich, sich unauff\u00e4llig durch alle Sternensysteme zu bewegen und auch die abgelegensten Orte aufzusuchen. Auf Axxila nahm er zudem Unterricht bei Meistern verschiedener Kampfk\u00fcnste, &nbsp;um seine Fertigkeiten zu vertiefen und neue hinzuzuf\u00fcgen. Vorgeblich, um auf seinen zahlreichen Reisen mit Hilfe dieses Zeitvertreibs besser f\u00fcr seine pers\u00f6nliche Sicherheit sorgen zu k\u00f6nnen.<\/span><\/span><\/span><\/p>\n\n\n\n<p><span style=\"color: #1a1a1a;\"><span style=\"font-family: Arial, serif;\"><span style=\"font-size: medium;\">Die Datenbank der Inquisitoren leistete ihm weiter gute Dienste. Inzwischen hatte er diese selbst erheblich erweitert und erg\u00e4nzt. Er befasste sich mit allen Aspekten der Macht und vervollst\u00e4ndigte seine Kenntnisse \u00fcber die Jedi, die Sith und viele andere Fraktionen machtbegabter Wesen. Er fand zahlreiche alte Schriften und Artefakte beider Seiten und baute damit seine Bibliothek und Sammlung stetig aus.<\/span><\/span><\/span><\/p>\n\n\n\n<p><a name=\"_GoBack\"><\/a> <span style=\"color: #1a1a1a;\"><span style=\"font-family: Arial, serif;\"><span style=\"font-size: medium;\">Im Laufe der Zeit traf er auf das eine oder andere machtbegabte Wesen. Einige waren dabei sogar bereit gewisse Fertigkeiten weiterzugeben. Als besonders wichtige Quelle neuer Erkenntnisse erwies sich seine Freundschaft zu einer Tochter von Shelish, einer der letzten Nachtschwestern. Diese vermittelte ihm tiefere Einblicke in die Magie ihres Clans. Da eine Anwendung weitestgehend nur auf Dathomir m\u00f6glich war, hielt Darth Aestas sich dort eine l\u00e4ngere Zeit auf.<\/span><\/span><\/span><\/p>\n\n\n\n<p><span style=\"color: #1a1a1a;\"><span style=\"font-family: Arial, serif;\"><span style=\"font-size: medium;\">Das Wissen \u00fcber die Magie der Nachtschwestern, kombinierte er mit seinen Studien \u00fcber die antike Sith-Magie. Beides waren letztendlich besondere Wege, um mit Hilfe der Macht und durch die Macht bestimmte Ergebnisse hervorzurufen. Auch konnte er auf Dathomir Verkn\u00fcpfungen zu seinen Erkenntnissen \u00fcber Sith-Alchemie herstellen. Mit Hilfe der Macht lie\u00dfen sich Tinkturen, Gemische, allgemein chemische Verbindungen, in ihrer Wirkung deutlich ver\u00e4ndern.<\/span><\/span><\/span><\/p>\n\n\n\n<p><span style=\"color: #1a1a1a;\"><span style=\"font-family: Arial, serif;\"><span style=\"font-size: medium;\">W\u00e4hrend einer Expedition nach Rakata Prime, kam er in den Besitz seines wohl bedeutendsten Artefakts: Nach au\u00dfen ein unscheinbarer kleiner Silber-Anh\u00e4nger, war seine Auswirkung auf die Macht durchschlagend. Es zeigte sich, dass in dem Artefakt eine Art Macht-Singularit\u00e4t verankert war. Nach vertiefter \u00dcbung, erm\u00f6glichte&nbsp;es machtbegabten Wesen, in maximalem Umfang auf die Macht zuzugreifen. Dar\u00fcber hinaus verschleierte diese Machtverdichtung die Pr\u00e4senz des Tr\u00e4gers. Der Preis f\u00fcr die aktive Verwendung dieses Artefakts konnte aber hoch sein: Je nach der Intensit\u00e4t des Zugriffs auf den Fluss der Macht, ging auch Lebensenergie des Anwenders verloren. Durch den heilenden Einsatz der Macht, lie\u00df sich diese Schattenseite im Anschluss teilweise aber nie vollst\u00e4ndig ausgleichen. Das Artefakt trug Darth Aestas fortan an einer Halskette immer bei sich.<\/span><\/span><\/span><\/p>\n\n\n\n<p><span style=\"color: #1a1a1a;\"><span style=\"font-family: Arial, serif;\"><span style=\"font-size: medium;\">Nach vielen Jahren der Forschung und der Reisen zu zahlreichen Planeten, beschloss Darth Aestas seine Ansichten hinsichtlich der Zukunft der Sith in einem Strategiepapier festzuhalten; \u201eDie neue Doktrin der Sith\u201c wuchs Kapitel f\u00fcr Kapitel. <\/span><\/span><\/span><\/p>\n\n\n\n<p><span style=\"color: #1a1a1a;\"><span style=\"font-family: Arial, serif;\"><span style=\"font-size: medium;\">Im Jahr 34 ABY, als die Geschichte der V\u00f6lker der Galaxie eine neue Wendung zu nehmen begann, war er noch intensiv mit der Vollendung dieses Werkes befasst.<br><\/span><\/span><\/span><\/p>\n\n\n\n<hr class=\"wp-block-separator\"\/>\n\n\n\n<p><span style=\"font-size: xx-small;\"><br>Legal notice:<br>This is a private fansite. I like Star Wars very much. This is all this website is about.<br>This site is not endorsed by Lucasfilm Ltd. or The Walt Disney Company and is intended for entertainment and information purposes only.<br>The Official Star Wars site can be found at&nbsp;<a href=\"http:\/\/www.starwars.com\" target=\"_blank\" rel=\"noopener noreferrer\">www.starwars.com<\/a>.<br>Star Wars, the Star Wars logo, all names and pictures of Star Wars characters, vehicles and any other Star Wars related items are registered trademarks and\/or copyrights of Lucasfilm Ltd., or their respective trademark and copyright holders.<br><\/span><\/p>\n","protected":false},"excerpt":{"rendered":"<p>Darth Aestas Biografische InformationenHeimatwelt: AxxilaGeboren: 7 BBY AussehenSpezies: MenschGeschlecht: m\u00e4nnlichGr\u00f6\u00dfe: 1,85 mAugenfarbe: braun \/ rot Chronologische \/ politische Informationen\u00c4ra\/s: Galaktisches Imperium \/ Neue RepublikZugeh\u00f6rigkeit: SithMeister: Zolan (Inquisitor) \/ Gatekeeper \/ unabh\u00e4ngig \u201eEs gibt keine helle oder dunkle Seite der Macht. Die Macht ist eine universelle Kraft. Es muss Aufgabe der Sith sein, sich diese Macht &hellip; <a href=\"https:\/\/www.gerald-sommerer.de\/?page_id=538\" class=\"more-link\"><span class=\"screen-reader-text\">\u201eStar Wars &#8211; Darth Aestas \/ Biografie\u201c <\/span>weiterlesen<\/a><\/p>\n","protected":false},"author":1,"featured_media":0,"parent":0,"menu_order":0,"comment_status":"closed","ping_status":"closed","template":"","meta":{"footnotes":""},"class_list":["post-538","page","type-page","status-publish","hentry"],"_links":{"self":[{"href":"https:\/\/www.gerald-sommerer.de\/index.php?rest_route=\/wp\/v2\/pages\/538","targetHints":{"allow":["GET"]}}],"collection":[{"href":"https:\/\/www.gerald-sommerer.de\/index.php?rest_route=\/wp\/v2\/pages"}],"about":[{"href":"https:\/\/www.gerald-sommerer.de\/index.php?rest_route=\/wp\/v2\/types\/page"}],"author":[{"embeddable":true,"href":"https:\/\/www.gerald-sommerer.de\/index.php?rest_route=\/wp\/v2\/users\/1"}],"replies":[{"embeddable":true,"href":"https:\/\/www.gerald-sommerer.de\/index.php?rest_route=%2Fwp%2Fv2%2Fcomments&post=538"}],"version-history":[{"count":31,"href":"https:\/\/www.gerald-sommerer.de\/index.php?rest_route=\/wp\/v2\/pages\/538\/revisions"}],"predecessor-version":[{"id":2196,"href":"https:\/\/www.gerald-sommerer.de\/index.php?rest_route=\/wp\/v2\/pages\/538\/revisions\/2196"}],"wp:attachment":[{"href":"https:\/\/www.gerald-sommerer.de\/index.php?rest_route=%2Fwp%2Fv2%2Fmedia&parent=538"}],"curies":[{"name":"wp","href":"https:\/\/api.w.org\/{rel}","templated":true}]}}