{"id":943,"date":"2017-02-19T13:03:46","date_gmt":"2017-02-19T12:03:46","guid":{"rendered":"https:\/\/www.gerald-sommerer.de\/?page_id=943"},"modified":"2021-10-11T20:51:10","modified_gmt":"2021-10-11T18:51:10","slug":"star-wars-jawa-kostuem","status":"publish","type":"page","link":"https:\/\/www.gerald-sommerer.de\/?page_id=943","title":{"rendered":"Star Wars &#8211; Jawa \/ Kost\u00fcm"},"content":{"rendered":"\n<h4 class=\"wp-block-heading\"><strong>Jawa:<\/strong><\/h4>\n\n\n\n<p>Mein zweites Kost\u00fcm, ein staubiger Jawa. \ud83d\ude09<br>Alles selbst gebastelt, gen\u00e4ht, gel\u00f6tet, gesprayt&#8230;<br>Mit viel Unterst\u00fctzung durch Sandra! Danke noch mal!<\/p>\n\n\n\n<p>Sehr gute Hinweise und Tipps zum Jawa Cosplay gibt es im Krayt Clan Forum (in Englisch; Anmeldung n\u00f6tig!): <\/p>\n\n\n\n<p><a href=\"https:\/\/www.kraytclan.net\/forum\/topic\/6608-guests-please-read\/\" target=\"_blank\" rel=\"noreferrer noopener\">https:\/\/www.kraytclan.net\/forum\/topic\/6608-guests-please-read\/<\/a><\/p>\n\n\n\n<hr class=\"wp-block-separator\"\/>\n\n\n\n<p>Hier ein <a rel=\"noopener\" href=\"https:\/\/www.gerald-sommerer.de\/wp-content\/uploads\/2018\/03\/jawa_crl_vergleich.pdf\" target=\"_blank\">Vergleich<\/a> zwischen den neuen (2018) und alten CRLs.<\/p>\n\n\n\n<p>Und damit wurde ein Traum war! Approved von der GG! Seit Februar 2017 bin ich Mitglied bei der 501st Legion und freu mich wahnsinnig!<\/p>\n\n\n\n<hr class=\"wp-block-separator\"\/>\n\n\n\n<figure class=\"wp-block-gallery columns-2 is-cropped wp-block-gallery-2 is-layout-flex wp-block-gallery-is-layout-flex\"><ul class=\"blocks-gallery-grid\"><li class=\"blocks-gallery-item\"><figure><img loading=\"lazy\" decoding=\"async\" width=\"387\" height=\"1024\" src=\"https:\/\/www.gerald-sommerer.de\/wp-content\/uploads\/2019\/02\/gerald_sommerer_jawa_vorne-387x1024.jpg\" alt=\"Gerald Sommerer Jawa Vorne\" data-id=\"2152\" data-link=\"https:\/\/www.gerald-sommerer.de\/?attachment_id=2152\" class=\"wp-image-2152\" srcset=\"https:\/\/www.gerald-sommerer.de\/wp-content\/uploads\/2019\/02\/gerald_sommerer_jawa_vorne-387x1024.jpg 387w, https:\/\/www.gerald-sommerer.de\/wp-content\/uploads\/2019\/02\/gerald_sommerer_jawa_vorne-57x150.jpg 57w, https:\/\/www.gerald-sommerer.de\/wp-content\/uploads\/2019\/02\/gerald_sommerer_jawa_vorne-113x300.jpg 113w, https:\/\/www.gerald-sommerer.de\/wp-content\/uploads\/2019\/02\/gerald_sommerer_jawa_vorne.jpg 756w\" sizes=\"auto, (max-width: 387px) 85vw, 387px\" \/><\/figure><\/li><li class=\"blocks-gallery-item\"><figure><img loading=\"lazy\" decoding=\"async\" width=\"325\" height=\"1024\" src=\"https:\/\/www.gerald-sommerer.de\/wp-content\/uploads\/2019\/02\/gerald_sommerer_jawa_rechts-325x1024.jpg\" alt=\"Gerald Sommerer Jawa Rechts\" data-id=\"2151\" data-link=\"https:\/\/www.gerald-sommerer.de\/?attachment_id=2151\" class=\"wp-image-2151\" srcset=\"https:\/\/www.gerald-sommerer.de\/wp-content\/uploads\/2019\/02\/gerald_sommerer_jawa_rechts-325x1024.jpg 325w, https:\/\/www.gerald-sommerer.de\/wp-content\/uploads\/2019\/02\/gerald_sommerer_jawa_rechts-48x150.jpg 48w, https:\/\/www.gerald-sommerer.de\/wp-content\/uploads\/2019\/02\/gerald_sommerer_jawa_rechts-95x300.jpg 95w, https:\/\/www.gerald-sommerer.de\/wp-content\/uploads\/2019\/02\/gerald_sommerer_jawa_rechts.jpg 634w\" sizes=\"auto, (max-width: 325px) 85vw, 325px\" \/><\/figure><\/li><li class=\"blocks-gallery-item\"><figure><img loading=\"lazy\" decoding=\"async\" width=\"392\" height=\"1024\" src=\"https:\/\/www.gerald-sommerer.de\/wp-content\/uploads\/2019\/02\/gerald_sommerer_jawa_pose-392x1024.jpg\" alt=\"Gerald Sommerer Jawa Pose\" data-id=\"2150\" data-link=\"https:\/\/www.gerald-sommerer.de\/?attachment_id=2150\" class=\"wp-image-2150\" srcset=\"https:\/\/www.gerald-sommerer.de\/wp-content\/uploads\/2019\/02\/gerald_sommerer_jawa_pose-392x1024.jpg 392w, https:\/\/www.gerald-sommerer.de\/wp-content\/uploads\/2019\/02\/gerald_sommerer_jawa_pose-57x150.jpg 57w, https:\/\/www.gerald-sommerer.de\/wp-content\/uploads\/2019\/02\/gerald_sommerer_jawa_pose-115x300.jpg 115w, https:\/\/www.gerald-sommerer.de\/wp-content\/uploads\/2019\/02\/gerald_sommerer_jawa_pose.jpg 765w\" sizes=\"auto, (max-width: 392px) 85vw, 392px\" \/><\/figure><\/li><li class=\"blocks-gallery-item\"><figure><img loading=\"lazy\" decoding=\"async\" width=\"326\" height=\"1024\" src=\"https:\/\/www.gerald-sommerer.de\/wp-content\/uploads\/2019\/02\/gerald_sommerer_jawa_links-326x1024.jpg\" alt=\"Gerald Sommerer Jawa Links\" data-id=\"2149\" data-link=\"https:\/\/www.gerald-sommerer.de\/?attachment_id=2149\" class=\"wp-image-2149\" srcset=\"https:\/\/www.gerald-sommerer.de\/wp-content\/uploads\/2019\/02\/gerald_sommerer_jawa_links-326x1024.jpg 326w, https:\/\/www.gerald-sommerer.de\/wp-content\/uploads\/2019\/02\/gerald_sommerer_jawa_links-48x150.jpg 48w, https:\/\/www.gerald-sommerer.de\/wp-content\/uploads\/2019\/02\/gerald_sommerer_jawa_links.jpg 636w\" sizes=\"auto, (max-width: 326px) 85vw, 326px\" \/><\/figure><\/li><\/ul><\/figure>\n\n\n\n<hr class=\"wp-block-separator\"\/>\n\n\n\n<p><span style=\"font-size: xx-small;\"><br>Legal notice:<br>This is a private fansite. I like Star Wars very much. This is all this website is about.<br>This site is not endorsed by Lucasfilm Ltd. or The Walt Disney Company and is intended for entertainment and information purposes only.<br>The Official Star Wars site can be found at&nbsp;<a href=\"http:\/\/www.starwars.com\" target=\"_blank\" rel=\"noopener noreferrer\">www.starwars.com<\/a>.<br>Star Wars, the Star Wars logo, all names and pictures of Star Wars characters, vehicles and any other Star Wars related items are registered trademarks and\/or copyrights of Lucasfilm Ltd., or their respective trademark and copyright holders.<br><\/span><\/p>\n","protected":false},"excerpt":{"rendered":"<p>Jawa: Mein zweites Kost\u00fcm, ein staubiger Jawa. \ud83d\ude09Alles selbst gebastelt, gen\u00e4ht, gel\u00f6tet, gesprayt&#8230;Mit viel Unterst\u00fctzung durch Sandra! Danke noch mal! Sehr gute Hinweise und Tipps zum Jawa Cosplay gibt es im Krayt Clan Forum (in Englisch; Anmeldung n\u00f6tig!): https:\/\/www.kraytclan.net\/forum\/topic\/6608-guests-please-read\/ Hier ein Vergleich zwischen den neuen (2018) und alten CRLs. Und damit wurde ein Traum war! &hellip; <a href=\"https:\/\/www.gerald-sommerer.de\/?page_id=943\" class=\"more-link\"><span class=\"screen-reader-text\">\u201eStar Wars &#8211; Jawa \/ Kost\u00fcm\u201c <\/span>weiterlesen<\/a><\/p>\n","protected":false},"author":1,"featured_media":0,"parent":0,"menu_order":0,"comment_status":"closed","ping_status":"closed","template":"","meta":{"footnotes":""},"class_list":["post-943","page","type-page","status-publish","hentry"],"_links":{"self":[{"href":"https:\/\/www.gerald-sommerer.de\/index.php?rest_route=\/wp\/v2\/pages\/943","targetHints":{"allow":["GET"]}}],"collection":[{"href":"https:\/\/www.gerald-sommerer.de\/index.php?rest_route=\/wp\/v2\/pages"}],"about":[{"href":"https:\/\/www.gerald-sommerer.de\/index.php?rest_route=\/wp\/v2\/types\/page"}],"author":[{"embeddable":true,"href":"https:\/\/www.gerald-sommerer.de\/index.php?rest_route=\/wp\/v2\/users\/1"}],"replies":[{"embeddable":true,"href":"https:\/\/www.gerald-sommerer.de\/index.php?rest_route=%2Fwp%2Fv2%2Fcomments&post=943"}],"version-history":[{"count":20,"href":"https:\/\/www.gerald-sommerer.de\/index.php?rest_route=\/wp\/v2\/pages\/943\/revisions"}],"predecessor-version":[{"id":3029,"href":"https:\/\/www.gerald-sommerer.de\/index.php?rest_route=\/wp\/v2\/pages\/943\/revisions\/3029"}],"wp:attachment":[{"href":"https:\/\/www.gerald-sommerer.de\/index.php?rest_route=%2Fwp%2Fv2%2Fmedia&parent=943"}],"curies":[{"name":"wp","href":"https:\/\/api.w.org\/{rel}","templated":true}]}}