{"id":966,"date":"2017-05-13T13:33:51","date_gmt":"2017-05-13T11:33:51","guid":{"rendered":"https:\/\/www.gerald-sommerer.de\/?page_id=966"},"modified":"2019-02-20T21:17:53","modified_gmt":"2019-02-20T20:17:53","slug":"star-wars-tie-pilot-reserve-pilot-kostuem","status":"publish","type":"page","link":"https:\/\/www.gerald-sommerer.de\/?page_id=966","title":{"rendered":"Star Wars &#8211; TIE Pilot: Reserve Pilot \/ Kost\u00fcm"},"content":{"rendered":"\n<h4 class=\"wp-block-heading\"><b>TIE Pilot: Reserve Pilot:<\/b><\/h4>\n\n\n\n<p>Mein drittes Star Wars Kost\u00fcm Projekt, der TIE Pilot: Reserve Pilot.<\/p>\n\n\n\n<p>Vielen Dank an Bettina und Steven f\u00fcr die Unterst\u00fctzung und Beantwortung meiner zahlreichen Fragen! \ud83d\ude42<\/p>\n\n\n\n<p>Seit Juni 2017 &#8222;approved by the 501st&#8220;. Super Sache!<\/p>\n\n\n\n<hr class=\"wp-block-separator\"\/>\n\n\n\n<ul class=\"wp-block-gallery columns-2 is-cropped wp-block-gallery-2 is-layout-flex wp-block-gallery-is-layout-flex\"><li class=\"blocks-gallery-item\"><figure><a href=\"https:\/\/www.gerald-sommerer.de\/?attachment_id=2140\"><img loading=\"lazy\" decoding=\"async\" width=\"348\" height=\"1024\" src=\"https:\/\/www.gerald-sommerer.de\/wp-content\/uploads\/2019\/02\/gerald_sommerer_tie_reserve_vorne-348x1024.jpg\" alt=\"Gerald Sommerer TIE Reserve Vorne\" data-id=\"2140\" data-link=\"https:\/\/www.gerald-sommerer.de\/?attachment_id=2140\" class=\"wp-image-2140\" srcset=\"https:\/\/www.gerald-sommerer.de\/wp-content\/uploads\/2019\/02\/gerald_sommerer_tie_reserve_vorne-348x1024.jpg 348w, https:\/\/www.gerald-sommerer.de\/wp-content\/uploads\/2019\/02\/gerald_sommerer_tie_reserve_vorne-51x150.jpg 51w, https:\/\/www.gerald-sommerer.de\/wp-content\/uploads\/2019\/02\/gerald_sommerer_tie_reserve_vorne-102x300.jpg 102w, https:\/\/www.gerald-sommerer.de\/wp-content\/uploads\/2019\/02\/gerald_sommerer_tie_reserve_vorne.jpg 679w\" sizes=\"auto, (max-width: 348px) 85vw, 348px\" \/><\/a><\/figure><\/li><li class=\"blocks-gallery-item\"><figure><a href=\"https:\/\/www.gerald-sommerer.de\/?attachment_id=2139\"><img loading=\"lazy\" decoding=\"async\" width=\"275\" height=\"1024\" src=\"https:\/\/www.gerald-sommerer.de\/wp-content\/uploads\/2019\/02\/gerald_sommerer_tie_reserve_rechts-275x1024.jpg\" alt=\"Gerald Sommerer TIE Reserve Rechts\" data-id=\"2139\" data-link=\"https:\/\/www.gerald-sommerer.de\/?attachment_id=2139\" class=\"wp-image-2139\" srcset=\"https:\/\/www.gerald-sommerer.de\/wp-content\/uploads\/2019\/02\/gerald_sommerer_tie_reserve_rechts-275x1024.jpg 275w, https:\/\/www.gerald-sommerer.de\/wp-content\/uploads\/2019\/02\/gerald_sommerer_tie_reserve_rechts-40x150.jpg 40w\" sizes=\"auto, (max-width: 275px) 85vw, 275px\" \/><\/a><\/figure><\/li><li class=\"blocks-gallery-item\"><figure><a href=\"https:\/\/www.gerald-sommerer.de\/?attachment_id=2137\"><img loading=\"lazy\" decoding=\"async\" width=\"337\" height=\"1024\" src=\"https:\/\/www.gerald-sommerer.de\/wp-content\/uploads\/2019\/02\/gerald_sommerer_tie_reserve_pose1-337x1024.jpg\" alt=\"Gerald Sommerer TIE Reserve Pose1\" data-id=\"2137\" data-link=\"https:\/\/www.gerald-sommerer.de\/?attachment_id=2137\" class=\"wp-image-2137\" srcset=\"https:\/\/www.gerald-sommerer.de\/wp-content\/uploads\/2019\/02\/gerald_sommerer_tie_reserve_pose1-337x1024.jpg 337w, https:\/\/www.gerald-sommerer.de\/wp-content\/uploads\/2019\/02\/gerald_sommerer_tie_reserve_pose1-49x150.jpg 49w, https:\/\/www.gerald-sommerer.de\/wp-content\/uploads\/2019\/02\/gerald_sommerer_tie_reserve_pose1-99x300.jpg 99w, https:\/\/www.gerald-sommerer.de\/wp-content\/uploads\/2019\/02\/gerald_sommerer_tie_reserve_pose1.jpg 658w\" sizes=\"auto, (max-width: 337px) 85vw, 337px\" \/><\/a><\/figure><\/li><li class=\"blocks-gallery-item\"><figure><a href=\"https:\/\/www.gerald-sommerer.de\/?attachment_id=2136\"><img loading=\"lazy\" decoding=\"async\" width=\"266\" height=\"1024\" src=\"https:\/\/www.gerald-sommerer.de\/wp-content\/uploads\/2019\/02\/gerald_sommerer_tie_reserve_links-266x1024.jpg\" alt=\"Gerald Sommerer TIE Reserve Links\" data-id=\"2136\" data-link=\"https:\/\/www.gerald-sommerer.de\/?attachment_id=2136\" class=\"wp-image-2136\" srcset=\"https:\/\/www.gerald-sommerer.de\/wp-content\/uploads\/2019\/02\/gerald_sommerer_tie_reserve_links-266x1024.jpg 266w, https:\/\/www.gerald-sommerer.de\/wp-content\/uploads\/2019\/02\/gerald_sommerer_tie_reserve_links-39x150.jpg 39w, https:\/\/www.gerald-sommerer.de\/wp-content\/uploads\/2019\/02\/gerald_sommerer_tie_reserve_links-78x300.jpg 78w, https:\/\/www.gerald-sommerer.de\/wp-content\/uploads\/2019\/02\/gerald_sommerer_tie_reserve_links.jpg 519w\" sizes=\"auto, (max-width: 266px) 85vw, 266px\" \/><\/a><\/figure><\/li><li class=\"blocks-gallery-item\"><figure><a href=\"https:\/\/www.gerald-sommerer.de\/?attachment_id=2138\"><img loading=\"lazy\" decoding=\"async\" width=\"363\" height=\"1024\" src=\"https:\/\/www.gerald-sommerer.de\/wp-content\/uploads\/2019\/02\/gerald_sommerer_tie_reserve_pose2-363x1024.jpg\" alt=\"Gerald Sommerer TIE Reserve Pose2\" data-id=\"2138\" data-link=\"https:\/\/www.gerald-sommerer.de\/?attachment_id=2138\" class=\"wp-image-2138\" srcset=\"https:\/\/www.gerald-sommerer.de\/wp-content\/uploads\/2019\/02\/gerald_sommerer_tie_reserve_pose2-363x1024.jpg 363w, https:\/\/www.gerald-sommerer.de\/wp-content\/uploads\/2019\/02\/gerald_sommerer_tie_reserve_pose2-53x150.jpg 53w, https:\/\/www.gerald-sommerer.de\/wp-content\/uploads\/2019\/02\/gerald_sommerer_tie_reserve_pose2-106x300.jpg 106w, https:\/\/www.gerald-sommerer.de\/wp-content\/uploads\/2019\/02\/gerald_sommerer_tie_reserve_pose2.jpg 709w\" sizes=\"auto, (max-width: 363px) 85vw, 363px\" \/><\/a><\/figure><\/li><\/ul>\n\n\n\n<hr class=\"wp-block-separator\"\/>\n\n\n\n<p><strong>F\u00fcr das Kost\u00fcm habe ich folgende Teile verwendet:<\/strong><\/p>\n\n\n\n<p><strong>Required Costume Components:<\/strong><\/p>\n\n\n\n<p>Imperial Hat, black: WampaWear<br>Imperial Code Disc: Klaus&#8217;s Fr\u00e4sst\u00fcberl<\/p>\n\n\n\n<p>Black Imperial Flight Suit: WampaWear<br>Imperial Patches, Vinyl<\/p>\n\n\n\n<p>Imperial Communications Pad, black, no LEDs: Klaus&#8217;s Fr\u00e4sst\u00fcberl<\/p>\n\n\n\n<p>Black Gauntlet Gloves, leather: WampaWear<\/p>\n\n\n\n<p>Belt, leather: Klaus&#8217;s Fr\u00e4sst\u00fcberl<br>Buckle, curved: Klaus&#8217;s Fr\u00e4sst\u00fcberl<br>Code Disc: Klaus&#8217;s Fr\u00e4sst\u00fcberl<\/p>\n\n\n\n<p>Boots, leather, BW Marine Knobelbecher: Ebay<\/p>\n\n\n\n<hr class=\"wp-block-separator\"\/>\n\n\n\n<p><strong>Optional Accessories:<\/strong><\/p>\n\n\n\n<p>Code Cylinder, 3 x: Klaus&#8217;s Fr\u00e4sst\u00fcberl<\/p>\n\n\n\n<p>DL-44 Blaster: CraftworkProps\/Axel Freisinger<br>Merr-Sonn Power 5 Blaster: Tie Kai<br>E-11 Blaster: Tie Kai<\/p>\n\n\n\n<p>Holster, black, leather: Boris, Kell Dragon (UK)<\/p>\n\n\n\n<hr class=\"wp-block-separator\"\/>\n\n\n\n<p><span style=\"font-size: xx-small;\"><br>Legal notice:<br>This is a private fansite. I like Star Wars very much. This is all this website is about.<br>This site is not endorsed by Lucasfilm Ltd. or The Walt Disney Company and is intended for entertainment and information purposes only.<br>The Official Star Wars site can be found at&nbsp;<a href=\"http:\/\/www.starwars.com\" target=\"_blank\" rel=\"noopener noreferrer\">www.starwars.com<\/a>.<br>Star Wars, the Star Wars logo, all names and pictures of Star Wars characters, vehicles and any other Star Wars related items are registered trademarks and\/or copyrights of Lucasfilm Ltd., or their respective trademark and copyright holders.<br><\/span><\/p>\n","protected":false},"excerpt":{"rendered":"<p>TIE Pilot: Reserve Pilot: Mein drittes Star Wars Kost\u00fcm Projekt, der TIE Pilot: Reserve Pilot. Vielen Dank an Bettina und Steven f\u00fcr die Unterst\u00fctzung und Beantwortung meiner zahlreichen Fragen! \ud83d\ude42 Seit Juni 2017 &#8222;approved by the 501st&#8220;. Super Sache! F\u00fcr das Kost\u00fcm habe ich folgende Teile verwendet: Required Costume Components: Imperial Hat, black: WampaWearImperial Code &hellip; <a href=\"https:\/\/www.gerald-sommerer.de\/?page_id=966\" class=\"more-link\"><span class=\"screen-reader-text\">\u201eStar Wars &#8211; TIE Pilot: Reserve Pilot \/ Kost\u00fcm\u201c <\/span>weiterlesen<\/a><\/p>\n","protected":false},"author":1,"featured_media":0,"parent":0,"menu_order":0,"comment_status":"closed","ping_status":"closed","template":"","meta":{"footnotes":""},"class_list":["post-966","page","type-page","status-publish","hentry"],"_links":{"self":[{"href":"https:\/\/www.gerald-sommerer.de\/index.php?rest_route=\/wp\/v2\/pages\/966","targetHints":{"allow":["GET"]}}],"collection":[{"href":"https:\/\/www.gerald-sommerer.de\/index.php?rest_route=\/wp\/v2\/pages"}],"about":[{"href":"https:\/\/www.gerald-sommerer.de\/index.php?rest_route=\/wp\/v2\/types\/page"}],"author":[{"embeddable":true,"href":"https:\/\/www.gerald-sommerer.de\/index.php?rest_route=\/wp\/v2\/users\/1"}],"replies":[{"embeddable":true,"href":"https:\/\/www.gerald-sommerer.de\/index.php?rest_route=%2Fwp%2Fv2%2Fcomments&post=966"}],"version-history":[{"count":18,"href":"https:\/\/www.gerald-sommerer.de\/index.php?rest_route=\/wp\/v2\/pages\/966\/revisions"}],"predecessor-version":[{"id":2146,"href":"https:\/\/www.gerald-sommerer.de\/index.php?rest_route=\/wp\/v2\/pages\/966\/revisions\/2146"}],"wp:attachment":[{"href":"https:\/\/www.gerald-sommerer.de\/index.php?rest_route=%2Fwp%2Fv2%2Fmedia&parent=966"}],"curies":[{"name":"wp","href":"https:\/\/api.w.org\/{rel}","templated":true}]}}